{"id":9858,"date":"2026-05-07T02:05:36","date_gmt":"2026-05-07T02:05:36","guid":{"rendered":"https:\/\/americannutrition.es\/?post_type=product&#038;p=9858"},"modified":"2026-05-07T02:25:31","modified_gmt":"2026-05-07T02:25:31","slug":"protein-waffle-caja-12-unidades","status":"publish","type":"product","link":"https:\/\/americannutrition.es\/fr\/productos\/protein-waffle-caja-12-unidades","title":{"rendered":"PROTEIN WAFFLE (caja 12 unidades)"},"content":{"rendered":"<section class=\"product-description\">\n<details open=\"\">\n<summary><strong>Descripci\u00f3n del producto<\/strong><\/summary>\n<p><strong><span dir=\"auto\">Nuestros esponjosos gofres cubiertos de delicioso chocolate belga establecen un nuevo est\u00e1ndar en nutrici\u00f3n orientada al fitness.<br \/>\n<\/span><\/strong><span dir=\"auto\">Los waffles de prote\u00edna<\/span><span dir=\"auto\">\u00a0GoFitness\u00a0son la combinaci\u00f3n perfecta de\u00a0prote\u00edna y delicioso sabor\u00a0. Cada waffle aporta\u00a014 g de prote\u00edna por porci\u00f3n\u00a0y es\u00a0bajo en carbohidratos<\/span><span dir=\"auto\">\u00a0, lo que lo hace ideal para una dieta equilibrada y para favorecer el crecimiento muscular. Perfectos para llevar, despu\u00e9s de entrenar o como un peque\u00f1o tentempi\u00e9 entre comidas.<\/span><strong><span dir=\"auto\"><br \/>\n<\/span><\/strong><\/p>\n<\/details>\n<details>\n<summary><strong>Caracter\u00edsticas principales<\/strong><\/summary>\n<ul>\n<li>11 g de prote\u00edna por <span dir=\"auto\">waffle<\/span><\/li>\n<li>Menos de 1 g de az\u00facar por <span dir=\"auto\">waffle<\/span><\/li>\n<li>\u00a1S\u00faper suave!<\/li>\n<\/ul>\n<\/details>\n<details>\n<summary><strong>Instrucciones de almacenamiento<\/strong><\/summary>\n<p>Conservar en un lugar fresco y seco.<\/p>\n<\/details>\n<details>\n<summary><strong>Presentaci\u00f3n<\/strong><\/summary>\n<ul>\n<li><strong>Pr\u00e9sentation:<\/strong> <span dir=\"auto\">Cajas de 12 waffles.<\/span><\/li>\n<li><strong>Peso de cada pancake:<\/strong> 50 gr.<\/li>\n<\/ul>\n<\/details>\n<details>\n<summary><strong>Ingr\u00e9dients<\/strong><\/summary>\n<p>Huevos, edulcorante: maltitol (18%); aceites vegetales (colza, coco); harina de trigo, p\u00e9ptidos de col\u00e1geno (bovino), prote\u00edna de leche, prote\u00edna de soja, fibra diet\u00e9tica (fructooligosac\u00e1ridos), harina de soja, estabilizante: sorbitol, glicerina; almid\u00f3n de ma\u00edz modificado, aroma natural, gasificantes: difosfatos, carbonato de sodio y fosfato de calcio; sal, emulgente: lecitina de soja y mono y diglic\u00e9ridos de \u00e1cidos grasos; conservante: sorbato de potasio; correctores de acidez: \u00e1cido c\u00edtrico y acetato de sodio. Contiene az\u00facares naturalmente presentes.<\/p>\n<\/details>\n<details>\n<summary><strong>Informaci\u00f3n nutricional<\/strong><\/summary>\n<p><img data-recalc-dims=\"1\" fetchpriority=\"high\" decoding=\"async\" data-attachment-id=\"9873\" data-permalink=\"https:\/\/americannutrition.es\/fr\/?attachment_id=9873\" data-orig-file=\"https:\/\/i0.wp.com\/americannutrition.es\/wp-content\/uploads\/2026\/05\/protein_waffle.webp?fit=970%2C703&amp;ssl=1\" data-orig-size=\"970,703\" data-comments-opened=\"1\" data-image-meta=\"{&quot;aperture&quot;:&quot;0&quot;,&quot;credit&quot;:&quot;&quot;,&quot;camera&quot;:&quot;&quot;,&quot;caption&quot;:&quot;&quot;,&quot;created_timestamp&quot;:&quot;0&quot;,&quot;copyright&quot;:&quot;&quot;,&quot;focal_length&quot;:&quot;0&quot;,&quot;iso&quot;:&quot;0&quot;,&quot;shutter_speed&quot;:&quot;0&quot;,&quot;title&quot;:&quot;&quot;,&quot;orientation&quot;:&quot;0&quot;}\" data-image-title=\"protein_waffle\" data-image-description=\"\" data-image-caption=\"\" data-large-file=\"https:\/\/i0.wp.com\/americannutrition.es\/wp-content\/uploads\/2026\/05\/protein_waffle.webp?fit=800%2C580&amp;ssl=1\" class=\"alignnone wp-image-9873 size-full\" src=\"https:\/\/i0.wp.com\/americannutrition.es\/wp-content\/uploads\/2026\/05\/protein_waffle.webp?resize=800%2C580&#038;ssl=1\" alt=\"\" width=\"800\" height=\"580\" srcset=\"https:\/\/i0.wp.com\/americannutrition.es\/wp-content\/uploads\/2026\/05\/protein_waffle.webp?w=970&amp;ssl=1 970w, https:\/\/i0.wp.com\/americannutrition.es\/wp-content\/uploads\/2026\/05\/protein_waffle.webp?resize=300%2C217&amp;ssl=1 300w, https:\/\/i0.wp.com\/americannutrition.es\/wp-content\/uploads\/2026\/05\/protein_waffle.webp?resize=768%2C557&amp;ssl=1 768w, https:\/\/i0.wp.com\/americannutrition.es\/wp-content\/uploads\/2026\/05\/protein_waffle.webp?resize=18%2C12&amp;ssl=1 18w, https:\/\/i0.wp.com\/americannutrition.es\/wp-content\/uploads\/2026\/05\/protein_waffle.webp?resize=600%2C435&amp;ssl=1 600w, https:\/\/i0.wp.com\/americannutrition.es\/wp-content\/uploads\/2026\/05\/protein_waffle.webp?resize=64%2C46&amp;ssl=1 64w\" sizes=\"(max-width: 800px) 100vw, 800px\" \/><\/p>\n<p><em>*VRN: Valor de Referencia de Nutriente seg\u00fan Reglamento (UE) 1169\/2011.<\/em><\/p>\n<\/details>\n<\/section>\n<p>&nbsp;<\/p>","protected":false},"excerpt":{"rendered":"<section class=\"product-description\">\n<details open=\"\">\n<summary><strong>Descripci\u00f3n del producto<\/strong><\/summary>\n<p><strong><span dir=\"auto\">Nuestros esponjosos gofres cubiertos de delicioso chocolate belga establecen un nuevo est\u00e1ndar en nutrici\u00f3n orientada al fitness.<br \/>\n<\/span><\/strong><span dir=\"auto\">Los waffles de prote\u00edna<\/span><span dir=\"auto\">\u00a0GoFitness\u00a0son la combinaci\u00f3n perfecta de\u00a0prote\u00edna y delicioso sabor\u00a0. Cada waffle aporta\u00a014 g de prote\u00edna por porci\u00f3n\u00a0y es\u00a0bajo en carbohidratos<\/span><span dir=\"auto\">\u00a0, lo que lo hace ideal para una dieta equilibrada y para favorecer el crecimiento muscular. Perfectos para llevar, despu\u00e9s de entrenar o como un peque\u00f1o tentempi\u00e9 entre comidas.<\/span><strong><span dir=\"auto\"><br \/>\n<\/span><\/strong><\/p>\n<\/details>\n<details>\n<summary><strong>Caracter\u00edsticas principales<\/strong><\/summary>\n<ul>\n<li>11 g de prote\u00edna por <span dir=\"auto\">waffle<\/span><\/li>\n<li>Menos de 1 g de az\u00facar por <span dir=\"auto\">waffle<\/span><\/li>\n<li>\u00a1S\u00faper suave!<\/li>\n<\/ul>\n<\/details>\n<details>\n<summary><strong>Instrucciones de almacenamiento<\/strong><\/summary>\n<p>Conservar en un lugar fresco y seco.<\/p>\n<\/details>\n<details>\n<summary><strong>Presentaci\u00f3n<\/strong><\/summary>\n<ul>\n<li><strong>Pr\u00e9sentation:<\/strong> <span dir=\"auto\">Cajas de 12 waffles.<\/span><\/li>\n<li><strong>Peso de cada pancake:<\/strong> 50 gr.<\/li>\n<\/ul>\n<\/details>\n<details>\n<summary><strong>Ingr\u00e9dients<\/strong><\/summary>\n<p>Huevos, edulcorante: maltitol (18%); aceites vegetales (colza, coco); harina de trigo, p\u00e9ptidos de col\u00e1geno (bovino), prote\u00edna de leche, prote\u00edna de soja, fibra diet\u00e9tica (fructooligosac\u00e1ridos), harina de soja, estabilizante: sorbitol, glicerina; almid\u00f3n de ma\u00edz modificado, aroma natural, gasificantes: difosfatos, carbonato de sodio y fosfato de calcio; sal, emulgente: lecitina de soja y mono y diglic\u00e9ridos de \u00e1cidos grasos; conservante: sorbato de potasio; correctores de acidez: \u00e1cido c\u00edtrico y acetato de sodio. Contiene az\u00facares naturalmente presentes.<\/p>\n<\/details>\n<details>\n<summary><strong>Informaci\u00f3n nutricional<\/strong><\/summary>\n<p><img decoding=\"async\" class=\"alignnone wp-image-9873 size-full\" src=\"https:\/\/americannutrition.es\/wp-content\/uploads\/2026\/05\/protein_waffle.webp\" alt=\"\" width=\"970\" height=\"703\" srcset=\"https:\/\/i0.wp.com\/americannutrition.es\/wp-content\/uploads\/2026\/05\/protein_waffle.webp?w=970&amp;ssl=1 970w, https:\/\/i0.wp.com\/americannutrition.es\/wp-content\/uploads\/2026\/05\/protein_waffle.webp?resize=300%2C217&amp;ssl=1 300w, https:\/\/i0.wp.com\/americannutrition.es\/wp-content\/uploads\/2026\/05\/protein_waffle.webp?resize=768%2C557&amp;ssl=1 768w, https:\/\/i0.wp.com\/americannutrition.es\/wp-content\/uploads\/2026\/05\/protein_waffle.webp?resize=18%2C12&amp;ssl=1 18w, https:\/\/i0.wp.com\/americannutrition.es\/wp-content\/uploads\/2026\/05\/protein_waffle.webp?resize=600%2C435&amp;ssl=1 600w, https:\/\/i0.wp.com\/americannutrition.es\/wp-content\/uploads\/2026\/05\/protein_waffle.webp?resize=64%2C46&amp;ssl=1 64w\" sizes=\"(max-width: 970px) 100vw, 970px\" \/><\/p>\n<p><em>*VRN: Valor de Referencia de Nutriente seg\u00fan Reglamento (UE) 1169\/2011.<\/em><\/p>\n<\/details>\n<\/section>","protected":false},"featured_media":9874,"comment_status":"open","ping_status":"closed","template":"","meta":[],"product_brand":[],"product_cat":[514],"product_tag":[],"class_list":{"0":"post-9858","1":"product","2":"type-product","3":"status-publish","4":"has-post-thumbnail","6":"product_cat-mr-chef","8":"first","9":"instock","10":"shipping-taxable","11":"purchasable","12":"product-type-variable"},"yoast_head":"<!-- This site is optimized with the Yoast SEO plugin v27.5 - https:\/\/yoast.com\/product\/yoast-seo-wordpress\/ -->\n<title>PROTEIN WAFFLE (caja 12 unidades) - American Nutrition\u00ae Store<\/title>\n<meta name=\"description\" content=\"\u00bfQuieres mejorar tu comida sin sacrificar prote\u00ednas ni a\u00f1adir az\u00facar? \u00a1Entonces an\u00edmate y compra PROTEIN WAFFLE (caja 12 unidades) - American Nutrition\u00ae Store\" \/>\n<meta name=\"robots\" content=\"index, follow, max-snippet:-1, max-image-preview:large, max-video-preview:-1\" \/>\n<link rel=\"canonical\" href=\"https:\/\/americannutrition.es\/fr\/productos\/protein-waffle-caja-12-unidades\/\" \/>\n<meta property=\"og:locale\" content=\"fr_FR\" \/>\n<meta property=\"og:type\" content=\"article\" \/>\n<meta property=\"og:title\" content=\"PROTEIN WAFFLE (caja 12 unidades) - American Nutrition\u00ae Store\" \/>\n<meta property=\"og:description\" content=\"PROTEIN WAFFLE (caja 12 unidades) de GoFitness\" \/>\n<meta property=\"og:url\" content=\"https:\/\/americannutrition.es\/fr\/productos\/protein-waffle-caja-12-unidades\/\" \/>\n<meta property=\"og:site_name\" content=\"American Nutrition\u00ae Store\" \/>\n<meta property=\"article:publisher\" content=\"https:\/\/www.facebook.com\/American.Nutrition\/\" \/>\n<meta property=\"article:modified_time\" content=\"2026-05-07T02:25:31+00:00\" \/>\n<meta property=\"og:image\" content=\"https:\/\/americannutrition.es\/wp-content\/uploads\/2026\/05\/Waffle-Ueberblick-1.webp\" \/>\n\t<meta property=\"og:image:width\" content=\"1500\" \/>\n\t<meta property=\"og:image:height\" content=\"1566\" \/>\n\t<meta property=\"og:image:type\" content=\"image\/webp\" \/>\n<meta name=\"twitter:card\" content=\"summary_large_image\" \/>\n<meta name=\"twitter:site\" content=\"@americanutri\" \/>\n<meta name=\"twitter:label1\" content=\"Dur\u00e9e de lecture estim\u00e9e\" \/>\n\t<meta name=\"twitter:data1\" content=\"2 minutes\" \/>\n<script type=\"application\/ld+json\" class=\"yoast-schema-graph\">{\"@context\":\"https:\\\/\\\/schema.org\",\"@graph\":[{\"@type\":\"WebPage\",\"@id\":\"https:\\\/\\\/americannutrition.es\\\/productos\\\/protein-waffle-caja-12-unidades\",\"url\":\"https:\\\/\\\/americannutrition.es\\\/productos\\\/protein-waffle-caja-12-unidades\",\"name\":\"PROTEIN WAFFLE (caja 12 unidades) - American Nutrition\u00ae Store\",\"isPartOf\":{\"@id\":\"https:\\\/\\\/americannutrition.es\\\/#website\"},\"primaryImageOfPage\":{\"@id\":\"https:\\\/\\\/americannutrition.es\\\/productos\\\/protein-waffle-caja-12-unidades#primaryimage\"},\"image\":{\"@id\":\"https:\\\/\\\/americannutrition.es\\\/productos\\\/protein-waffle-caja-12-unidades#primaryimage\"},\"thumbnailUrl\":\"https:\\\/\\\/i0.wp.com\\\/americannutrition.es\\\/wp-content\\\/uploads\\\/2026\\\/05\\\/Waffle-Ueberblick-1.webp?fit=1500%2C1566&ssl=1\",\"datePublished\":\"2026-05-07T02:05:36+00:00\",\"dateModified\":\"2026-05-07T02:25:31+00:00\",\"description\":\"\u00bfQuieres mejorar tu comida sin sacrificar prote\u00ednas ni a\u00f1adir az\u00facar? \u00a1Entonces an\u00edmate y compra PROTEIN WAFFLE (caja 12 unidades) - American Nutrition\u00ae Store\",\"breadcrumb\":{\"@id\":\"https:\\\/\\\/americannutrition.es\\\/productos\\\/protein-waffle-caja-12-unidades#breadcrumb\"},\"inLanguage\":\"fr-FR\",\"potentialAction\":[{\"@type\":\"ReadAction\",\"target\":[\"https:\\\/\\\/americannutrition.es\\\/productos\\\/protein-waffle-caja-12-unidades\"]}]},{\"@type\":\"ImageObject\",\"inLanguage\":\"fr-FR\",\"@id\":\"https:\\\/\\\/americannutrition.es\\\/productos\\\/protein-waffle-caja-12-unidades#primaryimage\",\"url\":\"https:\\\/\\\/i0.wp.com\\\/americannutrition.es\\\/wp-content\\\/uploads\\\/2026\\\/05\\\/Waffle-Ueberblick-1.webp?fit=1500%2C1566&ssl=1\",\"contentUrl\":\"https:\\\/\\\/i0.wp.com\\\/americannutrition.es\\\/wp-content\\\/uploads\\\/2026\\\/05\\\/Waffle-Ueberblick-1.webp?fit=1500%2C1566&ssl=1\",\"width\":1500,\"height\":1566},{\"@type\":\"BreadcrumbList\",\"@id\":\"https:\\\/\\\/americannutrition.es\\\/productos\\\/protein-waffle-caja-12-unidades#breadcrumb\",\"itemListElement\":[{\"@type\":\"ListItem\",\"position\":1,\"name\":\"Portada\",\"item\":\"https:\\\/\\\/americannutrition.es\\\/\"},{\"@type\":\"ListItem\",\"position\":2,\"name\":\"Productos\",\"item\":\"https:\\\/\\\/americannutrition.es\\\/productos\"},{\"@type\":\"ListItem\",\"position\":3,\"name\":\"PROTEIN WAFFLE (caja 12 unidades)\"}]},{\"@type\":\"WebSite\",\"@id\":\"https:\\\/\\\/americannutrition.es\\\/#website\",\"url\":\"https:\\\/\\\/americannutrition.es\\\/\",\"name\":\"American Nutrition\u00ae\",\"description\":\"Suplementos deportivos de alta calidad para el deportista\",\"publisher\":{\"@id\":\"https:\\\/\\\/americannutrition.es\\\/#organization\"},\"potentialAction\":[{\"@type\":\"SearchAction\",\"target\":{\"@type\":\"EntryPoint\",\"urlTemplate\":\"https:\\\/\\\/americannutrition.es\\\/?s={search_term_string}\"},\"query-input\":{\"@type\":\"PropertyValueSpecification\",\"valueRequired\":true,\"valueName\":\"search_term_string\"}}],\"inLanguage\":\"fr-FR\"},{\"@type\":\"Organization\",\"@id\":\"https:\\\/\\\/americannutrition.es\\\/#organization\",\"name\":\"American Nutrition\u00ae| L\u00edderes en Suplementaci\u00f3n Deportiva\",\"url\":\"https:\\\/\\\/americannutrition.es\\\/\",\"logo\":{\"@type\":\"ImageObject\",\"inLanguage\":\"fr-FR\",\"@id\":\"https:\\\/\\\/americannutrition.es\\\/#\\\/schema\\\/logo\\\/image\\\/\",\"url\":\"https:\\\/\\\/americannutrition.es\\\/wp-content\\\/uploads\\\/2024\\\/03\\\/cropped-logo-de-redes-sociales-13.png\",\"contentUrl\":\"https:\\\/\\\/americannutrition.es\\\/wp-content\\\/uploads\\\/2024\\\/03\\\/cropped-logo-de-redes-sociales-13.png\",\"width\":512,\"height\":512,\"caption\":\"American Nutrition\u00ae| L\u00edderes en Suplementaci\u00f3n Deportiva\"},\"image\":{\"@id\":\"https:\\\/\\\/americannutrition.es\\\/#\\\/schema\\\/logo\\\/image\\\/\"},\"sameAs\":[\"https:\\\/\\\/www.facebook.com\\\/American.Nutrition\\\/\",\"https:\\\/\\\/x.com\\\/americanutri\",\"https:\\\/\\\/www.instagram.com\\\/an_americannutrition\",\"https:\\\/\\\/www.youtube.com\\\/channel\\\/UCOAZZ7ab3mzYRmq5yQ-SlGw\"]}]}<\/script>\n<!-- \/ Yoast SEO plugin. -->","yoast_head_json":{"title":"PROTEIN WAFFLE (caja 12 unidades) - American Nutrition\u00ae Store","description":"\u00bfQuieres mejorar tu comida sin sacrificar prote\u00ednas ni a\u00f1adir az\u00facar? \u00a1Entonces an\u00edmate y compra PROTEIN WAFFLE (caja 12 unidades) - American Nutrition\u00ae Store","robots":{"index":"index","follow":"follow","max-snippet":"max-snippet:-1","max-image-preview":"max-image-preview:large","max-video-preview":"max-video-preview:-1"},"canonical":"https:\/\/americannutrition.es\/fr\/productos\/protein-waffle-caja-12-unidades\/","og_locale":"fr_FR","og_type":"article","og_title":"PROTEIN WAFFLE (caja 12 unidades) - American Nutrition\u00ae Store","og_description":"PROTEIN WAFFLE (caja 12 unidades) de GoFitness","og_url":"https:\/\/americannutrition.es\/fr\/productos\/protein-waffle-caja-12-unidades\/","og_site_name":"American Nutrition\u00ae Store","article_publisher":"https:\/\/www.facebook.com\/American.Nutrition\/","article_modified_time":"2026-05-07T02:25:31+00:00","og_image":[{"width":1500,"height":1566,"url":"https:\/\/americannutrition.es\/wp-content\/uploads\/2026\/05\/Waffle-Ueberblick-1.webp","type":"image\/webp"}],"twitter_card":"summary_large_image","twitter_site":"@americanutri","twitter_misc":{"Dur\u00e9e de lecture estim\u00e9e":"2 minutes"},"schema":{"@context":"https:\/\/schema.org","@graph":[{"@type":"WebPage","@id":"https:\/\/americannutrition.es\/productos\/protein-waffle-caja-12-unidades","url":"https:\/\/americannutrition.es\/productos\/protein-waffle-caja-12-unidades","name":"PROTEIN WAFFLE (caja 12 unidades) - American Nutrition\u00ae Store","isPartOf":{"@id":"https:\/\/americannutrition.es\/#website"},"primaryImageOfPage":{"@id":"https:\/\/americannutrition.es\/productos\/protein-waffle-caja-12-unidades#primaryimage"},"image":{"@id":"https:\/\/americannutrition.es\/productos\/protein-waffle-caja-12-unidades#primaryimage"},"thumbnailUrl":"https:\/\/i0.wp.com\/americannutrition.es\/wp-content\/uploads\/2026\/05\/Waffle-Ueberblick-1.webp?fit=1500%2C1566&ssl=1","datePublished":"2026-05-07T02:05:36+00:00","dateModified":"2026-05-07T02:25:31+00:00","description":"\u00bfQuieres mejorar tu comida sin sacrificar prote\u00ednas ni a\u00f1adir az\u00facar? \u00a1Entonces an\u00edmate y compra PROTEIN WAFFLE (caja 12 unidades) - American Nutrition\u00ae Store","breadcrumb":{"@id":"https:\/\/americannutrition.es\/productos\/protein-waffle-caja-12-unidades#breadcrumb"},"inLanguage":"fr-FR","potentialAction":[{"@type":"ReadAction","target":["https:\/\/americannutrition.es\/productos\/protein-waffle-caja-12-unidades"]}]},{"@type":"ImageObject","inLanguage":"fr-FR","@id":"https:\/\/americannutrition.es\/productos\/protein-waffle-caja-12-unidades#primaryimage","url":"https:\/\/i0.wp.com\/americannutrition.es\/wp-content\/uploads\/2026\/05\/Waffle-Ueberblick-1.webp?fit=1500%2C1566&ssl=1","contentUrl":"https:\/\/i0.wp.com\/americannutrition.es\/wp-content\/uploads\/2026\/05\/Waffle-Ueberblick-1.webp?fit=1500%2C1566&ssl=1","width":1500,"height":1566},{"@type":"BreadcrumbList","@id":"https:\/\/americannutrition.es\/productos\/protein-waffle-caja-12-unidades#breadcrumb","itemListElement":[{"@type":"ListItem","position":1,"name":"Portada","item":"https:\/\/americannutrition.es\/"},{"@type":"ListItem","position":2,"name":"Productos","item":"https:\/\/americannutrition.es\/productos"},{"@type":"ListItem","position":3,"name":"PROTEIN WAFFLE (caja 12 unidades)"}]},{"@type":"WebSite","@id":"https:\/\/americannutrition.es\/#website","url":"https:\/\/americannutrition.es\/","name":"Nutrition Am\u00e9ricaine\u00ae","description":"Compl\u00e9ments sportifs de haute qualit\u00e9 pour les athl\u00e8tes","publisher":{"@id":"https:\/\/americannutrition.es\/#organization"},"potentialAction":[{"@type":"SearchAction","target":{"@type":"EntryPoint","urlTemplate":"https:\/\/americannutrition.es\/?s={search_term_string}"},"query-input":{"@type":"PropertyValueSpecification","valueRequired":true,"valueName":"search_term_string"}}],"inLanguage":"fr-FR"},{"@type":"Organization","@id":"https:\/\/americannutrition.es\/#organization","name":"American Nutrition\u00ae| L\u00edderes en Suplementaci\u00f3n Deportiva","url":"https:\/\/americannutrition.es\/","logo":{"@type":"ImageObject","inLanguage":"fr-FR","@id":"https:\/\/americannutrition.es\/#\/schema\/logo\/image\/","url":"https:\/\/americannutrition.es\/wp-content\/uploads\/2024\/03\/cropped-logo-de-redes-sociales-13.png","contentUrl":"https:\/\/americannutrition.es\/wp-content\/uploads\/2024\/03\/cropped-logo-de-redes-sociales-13.png","width":512,"height":512,"caption":"American Nutrition\u00ae| L\u00edderes en Suplementaci\u00f3n Deportiva"},"image":{"@id":"https:\/\/americannutrition.es\/#\/schema\/logo\/image\/"},"sameAs":["https:\/\/www.facebook.com\/American.Nutrition\/","https:\/\/x.com\/americanutri","https:\/\/www.instagram.com\/an_americannutrition","https:\/\/www.youtube.com\/channel\/UCOAZZ7ab3mzYRmq5yQ-SlGw"]}]}},"jetpack_sharing_enabled":true,"_links":{"self":[{"href":"https:\/\/americannutrition.es\/fr\/wp-json\/wp\/v2\/product\/9858","targetHints":{"allow":["GET"]}}],"collection":[{"href":"https:\/\/americannutrition.es\/fr\/wp-json\/wp\/v2\/product"}],"about":[{"href":"https:\/\/americannutrition.es\/fr\/wp-json\/wp\/v2\/types\/product"}],"replies":[{"embeddable":true,"href":"https:\/\/americannutrition.es\/fr\/wp-json\/wp\/v2\/comments?post=9858"}],"version-history":[{"count":1,"href":"https:\/\/americannutrition.es\/fr\/wp-json\/wp\/v2\/product\/9858\/revisions"}],"predecessor-version":[{"id":9875,"href":"https:\/\/americannutrition.es\/fr\/wp-json\/wp\/v2\/product\/9858\/revisions\/9875"}],"wp:featuredmedia":[{"embeddable":true,"href":"https:\/\/americannutrition.es\/fr\/wp-json\/wp\/v2\/media\/9874"}],"wp:attachment":[{"href":"https:\/\/americannutrition.es\/fr\/wp-json\/wp\/v2\/media?parent=9858"}],"wp:term":[{"taxonomy":"product_brand","embeddable":true,"href":"https:\/\/americannutrition.es\/fr\/wp-json\/wp\/v2\/product_brand?post=9858"},{"taxonomy":"product_cat","embeddable":true,"href":"https:\/\/americannutrition.es\/fr\/wp-json\/wp\/v2\/product_cat?post=9858"},{"taxonomy":"product_tag","embeddable":true,"href":"https:\/\/americannutrition.es\/fr\/wp-json\/wp\/v2\/product_tag?post=9858"}],"curies":[{"name":"wp","href":"https:\/\/api.w.org\/{rel}","templated":true}]}}