{"id":9807,"date":"2026-05-07T00:54:46","date_gmt":"2026-05-07T00:54:46","guid":{"rendered":"https:\/\/americannutrition.es\/?post_type=product&#038;p=9807"},"modified":"2026-05-07T08:44:19","modified_gmt":"2026-05-07T08:44:19","slug":"protein-pancake-caja-12-unidades","status":"publish","type":"product","link":"https:\/\/americannutrition.es\/fr\/productos\/protein-pancake-caja-12-unidades","title":{"rendered":"PROTEIN PANCAKE (caja 12 unidades)"},"content":{"rendered":"<section class=\"product-description\">\n<details open=\"\">\n<summary><strong>Descripci\u00f3n del producto<\/strong><\/summary>\n<p><strong><span dir=\"auto\">Nuestros Pancakes proteicos listos para comer son incre\u00edblemente esponjosos y est\u00e1n rellenos de una deliciosa crema proteica: \u00a1el tentempi\u00e9 perfecto para un aporte extra de prote\u00ednas!<br \/>\n<\/span><\/strong><span dir=\"auto\">Los amantes de los snacks dulces y saludables estar\u00e1n encantados. Nuestros suaves panqueques rellenos de una deliciosa crema de prote\u00edna marcan un nuevo est\u00e1ndar en nutrici\u00f3n deportiva. La masa se compone de prote\u00edna de suero, harina y huevos. El relleno es una deliciosa crema batida de prote\u00edna.<\/span><strong><span dir=\"auto\"><br \/>\n<\/span><\/strong><\/p>\n<\/details>\n<details>\n<summary><strong>Caracter\u00edsticas principales<\/strong><\/summary>\n<ul>\n<li>113 g de prote\u00edna por pancake<\/li>\n<li>Menos del 5% de az\u00facar<\/li>\n<li>Relleno cremoso<\/li>\n<\/ul>\n<\/details>\n<details>\n<summary><strong>Instrucciones de almacenamiento<\/strong><\/summary>\n<p>Conservar sin abrir en un lugar fresco y seco. Consumir preferentemente antes del\/N.\u00ba de lote: ver envase. Una vez abierto, consumir r\u00e1pidamente. Mantener alejado del calor y la luz directa.<\/p>\n<\/details>\n<details>\n<summary><strong>Presentaci\u00f3n<\/strong><\/summary>\n<ul>\n<li><strong>Pr\u00e9sentation:<\/strong> <span dir=\"auto\">Cajas de 12 pancakes.<\/span><\/li>\n<li><strong>Peso de cada pancake:<\/strong> 50 gr.<\/li>\n<\/ul>\n<\/details>\n<details>\n<summary><strong>Ingr\u00e9dients<\/strong><\/summary>\n<p>Harina de trigo, aceite vegetal (aceite de girasol, aceite de palma), prote\u00edna de suero, huevos, inulina, leche desnatada en polvo, humectante (glicerina), miel (4,7%), espesante (polidextrosa), edulcorante (sorbitol), dextrosa, almid\u00f3n modificado, emulsionante (lecitina de girasol), sal de mesa, agentes de carga (bicarbonato de sodio, fosfatos de sodio), espesante (alginato de sodio), conservante (sorbato de potasio), aroma de vainilla (0,86%).<\/p>\n<\/details>\n<details>\n<summary><strong>Informaci\u00f3n nutricional<\/strong><\/summary>\n<p><img data-recalc-dims=\"1\" fetchpriority=\"high\" decoding=\"async\" data-attachment-id=\"9814\" data-permalink=\"https:\/\/americannutrition.es\/fr\/?attachment_id=9814\" data-orig-file=\"https:\/\/i0.wp.com\/americannutrition.es\/wp-content\/uploads\/2026\/05\/protein_pancakes.webp?fit=843%2C548&amp;ssl=1\" data-orig-size=\"843,548\" data-comments-opened=\"1\" data-image-meta=\"{&quot;aperture&quot;:&quot;0&quot;,&quot;credit&quot;:&quot;&quot;,&quot;camera&quot;:&quot;&quot;,&quot;caption&quot;:&quot;&quot;,&quot;created_timestamp&quot;:&quot;0&quot;,&quot;copyright&quot;:&quot;&quot;,&quot;focal_length&quot;:&quot;0&quot;,&quot;iso&quot;:&quot;0&quot;,&quot;shutter_speed&quot;:&quot;0&quot;,&quot;title&quot;:&quot;&quot;,&quot;orientation&quot;:&quot;0&quot;}\" data-image-title=\"protein_pancakes\" data-image-description=\"\" data-image-caption=\"\" data-large-file=\"https:\/\/i0.wp.com\/americannutrition.es\/wp-content\/uploads\/2026\/05\/protein_pancakes.webp?fit=800%2C520&amp;ssl=1\" class=\"alignnone wp-image-9814 size-full\" src=\"https:\/\/i0.wp.com\/americannutrition.es\/wp-content\/uploads\/2026\/05\/protein_pancakes.webp?resize=800%2C520&#038;ssl=1\" alt=\"\" width=\"800\" height=\"520\" srcset=\"https:\/\/i0.wp.com\/americannutrition.es\/wp-content\/uploads\/2026\/05\/protein_pancakes.webp?w=843&amp;ssl=1 843w, https:\/\/i0.wp.com\/americannutrition.es\/wp-content\/uploads\/2026\/05\/protein_pancakes.webp?resize=300%2C195&amp;ssl=1 300w, https:\/\/i0.wp.com\/americannutrition.es\/wp-content\/uploads\/2026\/05\/protein_pancakes.webp?resize=768%2C499&amp;ssl=1 768w, https:\/\/i0.wp.com\/americannutrition.es\/wp-content\/uploads\/2026\/05\/protein_pancakes.webp?resize=18%2C12&amp;ssl=1 18w, https:\/\/i0.wp.com\/americannutrition.es\/wp-content\/uploads\/2026\/05\/protein_pancakes.webp?resize=600%2C390&amp;ssl=1 600w, https:\/\/i0.wp.com\/americannutrition.es\/wp-content\/uploads\/2026\/05\/protein_pancakes.webp?resize=64%2C42&amp;ssl=1 64w\" sizes=\"(max-width: 800px) 100vw, 800px\" \/><\/p>\n<p><em>*VRN: Valor de Referencia de Nutriente seg\u00fan Reglamento (UE) 1169\/2011.<\/em><\/p>\n<\/details>\n<\/section>\n<p>&nbsp;<\/p>","protected":false},"excerpt":{"rendered":"<section class=\"product-description\">\n<section class=\"product-description\">\n<details open=\"open\">\n<section class=\"product-description\">\n<details open=\"\">\n<summary><strong>Descripci\u00f3n del producto<\/strong><\/summary>\n<p><strong><span dir=\"auto\">Nuestros Pancakes proteicos listos para comer son incre\u00edblemente esponjosos y est\u00e1n rellenos de una deliciosa crema proteica: \u00a1el tentempi\u00e9 perfecto para un aporte extra de prote\u00ednas!<br \/>\n<\/span><\/strong><span dir=\"auto\">Los amantes de los snacks dulces y saludables estar\u00e1n encantados. Nuestros suaves panqueques rellenos de una deliciosa crema de prote\u00edna marcan un nuevo est\u00e1ndar en nutrici\u00f3n deportiva. La masa se compone de prote\u00edna de suero, harina y huevos. El relleno es una deliciosa crema batida de prote\u00edna.<\/span><strong><span dir=\"auto\"><br \/>\n<\/span><\/strong><\/p>\n<\/details>\n<details>\n<summary><strong>Caracter\u00edsticas principales<\/strong><\/summary>\n<ul>\n<li>113 g de prote\u00edna por pancake<\/li>\n<li>Menos del 5% de az\u00facar<\/li>\n<li>Relleno cremoso<\/li>\n<\/ul>\n<\/details>\n<details>\n<summary><strong>Instrucciones de almacenamiento<\/strong><\/summary>\n<p>Conservar sin abrir en un lugar fresco y seco. Consumir preferentemente antes del\/N.\u00ba de lote: ver envase. Una vez abierto, consumir r\u00e1pidamente. Mantener alejado del calor y la luz directa.<\/p>\n<\/details>\n<details>\n<summary><strong>Presentaci\u00f3n<\/strong><\/summary>\n<ul>\n<li><strong>Pr\u00e9sentation:<\/strong> <span dir=\"auto\">Cajas de 12 pancakes.<\/span><\/li>\n<li><strong>Peso de cada pancake:<\/strong> 50 gr.<\/li>\n<\/ul>\n<\/details>\n<details>\n<summary><strong>Ingr\u00e9dients<\/strong><\/summary>\n<p>Harina de trigo, aceite vegetal (aceite de girasol, aceite de palma), prote\u00edna de suero, huevos, inulina, leche desnatada en polvo, humectante (glicerina), miel (4,7%), espesante (polidextrosa), edulcorante (sorbitol), dextrosa, almid\u00f3n modificado, emulsionante (lecitina de girasol), sal de mesa, agentes de carga (bicarbonato de sodio, fosfatos de sodio), espesante (alginato de sodio), conservante (sorbato de potasio), aroma de vainilla (0,86%).<\/p>\n<\/details>\n<details>\n<summary><strong>Informaci\u00f3n nutricional<\/strong><\/summary>\n<p><img decoding=\"async\" class=\"alignnone wp-image-9814 size-full\" src=\"https:\/\/americannutrition.es\/wp-content\/uploads\/2026\/05\/protein_pancakes.webp\" alt=\"\" width=\"843\" height=\"548\" srcset=\"https:\/\/i0.wp.com\/americannutrition.es\/wp-content\/uploads\/2026\/05\/protein_pancakes.webp?w=843&amp;ssl=1 843w, https:\/\/i0.wp.com\/americannutrition.es\/wp-content\/uploads\/2026\/05\/protein_pancakes.webp?resize=300%2C195&amp;ssl=1 300w, https:\/\/i0.wp.com\/americannutrition.es\/wp-content\/uploads\/2026\/05\/protein_pancakes.webp?resize=768%2C499&amp;ssl=1 768w, https:\/\/i0.wp.com\/americannutrition.es\/wp-content\/uploads\/2026\/05\/protein_pancakes.webp?resize=18%2C12&amp;ssl=1 18w, https:\/\/i0.wp.com\/americannutrition.es\/wp-content\/uploads\/2026\/05\/protein_pancakes.webp?resize=600%2C390&amp;ssl=1 600w, https:\/\/i0.wp.com\/americannutrition.es\/wp-content\/uploads\/2026\/05\/protein_pancakes.webp?resize=64%2C42&amp;ssl=1 64w\" sizes=\"(max-width: 843px) 100vw, 843px\" \/><\/p>\n<p><em>*VRN: Valor de Referencia de Nutriente seg\u00fan Reglamento (UE) 1169\/2011.<\/em><\/p>\n<\/details>\n<\/section>\n<\/details>\n<\/section>\n<\/section>","protected":false},"featured_media":9815,"comment_status":"open","ping_status":"closed","template":"","meta":[],"product_brand":[],"product_cat":[514],"product_tag":[],"class_list":{"0":"post-9807","1":"product","2":"type-product","3":"status-publish","4":"has-post-thumbnail","6":"product_cat-mr-chef","8":"first","9":"instock","10":"shipping-taxable","11":"purchasable","12":"product-type-variable"},"yoast_head":"<!-- This site is optimized with the Yoast SEO plugin v27.5 - https:\/\/yoast.com\/product\/yoast-seo-wordpress\/ -->\n<title>PROTEIN PANCAKE (caja 12 unidades) - American Nutrition\u00ae Store<\/title>\n<meta name=\"description\" content=\"\u00bfQuieres mejorar tu comida sin sacrificar prote\u00ednas ni a\u00f1adir az\u00facar? \u00a1Entonces an\u00edmate y compra PROTEIN PANCAKE (caja 12 unidades) - American Nutrition\u00ae Store\" \/>\n<meta name=\"robots\" content=\"index, follow, max-snippet:-1, max-image-preview:large, max-video-preview:-1\" \/>\n<link rel=\"canonical\" href=\"https:\/\/americannutrition.es\/fr\/productos\/protein-pancake-caja-12-unidades\/\" \/>\n<meta property=\"og:locale\" content=\"fr_FR\" \/>\n<meta property=\"og:type\" content=\"article\" \/>\n<meta property=\"og:title\" content=\"PROTEIN PANCAKE (caja 12 unidades) - American Nutrition\u00ae Store\" \/>\n<meta property=\"og:description\" content=\"Crema de Prote\u00ednas de GoFitness\" \/>\n<meta property=\"og:url\" content=\"https:\/\/americannutrition.es\/fr\/productos\/protein-pancake-caja-12-unidades\/\" \/>\n<meta property=\"og:site_name\" content=\"American Nutrition\u00ae Store\" \/>\n<meta property=\"article:publisher\" content=\"https:\/\/www.facebook.com\/American.Nutrition\/\" \/>\n<meta property=\"article:modified_time\" content=\"2026-05-07T08:44:19+00:00\" \/>\n<meta property=\"og:image\" content=\"https:\/\/americannutrition.es\/wp-content\/uploads\/2026\/05\/CREAMS.webp\" \/>\n\t<meta property=\"og:image:width\" content=\"1024\" \/>\n\t<meta property=\"og:image:height\" content=\"1024\" \/>\n\t<meta property=\"og:image:type\" content=\"image\/webp\" \/>\n<meta name=\"twitter:card\" content=\"summary_large_image\" \/>\n<meta name=\"twitter:site\" content=\"@americanutri\" \/>\n<meta name=\"twitter:label1\" content=\"Dur\u00e9e de lecture estim\u00e9e\" \/>\n\t<meta name=\"twitter:data1\" content=\"2 minutes\" \/>\n<script type=\"application\/ld+json\" class=\"yoast-schema-graph\">{\"@context\":\"https:\\\/\\\/schema.org\",\"@graph\":[{\"@type\":\"WebPage\",\"@id\":\"https:\\\/\\\/americannutrition.es\\\/productos\\\/protein-pancake-caja-12-unidades\",\"url\":\"https:\\\/\\\/americannutrition.es\\\/productos\\\/protein-pancake-caja-12-unidades\",\"name\":\"PROTEIN PANCAKE (caja 12 unidades) - American Nutrition\u00ae Store\",\"isPartOf\":{\"@id\":\"https:\\\/\\\/americannutrition.es\\\/#website\"},\"primaryImageOfPage\":{\"@id\":\"https:\\\/\\\/americannutrition.es\\\/productos\\\/protein-pancake-caja-12-unidades#primaryimage\"},\"image\":{\"@id\":\"https:\\\/\\\/americannutrition.es\\\/productos\\\/protein-pancake-caja-12-unidades#primaryimage\"},\"thumbnailUrl\":\"https:\\\/\\\/i0.wp.com\\\/americannutrition.es\\\/wp-content\\\/uploads\\\/2026\\\/05\\\/pancakes-4.webp?fit=800%2C800&ssl=1\",\"datePublished\":\"2026-05-07T00:54:46+00:00\",\"dateModified\":\"2026-05-07T08:44:19+00:00\",\"description\":\"\u00bfQuieres mejorar tu comida sin sacrificar prote\u00ednas ni a\u00f1adir az\u00facar? \u00a1Entonces an\u00edmate y compra PROTEIN PANCAKE (caja 12 unidades) - American Nutrition\u00ae Store\",\"breadcrumb\":{\"@id\":\"https:\\\/\\\/americannutrition.es\\\/productos\\\/protein-pancake-caja-12-unidades#breadcrumb\"},\"inLanguage\":\"fr-FR\",\"potentialAction\":[{\"@type\":\"ReadAction\",\"target\":[\"https:\\\/\\\/americannutrition.es\\\/productos\\\/protein-pancake-caja-12-unidades\"]}]},{\"@type\":\"ImageObject\",\"inLanguage\":\"fr-FR\",\"@id\":\"https:\\\/\\\/americannutrition.es\\\/productos\\\/protein-pancake-caja-12-unidades#primaryimage\",\"url\":\"https:\\\/\\\/i0.wp.com\\\/americannutrition.es\\\/wp-content\\\/uploads\\\/2026\\\/05\\\/pancakes-4.webp?fit=800%2C800&ssl=1\",\"contentUrl\":\"https:\\\/\\\/i0.wp.com\\\/americannutrition.es\\\/wp-content\\\/uploads\\\/2026\\\/05\\\/pancakes-4.webp?fit=800%2C800&ssl=1\",\"width\":800,\"height\":800},{\"@type\":\"BreadcrumbList\",\"@id\":\"https:\\\/\\\/americannutrition.es\\\/productos\\\/protein-pancake-caja-12-unidades#breadcrumb\",\"itemListElement\":[{\"@type\":\"ListItem\",\"position\":1,\"name\":\"Portada\",\"item\":\"https:\\\/\\\/americannutrition.es\\\/\"},{\"@type\":\"ListItem\",\"position\":2,\"name\":\"Productos\",\"item\":\"https:\\\/\\\/americannutrition.es\\\/productos\"},{\"@type\":\"ListItem\",\"position\":3,\"name\":\"PROTEIN PANCAKE (caja 12 unidades)\"}]},{\"@type\":\"WebSite\",\"@id\":\"https:\\\/\\\/americannutrition.es\\\/#website\",\"url\":\"https:\\\/\\\/americannutrition.es\\\/\",\"name\":\"American Nutrition\u00ae\",\"description\":\"Suplementos deportivos de alta calidad para el deportista\",\"publisher\":{\"@id\":\"https:\\\/\\\/americannutrition.es\\\/#organization\"},\"potentialAction\":[{\"@type\":\"SearchAction\",\"target\":{\"@type\":\"EntryPoint\",\"urlTemplate\":\"https:\\\/\\\/americannutrition.es\\\/?s={search_term_string}\"},\"query-input\":{\"@type\":\"PropertyValueSpecification\",\"valueRequired\":true,\"valueName\":\"search_term_string\"}}],\"inLanguage\":\"fr-FR\"},{\"@type\":\"Organization\",\"@id\":\"https:\\\/\\\/americannutrition.es\\\/#organization\",\"name\":\"American Nutrition\u00ae| L\u00edderes en Suplementaci\u00f3n Deportiva\",\"url\":\"https:\\\/\\\/americannutrition.es\\\/\",\"logo\":{\"@type\":\"ImageObject\",\"inLanguage\":\"fr-FR\",\"@id\":\"https:\\\/\\\/americannutrition.es\\\/#\\\/schema\\\/logo\\\/image\\\/\",\"url\":\"https:\\\/\\\/americannutrition.es\\\/wp-content\\\/uploads\\\/2024\\\/03\\\/cropped-logo-de-redes-sociales-13.png\",\"contentUrl\":\"https:\\\/\\\/americannutrition.es\\\/wp-content\\\/uploads\\\/2024\\\/03\\\/cropped-logo-de-redes-sociales-13.png\",\"width\":512,\"height\":512,\"caption\":\"American Nutrition\u00ae| L\u00edderes en Suplementaci\u00f3n Deportiva\"},\"image\":{\"@id\":\"https:\\\/\\\/americannutrition.es\\\/#\\\/schema\\\/logo\\\/image\\\/\"},\"sameAs\":[\"https:\\\/\\\/www.facebook.com\\\/American.Nutrition\\\/\",\"https:\\\/\\\/x.com\\\/americanutri\",\"https:\\\/\\\/www.instagram.com\\\/an_americannutrition\",\"https:\\\/\\\/www.youtube.com\\\/channel\\\/UCOAZZ7ab3mzYRmq5yQ-SlGw\"]}]}<\/script>\n<!-- \/ Yoast SEO plugin. -->","yoast_head_json":{"title":"PROTEIN PANCAKE (caja 12 unidades) - American Nutrition\u00ae Store","description":"\u00bfQuieres mejorar tu comida sin sacrificar prote\u00ednas ni a\u00f1adir az\u00facar? \u00a1Entonces an\u00edmate y compra PROTEIN PANCAKE (caja 12 unidades) - American Nutrition\u00ae Store","robots":{"index":"index","follow":"follow","max-snippet":"max-snippet:-1","max-image-preview":"max-image-preview:large","max-video-preview":"max-video-preview:-1"},"canonical":"https:\/\/americannutrition.es\/fr\/productos\/protein-pancake-caja-12-unidades\/","og_locale":"fr_FR","og_type":"article","og_title":"PROTEIN PANCAKE (caja 12 unidades) - American Nutrition\u00ae Store","og_description":"Crema de Prote\u00ednas de GoFitness","og_url":"https:\/\/americannutrition.es\/fr\/productos\/protein-pancake-caja-12-unidades\/","og_site_name":"American Nutrition\u00ae Store","article_publisher":"https:\/\/www.facebook.com\/American.Nutrition\/","article_modified_time":"2026-05-07T08:44:19+00:00","og_image":[{"width":1024,"height":1024,"url":"https:\/\/americannutrition.es\/wp-content\/uploads\/2026\/05\/CREAMS.webp","type":"image\/webp"}],"twitter_card":"summary_large_image","twitter_site":"@americanutri","twitter_misc":{"Dur\u00e9e de lecture estim\u00e9e":"2 minutes"},"schema":{"@context":"https:\/\/schema.org","@graph":[{"@type":"WebPage","@id":"https:\/\/americannutrition.es\/productos\/protein-pancake-caja-12-unidades","url":"https:\/\/americannutrition.es\/productos\/protein-pancake-caja-12-unidades","name":"PROTEIN PANCAKE (caja 12 unidades) - American Nutrition\u00ae Store","isPartOf":{"@id":"https:\/\/americannutrition.es\/#website"},"primaryImageOfPage":{"@id":"https:\/\/americannutrition.es\/productos\/protein-pancake-caja-12-unidades#primaryimage"},"image":{"@id":"https:\/\/americannutrition.es\/productos\/protein-pancake-caja-12-unidades#primaryimage"},"thumbnailUrl":"https:\/\/i0.wp.com\/americannutrition.es\/wp-content\/uploads\/2026\/05\/pancakes-4.webp?fit=800%2C800&ssl=1","datePublished":"2026-05-07T00:54:46+00:00","dateModified":"2026-05-07T08:44:19+00:00","description":"\u00bfQuieres mejorar tu comida sin sacrificar prote\u00ednas ni a\u00f1adir az\u00facar? \u00a1Entonces an\u00edmate y compra PROTEIN PANCAKE (caja 12 unidades) - American Nutrition\u00ae Store","breadcrumb":{"@id":"https:\/\/americannutrition.es\/productos\/protein-pancake-caja-12-unidades#breadcrumb"},"inLanguage":"fr-FR","potentialAction":[{"@type":"ReadAction","target":["https:\/\/americannutrition.es\/productos\/protein-pancake-caja-12-unidades"]}]},{"@type":"ImageObject","inLanguage":"fr-FR","@id":"https:\/\/americannutrition.es\/productos\/protein-pancake-caja-12-unidades#primaryimage","url":"https:\/\/i0.wp.com\/americannutrition.es\/wp-content\/uploads\/2026\/05\/pancakes-4.webp?fit=800%2C800&ssl=1","contentUrl":"https:\/\/i0.wp.com\/americannutrition.es\/wp-content\/uploads\/2026\/05\/pancakes-4.webp?fit=800%2C800&ssl=1","width":800,"height":800},{"@type":"BreadcrumbList","@id":"https:\/\/americannutrition.es\/productos\/protein-pancake-caja-12-unidades#breadcrumb","itemListElement":[{"@type":"ListItem","position":1,"name":"Portada","item":"https:\/\/americannutrition.es\/"},{"@type":"ListItem","position":2,"name":"Productos","item":"https:\/\/americannutrition.es\/productos"},{"@type":"ListItem","position":3,"name":"PROTEIN PANCAKE (caja 12 unidades)"}]},{"@type":"WebSite","@id":"https:\/\/americannutrition.es\/#website","url":"https:\/\/americannutrition.es\/","name":"Nutrition Am\u00e9ricaine\u00ae","description":"Compl\u00e9ments sportifs de haute qualit\u00e9 pour les athl\u00e8tes","publisher":{"@id":"https:\/\/americannutrition.es\/#organization"},"potentialAction":[{"@type":"SearchAction","target":{"@type":"EntryPoint","urlTemplate":"https:\/\/americannutrition.es\/?s={search_term_string}"},"query-input":{"@type":"PropertyValueSpecification","valueRequired":true,"valueName":"search_term_string"}}],"inLanguage":"fr-FR"},{"@type":"Organization","@id":"https:\/\/americannutrition.es\/#organization","name":"American Nutrition\u00ae| L\u00edderes en Suplementaci\u00f3n Deportiva","url":"https:\/\/americannutrition.es\/","logo":{"@type":"ImageObject","inLanguage":"fr-FR","@id":"https:\/\/americannutrition.es\/#\/schema\/logo\/image\/","url":"https:\/\/americannutrition.es\/wp-content\/uploads\/2024\/03\/cropped-logo-de-redes-sociales-13.png","contentUrl":"https:\/\/americannutrition.es\/wp-content\/uploads\/2024\/03\/cropped-logo-de-redes-sociales-13.png","width":512,"height":512,"caption":"American Nutrition\u00ae| L\u00edderes en Suplementaci\u00f3n Deportiva"},"image":{"@id":"https:\/\/americannutrition.es\/#\/schema\/logo\/image\/"},"sameAs":["https:\/\/www.facebook.com\/American.Nutrition\/","https:\/\/x.com\/americanutri","https:\/\/www.instagram.com\/an_americannutrition","https:\/\/www.youtube.com\/channel\/UCOAZZ7ab3mzYRmq5yQ-SlGw"]}]}},"jetpack_sharing_enabled":true,"_links":{"self":[{"href":"https:\/\/americannutrition.es\/fr\/wp-json\/wp\/v2\/product\/9807","targetHints":{"allow":["GET"]}}],"collection":[{"href":"https:\/\/americannutrition.es\/fr\/wp-json\/wp\/v2\/product"}],"about":[{"href":"https:\/\/americannutrition.es\/fr\/wp-json\/wp\/v2\/types\/product"}],"replies":[{"embeddable":true,"href":"https:\/\/americannutrition.es\/fr\/wp-json\/wp\/v2\/comments?post=9807"}],"version-history":[{"count":4,"href":"https:\/\/americannutrition.es\/fr\/wp-json\/wp\/v2\/product\/9807\/revisions"}],"predecessor-version":[{"id":9837,"href":"https:\/\/americannutrition.es\/fr\/wp-json\/wp\/v2\/product\/9807\/revisions\/9837"}],"wp:featuredmedia":[{"embeddable":true,"href":"https:\/\/americannutrition.es\/fr\/wp-json\/wp\/v2\/media\/9815"}],"wp:attachment":[{"href":"https:\/\/americannutrition.es\/fr\/wp-json\/wp\/v2\/media?parent=9807"}],"wp:term":[{"taxonomy":"product_brand","embeddable":true,"href":"https:\/\/americannutrition.es\/fr\/wp-json\/wp\/v2\/product_brand?post=9807"},{"taxonomy":"product_cat","embeddable":true,"href":"https:\/\/americannutrition.es\/fr\/wp-json\/wp\/v2\/product_cat?post=9807"},{"taxonomy":"product_tag","embeddable":true,"href":"https:\/\/americannutrition.es\/fr\/wp-json\/wp\/v2\/product_tag?post=9807"}],"curies":[{"name":"wp","href":"https:\/\/api.w.org\/{rel}","templated":true}]}}