{"id":9784,"date":"2026-05-06T21:22:21","date_gmt":"2026-05-06T21:22:21","guid":{"rendered":"https:\/\/americannutrition.es\/?post_type=product&#038;p=9784"},"modified":"2026-05-07T02:26:43","modified_gmt":"2026-05-07T02:26:43","slug":"crema-de-proteinas-330gr-de-gofitness","status":"publish","type":"product","link":"https:\/\/americannutrition.es\/fr\/productos\/crema-de-proteinas-330gr-de-gofitness","title":{"rendered":"PROTEIN CREAM 330gr."},"content":{"rendered":"<section class=\"product-description\">\n<details open=\"\">\n<summary><strong>Descripci\u00f3n del producto<\/strong><\/summary>\n<p><strong><span dir=\"auto\">Una crema para untar con poco az\u00facar y mucha prote\u00edna.<br \/>\n<\/span><\/strong><span dir=\"auto\">\u00bfCansado de tu desayuno aburrido y sin sabor? \u00bfQuieres mejorar tu comida sin sacrificar prote\u00ednas ni a\u00f1adir az\u00facar? \u00a1Entonces an\u00edmate! Consigue la nueva Crema de Prote\u00ednas de GoFitness. \u00a1Compra un frasco y disfruta de su delicioso sabor!<\/span><strong><span dir=\"auto\"><br \/>\n<\/span><\/strong><\/p>\n<\/details>\n<details>\n<summary><strong>Caracter\u00edsticas principales<\/strong><\/summary>\n<ul>\n<li>13% de contenido de avellanas<\/li>\n<li><span style=\"font-family: -apple-system, BlinkMacSystemFont, 'Segoe UI', Roboto, 'Helvetica Neue', Arial, 'Noto Sans', sans-serif, 'Apple Color Emoji', 'Segoe UI Emoji', 'Segoe UI Symbol', 'Noto Color Emoji';\">20% de prote\u00edna<\/span><\/li>\n<li><span style=\"font-family: -apple-system, BlinkMacSystemFont, 'Segoe UI', Roboto, 'Helvetica Neue', Arial, 'Noto Sans', sans-serif, 'Apple Color Emoji', 'Segoe UI Emoji', 'Segoe UI Symbol', 'Noto Color Emoji';\">menos de 2 g de az\u00facar<\/span><\/li>\n<li><span style=\"font-family: -apple-system, BlinkMacSystemFont, 'Segoe UI', Roboto, 'Helvetica Neue', Arial, 'Noto Sans', sans-serif, 'Apple Color Emoji', 'Segoe UI Emoji', 'Segoe UI Symbol', 'Noto Color Emoji';\">Sin aceite de palma<\/span><\/li>\n<\/ul>\n<\/details>\n<details>\n<summary><strong>Instrucciones de almacenamiento<\/strong><\/summary>\n<p>Se recomienda almacenar el producto a temperaturas entre 12 y 20 \u00b0C. A temperaturas superiores a 20 \u00b0C, puede producirse la separaci\u00f3n del aceite.<\/p>\n<\/details>\n<details>\n<summary><strong>Presentaci\u00f3n<\/strong><\/summary>\n<ul>\n<li><strong>Presentaci\u00f3n:<\/strong> <span dir=\"auto\">Crema para untar.<\/span><\/li>\n<li><strong>Cantidad neta:<\/strong> 330 g.<\/li>\n<\/ul>\n<\/details>\n<details>\n<summary><strong>Ingredientes<\/strong><\/summary>\n<p>Edulcorante: Maltitol, grasas y aceites vegetales (girasol, coco, carinus), concentrado de prote\u00edna de suero, avellanas (13%), leche desnatada en polvo, cacao en polvo bajo en grasa, manteca de cacao, emulgente: lecitina de soja IP, aroma natural de vainilla.<\/p>\n<\/details>\n<details>\n<summary><strong>Informaci\u00f3n nutricional (Cada 100 gr.)<\/strong><\/summary>\n<p><img data-recalc-dims=\"1\" fetchpriority=\"high\" decoding=\"async\" data-attachment-id=\"9789\" data-permalink=\"https:\/\/americannutrition.es\/fr\/?attachment_id=9789\" data-orig-file=\"https:\/\/i0.wp.com\/americannutrition.es\/wp-content\/uploads\/2026\/05\/protein_cream.webp?fit=985%2C634&amp;ssl=1\" data-orig-size=\"985,634\" data-comments-opened=\"1\" data-image-meta=\"{&quot;aperture&quot;:&quot;0&quot;,&quot;credit&quot;:&quot;&quot;,&quot;camera&quot;:&quot;&quot;,&quot;caption&quot;:&quot;&quot;,&quot;created_timestamp&quot;:&quot;0&quot;,&quot;copyright&quot;:&quot;&quot;,&quot;focal_length&quot;:&quot;0&quot;,&quot;iso&quot;:&quot;0&quot;,&quot;shutter_speed&quot;:&quot;0&quot;,&quot;title&quot;:&quot;&quot;,&quot;orientation&quot;:&quot;0&quot;}\" data-image-title=\"protein_cream\" data-image-description=\"\" data-image-caption=\"\" data-large-file=\"https:\/\/i0.wp.com\/americannutrition.es\/wp-content\/uploads\/2026\/05\/protein_cream.webp?fit=800%2C515&amp;ssl=1\" class=\"alignnone wp-image-9789 size-full\" src=\"https:\/\/i0.wp.com\/americannutrition.es\/wp-content\/uploads\/2026\/05\/protein_cream.webp?resize=800%2C515&#038;ssl=1\" alt=\"\" width=\"800\" height=\"515\" srcset=\"https:\/\/i0.wp.com\/americannutrition.es\/wp-content\/uploads\/2026\/05\/protein_cream.webp?w=985&amp;ssl=1 985w, https:\/\/i0.wp.com\/americannutrition.es\/wp-content\/uploads\/2026\/05\/protein_cream.webp?resize=300%2C193&amp;ssl=1 300w, https:\/\/i0.wp.com\/americannutrition.es\/wp-content\/uploads\/2026\/05\/protein_cream.webp?resize=768%2C494&amp;ssl=1 768w, https:\/\/i0.wp.com\/americannutrition.es\/wp-content\/uploads\/2026\/05\/protein_cream.webp?resize=18%2C12&amp;ssl=1 18w, https:\/\/i0.wp.com\/americannutrition.es\/wp-content\/uploads\/2026\/05\/protein_cream.webp?resize=600%2C386&amp;ssl=1 600w, https:\/\/i0.wp.com\/americannutrition.es\/wp-content\/uploads\/2026\/05\/protein_cream.webp?resize=64%2C41&amp;ssl=1 64w\" sizes=\"(max-width: 800px) 100vw, 800px\" \/><\/p>\n<p><em>*VRN: Valor de Referencia de Nutriente seg\u00fan Reglamento (UE) 1169\/2011.<\/em><\/p>\n<\/details>\n<details>\n<summary><strong>Advertencias<\/strong><\/summary>\n<ul>\n<li>El consumo excesivo puede tener un efecto laxante.<\/li>\n<\/ul>\n<\/details>\n<\/section>\n<style>\n  .product-description {<br \/>    font-family: \"Poppins\", Arial, sans-serif;<br \/>    color: #222;<br \/>    line-height: 1.6;<br \/>    max-width: 850px;<br \/>    margin: 0 auto;<br \/>    padding: 1rem;<br \/>  }<\/p>\n<p>  .product-description h1 {<br \/>    text-align: center;<br \/>    font-size: 1.8rem;<br \/>    margin-bottom: 1.5rem;<br \/>  }<\/p>\n<p>  table {<br \/>    width: 100%;<br \/>    border-collapse: collapse;<br \/>    margin-top: 0.5rem;<br \/>  }<\/p>\n<p>  th, td {<br \/>    border: 1px solid #ddd;<br \/>    padding: 0.4rem 0.8rem;<br \/>    text-align: left;<br \/>  }<\/p>\n<p>  th {<br \/>    background-color: #f3f3f3;<br \/>    font-weight: bold;<br \/>  }<\/p>\n<p>  details {<br \/>    border: 1px solid #ddd;<br \/>    border-radius: 8px;<br \/>    padding: 0.8rem 1rem;<br \/>    margin-bottom: 1rem;<br \/>    background: #fafafa;<br \/>    transition: all 0.3s ease;<br \/>  }<\/p>\n<p>  details[open] {<br \/>    background: #fff;<br \/>    box-shadow: 0 2px 6px rgba(0,0,0,0.1);<br \/>  }<\/p>\n<p>  summary {<br \/>    cursor: pointer;<br \/>    font-weight: 600;<br \/>    font-size: 1rem;<br \/>    list-style: none;<br \/>  }<\/p>\n<p>  summary::-webkit-details-marker {<br \/>    display: none;<br \/>  }<\/p>\n<p>  ul {<br \/>    margin: 0.5rem 0 0.5rem 1.5rem;<br \/>  }<\/p>\n<p>  p {<br \/>    margin-top: 0.5rem;<br \/>  }<br \/><\/style>\n","protected":false},"excerpt":{"rendered":"<section class=\"product-description\">\n<section class=\"product-description\">\n<details open=\"\">\n<summary><strong>Descripci\u00f3n del producto<\/strong><\/summary>\n<p><strong><span dir=\"auto\">Una crema para untar con poco az\u00facar y mucha prote\u00edna.<br \/>\n<\/span><\/strong><span dir=\"auto\">\u00bfCansado de tu desayuno aburrido y sin sabor? \u00bfQuieres mejorar tu comida sin sacrificar prote\u00ednas ni a\u00f1adir az\u00facar? \u00a1Entonces an\u00edmate! Consigue la nueva Crema de Prote\u00ednas de GoFitness. \u00a1Compra un frasco y disfruta de su delicioso sabor!<\/span><strong><span dir=\"auto\"><br \/>\n<\/span><\/strong><\/p>\n<\/details>\n<details>\n<summary><strong>Caracter\u00edsticas principales<\/strong><\/summary>\n<ul>\n<li>13% de contenido de avellanas<\/li>\n<li><span style=\"font-family: -apple-system, BlinkMacSystemFont, 'Segoe UI', Roboto, 'Helvetica Neue', Arial, 'Noto Sans', sans-serif, 'Apple Color Emoji', 'Segoe UI Emoji', 'Segoe UI Symbol', 'Noto Color Emoji';\">20% de prote\u00edna<\/span><\/li>\n<li><span style=\"font-family: -apple-system, BlinkMacSystemFont, 'Segoe UI', Roboto, 'Helvetica Neue', Arial, 'Noto Sans', sans-serif, 'Apple Color Emoji', 'Segoe UI Emoji', 'Segoe UI Symbol', 'Noto Color Emoji';\">menos de 2 g de az\u00facar<\/span><\/li>\n<li><span style=\"font-family: -apple-system, BlinkMacSystemFont, 'Segoe UI', Roboto, 'Helvetica Neue', Arial, 'Noto Sans', sans-serif, 'Apple Color Emoji', 'Segoe UI Emoji', 'Segoe UI Symbol', 'Noto Color Emoji';\">Sin aceite de palma<\/span><\/li>\n<\/ul>\n<\/details>\n<details>\n<summary><strong>Instrucciones de almacenamiento<\/strong><\/summary>\n<p>Se recomienda almacenar el producto a temperaturas entre 12 y 20 \u00b0C. A temperaturas superiores a 20 \u00b0C, puede producirse la separaci\u00f3n del aceite.<\/p>\n<\/details>\n<details>\n<summary><strong>Presentaci\u00f3n<\/strong><\/summary>\n<ul>\n<li><strong>Pr\u00e9sentation:<\/strong> <span dir=\"auto\">Crema para untar.<\/span><\/li>\n<li><strong>Cantidad neta:<\/strong> 330 g.<\/li>\n<\/ul>\n<\/details>\n<details>\n<summary><strong>Ingr\u00e9dients<\/strong><\/summary>\n<p>Edulcorante: Maltitol, grasas y aceites vegetales (girasol, coco, carinus), concentrado de prote\u00edna de suero, avellanas (13%), leche desnatada en polvo, cacao en polvo bajo en grasa, manteca de cacao, emulgente: lecitina de soja IP, aroma natural de vainilla.<\/p>\n<\/details>\n<details>\n<summary><strong>Informaci\u00f3n nutricional<\/strong><\/summary>\n<p><img decoding=\"async\" class=\"alignnone wp-image-9789 size-full\" src=\"https:\/\/americannutrition.es\/wp-content\/uploads\/2026\/05\/protein_cream.webp\" alt=\"\" width=\"985\" height=\"634\" srcset=\"https:\/\/i0.wp.com\/americannutrition.es\/wp-content\/uploads\/2026\/05\/protein_cream.webp?w=985&amp;ssl=1 985w, https:\/\/i0.wp.com\/americannutrition.es\/wp-content\/uploads\/2026\/05\/protein_cream.webp?resize=300%2C193&amp;ssl=1 300w, https:\/\/i0.wp.com\/americannutrition.es\/wp-content\/uploads\/2026\/05\/protein_cream.webp?resize=768%2C494&amp;ssl=1 768w, https:\/\/i0.wp.com\/americannutrition.es\/wp-content\/uploads\/2026\/05\/protein_cream.webp?resize=18%2C12&amp;ssl=1 18w, https:\/\/i0.wp.com\/americannutrition.es\/wp-content\/uploads\/2026\/05\/protein_cream.webp?resize=600%2C386&amp;ssl=1 600w, https:\/\/i0.wp.com\/americannutrition.es\/wp-content\/uploads\/2026\/05\/protein_cream.webp?resize=64%2C41&amp;ssl=1 64w\" sizes=\"(max-width: 985px) 100vw, 985px\" \/><\/p>\n<p><em>*VRN: Valor de Referencia de Nutriente seg\u00fan Reglamento (UE) 1169\/2011.<\/em><\/p>\n<\/details>\n<details>\n<summary><strong>Avertissements<\/strong><\/summary>\n<ul>\n<li>El consumo excesivo puede tener un efecto laxante.<\/li>\n<\/ul>\n<\/details>\n<\/section>\n<\/section>","protected":false},"featured_media":9798,"comment_status":"open","ping_status":"closed","template":"","meta":[],"product_brand":[],"product_cat":[514],"product_tag":[],"class_list":{"0":"post-9784","1":"product","2":"type-product","3":"status-publish","4":"has-post-thumbnail","6":"product_cat-mr-chef","8":"first","9":"instock","10":"shipping-taxable","11":"purchasable","12":"product-type-variable"},"yoast_head":"<!-- This site is optimized with the Yoast SEO plugin v27.5 - https:\/\/yoast.com\/product\/yoast-seo-wordpress\/ -->\n<title>PROTEIN CREAM 330gr. - American Nutrition\u00ae Store<\/title>\n<meta name=\"description\" content=\"\u00bfQuieres mejorar tu comida sin sacrificar prote\u00ednas ni a\u00f1adir az\u00facar? \u00a1Entonces an\u00edmate y compra PROTEIN CREAM 330gr. - American Nutrition\u00ae Store\" \/>\n<meta name=\"robots\" content=\"index, follow, max-snippet:-1, max-image-preview:large, max-video-preview:-1\" \/>\n<link rel=\"canonical\" href=\"https:\/\/americannutrition.es\/fr\/productos\/crema-de-proteinas-330gr-de-gofitness\/\" \/>\n<meta property=\"og:locale\" content=\"fr_FR\" \/>\n<meta property=\"og:type\" content=\"article\" \/>\n<meta property=\"og:title\" content=\"PROTEIN CREAM 330gr. - American Nutrition\u00ae Store\" \/>\n<meta property=\"og:description\" content=\"Crema de Prote\u00ednas de GoFitness\" \/>\n<meta property=\"og:url\" content=\"https:\/\/americannutrition.es\/fr\/productos\/crema-de-proteinas-330gr-de-gofitness\/\" \/>\n<meta property=\"og:site_name\" content=\"American Nutrition\u00ae Store\" \/>\n<meta property=\"article:publisher\" content=\"https:\/\/www.facebook.com\/American.Nutrition\/\" \/>\n<meta property=\"article:modified_time\" content=\"2026-05-07T02:26:43+00:00\" \/>\n<meta property=\"og:image\" content=\"https:\/\/americannutrition.es\/wp-content\/uploads\/2026\/05\/CREAMS.webp\" \/>\n\t<meta property=\"og:image:width\" content=\"1024\" \/>\n\t<meta property=\"og:image:height\" content=\"1024\" \/>\n\t<meta property=\"og:image:type\" content=\"image\/webp\" \/>\n<meta name=\"twitter:card\" content=\"summary_large_image\" \/>\n<meta name=\"twitter:site\" content=\"@americanutri\" \/>\n<meta name=\"twitter:label1\" content=\"Dur\u00e9e de lecture estim\u00e9e\" \/>\n\t<meta name=\"twitter:data1\" content=\"2 minutes\" \/>\n<script type=\"application\/ld+json\" class=\"yoast-schema-graph\">{\"@context\":\"https:\\\/\\\/schema.org\",\"@graph\":[{\"@type\":\"WebPage\",\"@id\":\"https:\\\/\\\/americannutrition.es\\\/productos\\\/crema-de-proteinas-330gr-de-gofitness\",\"url\":\"https:\\\/\\\/americannutrition.es\\\/productos\\\/crema-de-proteinas-330gr-de-gofitness\",\"name\":\"PROTEIN CREAM 330gr. - American Nutrition\u00ae Store\",\"isPartOf\":{\"@id\":\"https:\\\/\\\/americannutrition.es\\\/#website\"},\"primaryImageOfPage\":{\"@id\":\"https:\\\/\\\/americannutrition.es\\\/productos\\\/crema-de-proteinas-330gr-de-gofitness#primaryimage\"},\"image\":{\"@id\":\"https:\\\/\\\/americannutrition.es\\\/productos\\\/crema-de-proteinas-330gr-de-gofitness#primaryimage\"},\"thumbnailUrl\":\"https:\\\/\\\/i0.wp.com\\\/americannutrition.es\\\/wp-content\\\/uploads\\\/2026\\\/05\\\/GoFitness-1_1.webp?fit=1500%2C1500&ssl=1\",\"datePublished\":\"2026-05-06T21:22:21+00:00\",\"dateModified\":\"2026-05-07T02:26:43+00:00\",\"description\":\"\u00bfQuieres mejorar tu comida sin sacrificar prote\u00ednas ni a\u00f1adir az\u00facar? \u00a1Entonces an\u00edmate y compra PROTEIN CREAM 330gr. - American Nutrition\u00ae Store\",\"breadcrumb\":{\"@id\":\"https:\\\/\\\/americannutrition.es\\\/productos\\\/crema-de-proteinas-330gr-de-gofitness#breadcrumb\"},\"inLanguage\":\"fr-FR\",\"potentialAction\":[{\"@type\":\"ReadAction\",\"target\":[\"https:\\\/\\\/americannutrition.es\\\/productos\\\/crema-de-proteinas-330gr-de-gofitness\"]}]},{\"@type\":\"ImageObject\",\"inLanguage\":\"fr-FR\",\"@id\":\"https:\\\/\\\/americannutrition.es\\\/productos\\\/crema-de-proteinas-330gr-de-gofitness#primaryimage\",\"url\":\"https:\\\/\\\/i0.wp.com\\\/americannutrition.es\\\/wp-content\\\/uploads\\\/2026\\\/05\\\/GoFitness-1_1.webp?fit=1500%2C1500&ssl=1\",\"contentUrl\":\"https:\\\/\\\/i0.wp.com\\\/americannutrition.es\\\/wp-content\\\/uploads\\\/2026\\\/05\\\/GoFitness-1_1.webp?fit=1500%2C1500&ssl=1\",\"width\":1500,\"height\":1500},{\"@type\":\"BreadcrumbList\",\"@id\":\"https:\\\/\\\/americannutrition.es\\\/productos\\\/crema-de-proteinas-330gr-de-gofitness#breadcrumb\",\"itemListElement\":[{\"@type\":\"ListItem\",\"position\":1,\"name\":\"Portada\",\"item\":\"https:\\\/\\\/americannutrition.es\\\/\"},{\"@type\":\"ListItem\",\"position\":2,\"name\":\"Productos\",\"item\":\"https:\\\/\\\/americannutrition.es\\\/productos\"},{\"@type\":\"ListItem\",\"position\":3,\"name\":\"PROTEIN CREAM 330gr.\"}]},{\"@type\":\"WebSite\",\"@id\":\"https:\\\/\\\/americannutrition.es\\\/#website\",\"url\":\"https:\\\/\\\/americannutrition.es\\\/\",\"name\":\"American Nutrition\u00ae\",\"description\":\"Suplementos deportivos de alta calidad para el deportista\",\"publisher\":{\"@id\":\"https:\\\/\\\/americannutrition.es\\\/#organization\"},\"potentialAction\":[{\"@type\":\"SearchAction\",\"target\":{\"@type\":\"EntryPoint\",\"urlTemplate\":\"https:\\\/\\\/americannutrition.es\\\/?s={search_term_string}\"},\"query-input\":{\"@type\":\"PropertyValueSpecification\",\"valueRequired\":true,\"valueName\":\"search_term_string\"}}],\"inLanguage\":\"fr-FR\"},{\"@type\":\"Organization\",\"@id\":\"https:\\\/\\\/americannutrition.es\\\/#organization\",\"name\":\"American Nutrition\u00ae| L\u00edderes en Suplementaci\u00f3n Deportiva\",\"url\":\"https:\\\/\\\/americannutrition.es\\\/\",\"logo\":{\"@type\":\"ImageObject\",\"inLanguage\":\"fr-FR\",\"@id\":\"https:\\\/\\\/americannutrition.es\\\/#\\\/schema\\\/logo\\\/image\\\/\",\"url\":\"https:\\\/\\\/americannutrition.es\\\/wp-content\\\/uploads\\\/2024\\\/03\\\/cropped-logo-de-redes-sociales-13.png\",\"contentUrl\":\"https:\\\/\\\/americannutrition.es\\\/wp-content\\\/uploads\\\/2024\\\/03\\\/cropped-logo-de-redes-sociales-13.png\",\"width\":512,\"height\":512,\"caption\":\"American Nutrition\u00ae| L\u00edderes en Suplementaci\u00f3n Deportiva\"},\"image\":{\"@id\":\"https:\\\/\\\/americannutrition.es\\\/#\\\/schema\\\/logo\\\/image\\\/\"},\"sameAs\":[\"https:\\\/\\\/www.facebook.com\\\/American.Nutrition\\\/\",\"https:\\\/\\\/x.com\\\/americanutri\",\"https:\\\/\\\/www.instagram.com\\\/an_americannutrition\",\"https:\\\/\\\/www.youtube.com\\\/channel\\\/UCOAZZ7ab3mzYRmq5yQ-SlGw\"]}]}<\/script>\n<!-- \/ Yoast SEO plugin. -->","yoast_head_json":{"title":"PROTEIN CREAM 330gr. - American Nutrition\u00ae Store","description":"\u00bfQuieres mejorar tu comida sin sacrificar prote\u00ednas ni a\u00f1adir az\u00facar? \u00a1Entonces an\u00edmate y compra PROTEIN CREAM 330gr. - American Nutrition\u00ae Store","robots":{"index":"index","follow":"follow","max-snippet":"max-snippet:-1","max-image-preview":"max-image-preview:large","max-video-preview":"max-video-preview:-1"},"canonical":"https:\/\/americannutrition.es\/fr\/productos\/crema-de-proteinas-330gr-de-gofitness\/","og_locale":"fr_FR","og_type":"article","og_title":"PROTEIN CREAM 330gr. - American Nutrition\u00ae Store","og_description":"Crema de Prote\u00ednas de GoFitness","og_url":"https:\/\/americannutrition.es\/fr\/productos\/crema-de-proteinas-330gr-de-gofitness\/","og_site_name":"American Nutrition\u00ae Store","article_publisher":"https:\/\/www.facebook.com\/American.Nutrition\/","article_modified_time":"2026-05-07T02:26:43+00:00","og_image":[{"width":1024,"height":1024,"url":"https:\/\/americannutrition.es\/wp-content\/uploads\/2026\/05\/CREAMS.webp","type":"image\/webp"}],"twitter_card":"summary_large_image","twitter_site":"@americanutri","twitter_misc":{"Dur\u00e9e de lecture estim\u00e9e":"2 minutes"},"schema":{"@context":"https:\/\/schema.org","@graph":[{"@type":"WebPage","@id":"https:\/\/americannutrition.es\/productos\/crema-de-proteinas-330gr-de-gofitness","url":"https:\/\/americannutrition.es\/productos\/crema-de-proteinas-330gr-de-gofitness","name":"PROTEIN CREAM 330gr. - American Nutrition\u00ae Store","isPartOf":{"@id":"https:\/\/americannutrition.es\/#website"},"primaryImageOfPage":{"@id":"https:\/\/americannutrition.es\/productos\/crema-de-proteinas-330gr-de-gofitness#primaryimage"},"image":{"@id":"https:\/\/americannutrition.es\/productos\/crema-de-proteinas-330gr-de-gofitness#primaryimage"},"thumbnailUrl":"https:\/\/i0.wp.com\/americannutrition.es\/wp-content\/uploads\/2026\/05\/GoFitness-1_1.webp?fit=1500%2C1500&ssl=1","datePublished":"2026-05-06T21:22:21+00:00","dateModified":"2026-05-07T02:26:43+00:00","description":"\u00bfQuieres mejorar tu comida sin sacrificar prote\u00ednas ni a\u00f1adir az\u00facar? \u00a1Entonces an\u00edmate y compra PROTEIN CREAM 330gr. - American Nutrition\u00ae Store","breadcrumb":{"@id":"https:\/\/americannutrition.es\/productos\/crema-de-proteinas-330gr-de-gofitness#breadcrumb"},"inLanguage":"fr-FR","potentialAction":[{"@type":"ReadAction","target":["https:\/\/americannutrition.es\/productos\/crema-de-proteinas-330gr-de-gofitness"]}]},{"@type":"ImageObject","inLanguage":"fr-FR","@id":"https:\/\/americannutrition.es\/productos\/crema-de-proteinas-330gr-de-gofitness#primaryimage","url":"https:\/\/i0.wp.com\/americannutrition.es\/wp-content\/uploads\/2026\/05\/GoFitness-1_1.webp?fit=1500%2C1500&ssl=1","contentUrl":"https:\/\/i0.wp.com\/americannutrition.es\/wp-content\/uploads\/2026\/05\/GoFitness-1_1.webp?fit=1500%2C1500&ssl=1","width":1500,"height":1500},{"@type":"BreadcrumbList","@id":"https:\/\/americannutrition.es\/productos\/crema-de-proteinas-330gr-de-gofitness#breadcrumb","itemListElement":[{"@type":"ListItem","position":1,"name":"Portada","item":"https:\/\/americannutrition.es\/"},{"@type":"ListItem","position":2,"name":"Productos","item":"https:\/\/americannutrition.es\/productos"},{"@type":"ListItem","position":3,"name":"PROTEIN CREAM 330gr."}]},{"@type":"WebSite","@id":"https:\/\/americannutrition.es\/#website","url":"https:\/\/americannutrition.es\/","name":"Nutrition Am\u00e9ricaine\u00ae","description":"Compl\u00e9ments sportifs de haute qualit\u00e9 pour les athl\u00e8tes","publisher":{"@id":"https:\/\/americannutrition.es\/#organization"},"potentialAction":[{"@type":"SearchAction","target":{"@type":"EntryPoint","urlTemplate":"https:\/\/americannutrition.es\/?s={search_term_string}"},"query-input":{"@type":"PropertyValueSpecification","valueRequired":true,"valueName":"search_term_string"}}],"inLanguage":"fr-FR"},{"@type":"Organization","@id":"https:\/\/americannutrition.es\/#organization","name":"American Nutrition\u00ae| L\u00edderes en Suplementaci\u00f3n Deportiva","url":"https:\/\/americannutrition.es\/","logo":{"@type":"ImageObject","inLanguage":"fr-FR","@id":"https:\/\/americannutrition.es\/#\/schema\/logo\/image\/","url":"https:\/\/americannutrition.es\/wp-content\/uploads\/2024\/03\/cropped-logo-de-redes-sociales-13.png","contentUrl":"https:\/\/americannutrition.es\/wp-content\/uploads\/2024\/03\/cropped-logo-de-redes-sociales-13.png","width":512,"height":512,"caption":"American Nutrition\u00ae| L\u00edderes en Suplementaci\u00f3n Deportiva"},"image":{"@id":"https:\/\/americannutrition.es\/#\/schema\/logo\/image\/"},"sameAs":["https:\/\/www.facebook.com\/American.Nutrition\/","https:\/\/x.com\/americanutri","https:\/\/www.instagram.com\/an_americannutrition","https:\/\/www.youtube.com\/channel\/UCOAZZ7ab3mzYRmq5yQ-SlGw"]}]}},"jetpack_sharing_enabled":true,"_links":{"self":[{"href":"https:\/\/americannutrition.es\/fr\/wp-json\/wp\/v2\/product\/9784","targetHints":{"allow":["GET"]}}],"collection":[{"href":"https:\/\/americannutrition.es\/fr\/wp-json\/wp\/v2\/product"}],"about":[{"href":"https:\/\/americannutrition.es\/fr\/wp-json\/wp\/v2\/types\/product"}],"replies":[{"embeddable":true,"href":"https:\/\/americannutrition.es\/fr\/wp-json\/wp\/v2\/comments?post=9784"}],"version-history":[{"count":6,"href":"https:\/\/americannutrition.es\/fr\/wp-json\/wp\/v2\/product\/9784\/revisions"}],"predecessor-version":[{"id":9806,"href":"https:\/\/americannutrition.es\/fr\/wp-json\/wp\/v2\/product\/9784\/revisions\/9806"}],"wp:featuredmedia":[{"embeddable":true,"href":"https:\/\/americannutrition.es\/fr\/wp-json\/wp\/v2\/media\/9798"}],"wp:attachment":[{"href":"https:\/\/americannutrition.es\/fr\/wp-json\/wp\/v2\/media?parent=9784"}],"wp:term":[{"taxonomy":"product_brand","embeddable":true,"href":"https:\/\/americannutrition.es\/fr\/wp-json\/wp\/v2\/product_brand?post=9784"},{"taxonomy":"product_cat","embeddable":true,"href":"https:\/\/americannutrition.es\/fr\/wp-json\/wp\/v2\/product_cat?post=9784"},{"taxonomy":"product_tag","embeddable":true,"href":"https:\/\/americannutrition.es\/fr\/wp-json\/wp\/v2\/product_tag?post=9784"}],"curies":[{"name":"wp","href":"https:\/\/api.w.org\/{rel}","templated":true}]}}