{"id":6143,"date":"2024-09-02T08:03:09","date_gmt":"2024-09-02T08:03:09","guid":{"rendered":"https:\/\/americannutrition.es\/?post_type=product&#038;p=6143"},"modified":"2026-02-23T12:19:45","modified_gmt":"2026-02-23T12:19:45","slug":"zero-protein","status":"publish","type":"product","link":"https:\/\/americannutrition.es\/fr\/productos\/zero-protein","title":{"rendered":"Z\u00e9ro Prot\u00e9ine"},"content":{"rendered":"<p>Zero Protein es un aislado de prote\u00edna de suero l\u00e1cteo, obtenido mediante microfiltraci\u00f3n, dise\u00f1ado para proporcionar una fuente pura y r\u00e1pida de prote\u00ednas de alta calidad.<\/p>\n<p>En primer lugar, este producto incluye aislado de prote\u00edna de suero l\u00e1cteo, emulsionante lecitina de soja, L-glutamina, amino\u00e1cidos ramificados (L-leucina, L-isoleucina y L-valina), inulina (proveniente de la achicoria) y aroma.<\/p>\n<p>Adem\u00e1s, contiene di\u00f3xido de silicio, enzimas digestivas bromelina (procedente de Ananas comosus, 1200 GDU\/g), enzima digestiva papa\u00edna (procedente de Carica papaya, 6000 USP\/mg), enzima digestiva lactasa, edulcorantes sucralosa y acesulfame-K.<\/p>\n<p>Finalmente, la combinaci\u00f3n de estos ingredientes asegura una recuperaci\u00f3n m\u00fascular post entrenamiento y libre de cualquier rastro de lactosa.<\/p>\n<p><strong>Tabla Nutricional:<\/strong><\/p>\n<table>\n<thead>\n<tr>\n<th>Nutriente<\/th>\n<th>Por 100 g<\/th>\n<th>Por 30 g<\/th>\n<\/tr>\n<\/thead>\n<tbody>\n<tr>\n<td>Valor energ\u00e9tico<\/td>\n<td>1525.00 kJ<\/td>\n<td>475.50 kJ<\/td>\n<\/tr>\n<tr>\n<td><\/td>\n<td>364.00 Kcal<\/td>\n<td>109.20 Kcal<\/td>\n<\/tr>\n<tr>\n<td>Grasas<\/td>\n<td>1.40 g<\/td>\n<td>0.42 g<\/td>\n<\/tr>\n<tr>\n<td>de las cuales saturadas<\/td>\n<td>\u00a0&lt;0.20 g<\/td>\n<td>0.06 g<\/td>\n<\/tr>\n<tr>\n<td>Hidratos de carbono<\/td>\n<td>&lt;0.40 g<\/td>\n<td>&lt;0.12 g<\/td>\n<\/tr>\n<tr>\n<td>de los cuales az\u00facares<\/td>\n<td>&lt;0.20 g<\/td>\n<td>&lt;0.06 g<\/td>\n<\/tr>\n<tr>\n<td>Prote\u00ednas<\/td>\n<td>89.00 g<\/td>\n<td>26.70 g<\/td>\n<\/tr>\n<tr>\n<td>Sal<\/td>\n<td>0.14 g<\/td>\n<td>0.04 g<\/td>\n<\/tr>\n<\/tbody>\n<\/table>\n<p><strong>Aminograma:<\/strong><\/p>\n<div class=\"flex max-w-full flex-col flex-grow\">\n<div class=\"min-h-[20px] text-message flex w-full flex-col items-end gap-2 break-words [.text-message+&amp;]:mt-5 overflow-x-auto whitespace-normal\" dir=\"auto\" data-message-author-role=\"assistant\" data-message-id=\"9c73cead-2efc-4246-8d64-b9f4d45283bf\">\n<div class=\"flex w-full flex-col gap-1 empty:hidden first:pt-[3px]\">\n<div class=\"markdown prose w-full break-words dark:prose-invert light\">\n<table>\n<thead>\n<tr>\n<th><strong>Amino\u00e1cido<\/strong><\/th>\n<th><strong>Por 100 g<\/strong><\/th>\n<\/tr>\n<\/thead>\n<tbody>\n<tr>\n<td><strong>Amino\u00e1cidos esenciales<\/strong><\/td>\n<td><\/td>\n<\/tr>\n<tr>\n<td>L-Histidina<\/td>\n<td>1.70 g<\/td>\n<\/tr>\n<tr>\n<td>L-Isoleucina<\/td>\n<td>7.20 g<\/td>\n<\/tr>\n<tr>\n<td>L-Leucina<\/td>\n<td>11.09 g<\/td>\n<\/tr>\n<tr>\n<td>L-Lisina<\/td>\n<td>10.70 g<\/td>\n<\/tr>\n<tr>\n<td>L-Metionina<\/td>\n<td>2.40 g<\/td>\n<\/tr>\n<tr>\n<td>L-Fenilalanina<\/td>\n<td>3.20 g<\/td>\n<\/tr>\n<tr>\n<td>L-Treonina<\/td>\n<td>7.90 g<\/td>\n<\/tr>\n<tr>\n<td>L-Triptofano<\/td>\n<td>1.90 g<\/td>\n<\/tr>\n<tr>\n<td>L-Valina<\/td>\n<td>6.40 g<\/td>\n<\/tr>\n<tr>\n<td><strong>Amino\u00e1cidos no esenciales<\/strong><\/td>\n<td><\/td>\n<\/tr>\n<tr>\n<td>L-Alanina<\/td>\n<td>5.90 g<\/td>\n<\/tr>\n<tr>\n<td>L-Arginina<\/td>\n<td>2.30 g<\/td>\n<\/tr>\n<tr>\n<td>\u00c1cido Asp\u00e1rtico<\/td>\n<td>11.80 g<\/td>\n<\/tr>\n<tr>\n<td>\u00c1cido Glut\u00e1mico<\/td>\n<td>19.80 g<\/td>\n<\/tr>\n<tr>\n<td>Glicina<\/td>\n<td>1.60 g<\/td>\n<\/tr>\n<tr>\n<td>L-Prolina<\/td>\n<td>6.90 g<\/td>\n<\/tr>\n<tr>\n<td>L-Serina<\/td>\n<td>5.10 g<\/td>\n<\/tr>\n<tr>\n<td>L-Tirosina<\/td>\n<td>3.00 g<\/td>\n<\/tr>\n<tr>\n<td>L-Ciste\u00edna<\/td>\n<td>1.90 g<\/td>\n<\/tr>\n<\/tbody>\n<\/table>\n<\/div>\n<\/div>\n<\/div>\n<\/div>\n<div class=\"mt-1 flex gap-3 empty:hidden -ml-2\">\n<div class=\"items-center justify-start rounded-xl p-1 flex\">\n<div class=\"flex items-center\">\n<div class=\"flex\"><\/div>\n<div class=\"flex items-center pb-0\">\n<div class=\"[&amp;_svg]:h-full [&amp;_svg]:w-full icon-md h-4 w-4\">\n<p><strong>Tama\u00f1os Disponibles:<\/strong><\/p>\n<ul>\n<li>1000 g<\/li>\n<\/ul>\n<p><strong>Cu\u00e1ndo Tomar:<\/strong><\/p>\n<ul>\n<li>Desayuno y Post entreno<\/li>\n<\/ul>\n<p>Zero Protein es perfecto para aquellos que buscan una fuente r\u00e1pida y eficiente de prote\u00edna de alta calidad, ideal para el crecimiento y la recuperaci\u00f3n muscular libre de cualquier rastro de lactosa.<\/p>\n<\/div>\n<\/div>\n<\/div>\n<\/div>\n<\/div>\n<p>&nbsp;<\/p>\n","protected":false},"excerpt":{"rendered":"<p>COMPLEMENTO ALIMENTICIO A BASE DE PROTE\u00cdNAS CON EDULCORANTES. Zero Protein es un aislado de prote\u00edna de suero l\u00e1cteo obtenido por microfiltraci\u00f3n, enriquecido con enzimas digestivas, amino\u00e1cidos a\u00f1adidos y fibra prebi\u00f3tica.<\/p>","protected":false},"featured_media":9514,"comment_status":"open","ping_status":"closed","template":"","meta":[],"product_brand":[],"product_cat":[510,18],"product_tag":[],"class_list":{"0":"post-6143","1":"product","2":"type-product","3":"status-publish","4":"has-post-thumbnail","6":"product_cat-complemento","7":"product_cat-proteinas","9":"first","10":"instock","11":"shipping-taxable","12":"purchasable","13":"product-type-variable"},"yoast_head":"<!-- This site is optimized with the Yoast SEO plugin v27.0 - https:\/\/yoast.com\/product\/yoast-seo-wordpress\/ -->\n<title>Zero Protein - American Nutrition\u00ae Store<\/title>\n<meta name=\"description\" content=\"Os presentamos Zero Protein, un producto perfecto para la recuperaci\u00f3n muscular y post entrenamiento y libre de suero l\u00e1cteo\" \/>\n<meta name=\"robots\" content=\"index, follow, max-snippet:-1, max-image-preview:large, max-video-preview:-1\" \/>\n<link rel=\"canonical\" href=\"https:\/\/americannutrition.es\/fr\/productos\/zero-protein\/\" \/>\n<meta property=\"og:locale\" content=\"fr_FR\" \/>\n<meta property=\"og:type\" content=\"article\" \/>\n<meta property=\"og:title\" content=\"Zero Protein - American Nutrition\u00ae Store\" \/>\n<meta property=\"og:description\" content=\"Os presentamos Zero Protein, un producto perfecto para la recuperaci\u00f3n muscular y post entrenamiento y libre de suero l\u00e1cteo\" \/>\n<meta property=\"og:url\" content=\"https:\/\/americannutrition.es\/fr\/productos\/zero-protein\/\" \/>\n<meta property=\"og:site_name\" content=\"American Nutrition\u00ae Store\" \/>\n<meta property=\"article:publisher\" content=\"https:\/\/www.facebook.com\/American.Nutrition\/\" \/>\n<meta property=\"article:modified_time\" content=\"2026-02-23T12:19:45+00:00\" \/>\n<meta property=\"og:image\" content=\"https:\/\/americannutrition.es\/wp-content\/uploads\/2024\/09\/an_optipep_1kg_pantera_rosa_zero_1_4x-scaled.webp\" \/>\n\t<meta property=\"og:image:width\" content=\"2560\" \/>\n\t<meta property=\"og:image:height\" content=\"2560\" \/>\n\t<meta property=\"og:image:type\" content=\"image\/webp\" \/>\n<meta name=\"twitter:card\" content=\"summary_large_image\" \/>\n<meta name=\"twitter:site\" content=\"@americanutri\" \/>\n<meta name=\"twitter:label1\" content=\"Dur\u00e9e de lecture estim\u00e9e\" \/>\n\t<meta name=\"twitter:data1\" content=\"2 minutes\" \/>\n<script type=\"application\/ld+json\" class=\"yoast-schema-graph\">{\"@context\":\"https:\/\/schema.org\",\"@graph\":[{\"@type\":\"WebPage\",\"@id\":\"https:\/\/americannutrition.es\/productos\/zero-protein\",\"url\":\"https:\/\/americannutrition.es\/productos\/zero-protein\",\"name\":\"Zero Protein - American Nutrition\u00ae Store\",\"isPartOf\":{\"@id\":\"https:\/\/americannutrition.es\/#website\"},\"primaryImageOfPage\":{\"@id\":\"https:\/\/americannutrition.es\/productos\/zero-protein#primaryimage\"},\"image\":{\"@id\":\"https:\/\/americannutrition.es\/productos\/zero-protein#primaryimage\"},\"thumbnailUrl\":\"https:\/\/i0.wp.com\/americannutrition.es\/wp-content\/uploads\/2024\/09\/an_optipep_1kg_pantera_rosa_zero_1_4x-scaled.webp?fit=2560%2C2560&ssl=1\",\"datePublished\":\"2024-09-02T08:03:09+00:00\",\"dateModified\":\"2026-02-23T12:19:45+00:00\",\"description\":\"Os presentamos Zero Protein, un producto perfecto para la recuperaci\u00f3n muscular y post entrenamiento y libre de suero l\u00e1cteo\",\"breadcrumb\":{\"@id\":\"https:\/\/americannutrition.es\/productos\/zero-protein#breadcrumb\"},\"inLanguage\":\"fr-FR\",\"potentialAction\":[{\"@type\":\"ReadAction\",\"target\":[\"https:\/\/americannutrition.es\/productos\/zero-protein\"]}]},{\"@type\":\"ImageObject\",\"inLanguage\":\"fr-FR\",\"@id\":\"https:\/\/americannutrition.es\/productos\/zero-protein#primaryimage\",\"url\":\"https:\/\/i0.wp.com\/americannutrition.es\/wp-content\/uploads\/2024\/09\/an_optipep_1kg_pantera_rosa_zero_1_4x-scaled.webp?fit=2560%2C2560&ssl=1\",\"contentUrl\":\"https:\/\/i0.wp.com\/americannutrition.es\/wp-content\/uploads\/2024\/09\/an_optipep_1kg_pantera_rosa_zero_1_4x-scaled.webp?fit=2560%2C2560&ssl=1\",\"width\":2560,\"height\":2560},{\"@type\":\"BreadcrumbList\",\"@id\":\"https:\/\/americannutrition.es\/productos\/zero-protein#breadcrumb\",\"itemListElement\":[{\"@type\":\"ListItem\",\"position\":1,\"name\":\"Portada\",\"item\":\"https:\/\/americannutrition.es\/\"},{\"@type\":\"ListItem\",\"position\":2,\"name\":\"Productos\",\"item\":\"https:\/\/americannutrition.es\/productos\"},{\"@type\":\"ListItem\",\"position\":3,\"name\":\"Zero Protein\"}]},{\"@type\":\"WebSite\",\"@id\":\"https:\/\/americannutrition.es\/#website\",\"url\":\"https:\/\/americannutrition.es\/\",\"name\":\"American Nutrition\u00ae\",\"description\":\"Suplementos deportivos de alta calidad para el deportista\",\"publisher\":{\"@id\":\"https:\/\/americannutrition.es\/#organization\"},\"potentialAction\":[{\"@type\":\"SearchAction\",\"target\":{\"@type\":\"EntryPoint\",\"urlTemplate\":\"https:\/\/americannutrition.es\/?s={search_term_string}\"},\"query-input\":{\"@type\":\"PropertyValueSpecification\",\"valueRequired\":true,\"valueName\":\"search_term_string\"}}],\"inLanguage\":\"fr-FR\"},{\"@type\":\"Organization\",\"@id\":\"https:\/\/americannutrition.es\/#organization\",\"name\":\"American Nutrition\u00ae| L\u00edderes en Suplementaci\u00f3n Deportiva\",\"url\":\"https:\/\/americannutrition.es\/\",\"logo\":{\"@type\":\"ImageObject\",\"inLanguage\":\"fr-FR\",\"@id\":\"https:\/\/americannutrition.es\/#\/schema\/logo\/image\/\",\"url\":\"https:\/\/americannutrition.es\/wp-content\/uploads\/2024\/03\/cropped-logo-de-redes-sociales-13.png\",\"contentUrl\":\"https:\/\/americannutrition.es\/wp-content\/uploads\/2024\/03\/cropped-logo-de-redes-sociales-13.png\",\"width\":512,\"height\":512,\"caption\":\"American Nutrition\u00ae| L\u00edderes en Suplementaci\u00f3n Deportiva\"},\"image\":{\"@id\":\"https:\/\/americannutrition.es\/#\/schema\/logo\/image\/\"},\"sameAs\":[\"https:\/\/www.facebook.com\/American.Nutrition\/\",\"https:\/\/x.com\/americanutri\",\"https:\/\/www.instagram.com\/an_americannutrition\",\"https:\/\/www.youtube.com\/channel\/UCOAZZ7ab3mzYRmq5yQ-SlGw\"]}]}<\/script>\n<!-- \/ Yoast SEO plugin. -->","yoast_head_json":{"title":"Zero Protein - American Nutrition\u00ae Store","description":"Os presentamos Zero Protein, un producto perfecto para la recuperaci\u00f3n muscular y post entrenamiento y libre de suero l\u00e1cteo","robots":{"index":"index","follow":"follow","max-snippet":"max-snippet:-1","max-image-preview":"max-image-preview:large","max-video-preview":"max-video-preview:-1"},"canonical":"https:\/\/americannutrition.es\/fr\/productos\/zero-protein\/","og_locale":"fr_FR","og_type":"article","og_title":"Zero Protein - American Nutrition\u00ae Store","og_description":"Os presentamos Zero Protein, un producto perfecto para la recuperaci\u00f3n muscular y post entrenamiento y libre de suero l\u00e1cteo","og_url":"https:\/\/americannutrition.es\/fr\/productos\/zero-protein\/","og_site_name":"American Nutrition\u00ae Store","article_publisher":"https:\/\/www.facebook.com\/American.Nutrition\/","article_modified_time":"2026-02-23T12:19:45+00:00","og_image":[{"width":2560,"height":2560,"url":"https:\/\/americannutrition.es\/wp-content\/uploads\/2024\/09\/an_optipep_1kg_pantera_rosa_zero_1_4x-scaled.webp","type":"image\/webp"}],"twitter_card":"summary_large_image","twitter_site":"@americanutri","twitter_misc":{"Dur\u00e9e de lecture estim\u00e9e":"2 minutes"},"schema":{"@context":"https:\/\/schema.org","@graph":[{"@type":"WebPage","@id":"https:\/\/americannutrition.es\/productos\/zero-protein","url":"https:\/\/americannutrition.es\/productos\/zero-protein","name":"Zero Protein - American Nutrition\u00ae Store","isPartOf":{"@id":"https:\/\/americannutrition.es\/#website"},"primaryImageOfPage":{"@id":"https:\/\/americannutrition.es\/productos\/zero-protein#primaryimage"},"image":{"@id":"https:\/\/americannutrition.es\/productos\/zero-protein#primaryimage"},"thumbnailUrl":"https:\/\/i0.wp.com\/americannutrition.es\/wp-content\/uploads\/2024\/09\/an_optipep_1kg_pantera_rosa_zero_1_4x-scaled.webp?fit=2560%2C2560&ssl=1","datePublished":"2024-09-02T08:03:09+00:00","dateModified":"2026-02-23T12:19:45+00:00","description":"Os presentamos Zero Protein, un producto perfecto para la recuperaci\u00f3n muscular y post entrenamiento y libre de suero l\u00e1cteo","breadcrumb":{"@id":"https:\/\/americannutrition.es\/productos\/zero-protein#breadcrumb"},"inLanguage":"fr-FR","potentialAction":[{"@type":"ReadAction","target":["https:\/\/americannutrition.es\/productos\/zero-protein"]}]},{"@type":"ImageObject","inLanguage":"fr-FR","@id":"https:\/\/americannutrition.es\/productos\/zero-protein#primaryimage","url":"https:\/\/i0.wp.com\/americannutrition.es\/wp-content\/uploads\/2024\/09\/an_optipep_1kg_pantera_rosa_zero_1_4x-scaled.webp?fit=2560%2C2560&ssl=1","contentUrl":"https:\/\/i0.wp.com\/americannutrition.es\/wp-content\/uploads\/2024\/09\/an_optipep_1kg_pantera_rosa_zero_1_4x-scaled.webp?fit=2560%2C2560&ssl=1","width":2560,"height":2560},{"@type":"BreadcrumbList","@id":"https:\/\/americannutrition.es\/productos\/zero-protein#breadcrumb","itemListElement":[{"@type":"ListItem","position":1,"name":"Portada","item":"https:\/\/americannutrition.es\/"},{"@type":"ListItem","position":2,"name":"Productos","item":"https:\/\/americannutrition.es\/productos"},{"@type":"ListItem","position":3,"name":"Zero Protein"}]},{"@type":"WebSite","@id":"https:\/\/americannutrition.es\/#website","url":"https:\/\/americannutrition.es\/","name":"Nutrition Am\u00e9ricaine\u00ae","description":"Compl\u00e9ments sportifs de haute qualit\u00e9 pour les athl\u00e8tes","publisher":{"@id":"https:\/\/americannutrition.es\/#organization"},"potentialAction":[{"@type":"SearchAction","target":{"@type":"EntryPoint","urlTemplate":"https:\/\/americannutrition.es\/?s={search_term_string}"},"query-input":{"@type":"PropertyValueSpecification","valueRequired":true,"valueName":"search_term_string"}}],"inLanguage":"fr-FR"},{"@type":"Organization","@id":"https:\/\/americannutrition.es\/#organization","name":"American Nutrition\u00ae| L\u00edderes en Suplementaci\u00f3n Deportiva","url":"https:\/\/americannutrition.es\/","logo":{"@type":"ImageObject","inLanguage":"fr-FR","@id":"https:\/\/americannutrition.es\/#\/schema\/logo\/image\/","url":"https:\/\/americannutrition.es\/wp-content\/uploads\/2024\/03\/cropped-logo-de-redes-sociales-13.png","contentUrl":"https:\/\/americannutrition.es\/wp-content\/uploads\/2024\/03\/cropped-logo-de-redes-sociales-13.png","width":512,"height":512,"caption":"American Nutrition\u00ae| L\u00edderes en Suplementaci\u00f3n Deportiva"},"image":{"@id":"https:\/\/americannutrition.es\/#\/schema\/logo\/image\/"},"sameAs":["https:\/\/www.facebook.com\/American.Nutrition\/","https:\/\/x.com\/americanutri","https:\/\/www.instagram.com\/an_americannutrition","https:\/\/www.youtube.com\/channel\/UCOAZZ7ab3mzYRmq5yQ-SlGw"]}]}},"jetpack_sharing_enabled":true,"_links":{"self":[{"href":"https:\/\/americannutrition.es\/fr\/wp-json\/wp\/v2\/product\/6143","targetHints":{"allow":["GET"]}}],"collection":[{"href":"https:\/\/americannutrition.es\/fr\/wp-json\/wp\/v2\/product"}],"about":[{"href":"https:\/\/americannutrition.es\/fr\/wp-json\/wp\/v2\/types\/product"}],"replies":[{"embeddable":true,"href":"https:\/\/americannutrition.es\/fr\/wp-json\/wp\/v2\/comments?post=6143"}],"version-history":[{"count":7,"href":"https:\/\/americannutrition.es\/fr\/wp-json\/wp\/v2\/product\/6143\/revisions"}],"predecessor-version":[{"id":7543,"href":"https:\/\/americannutrition.es\/fr\/wp-json\/wp\/v2\/product\/6143\/revisions\/7543"}],"wp:featuredmedia":[{"embeddable":true,"href":"https:\/\/americannutrition.es\/fr\/wp-json\/wp\/v2\/media\/9514"}],"wp:attachment":[{"href":"https:\/\/americannutrition.es\/fr\/wp-json\/wp\/v2\/media?parent=6143"}],"wp:term":[{"taxonomy":"product_brand","embeddable":true,"href":"https:\/\/americannutrition.es\/fr\/wp-json\/wp\/v2\/product_brand?post=6143"},{"taxonomy":"product_cat","embeddable":true,"href":"https:\/\/americannutrition.es\/fr\/wp-json\/wp\/v2\/product_cat?post=6143"},{"taxonomy":"product_tag","embeddable":true,"href":"https:\/\/americannutrition.es\/fr\/wp-json\/wp\/v2\/product_tag?post=6143"}],"curies":[{"name":"wp","href":"https:\/\/api.w.org\/{rel}","templated":true}]}}