{"id":4953,"date":"2024-06-05T15:08:54","date_gmt":"2024-06-05T15:08:54","guid":{"rendered":"https:\/\/americannutrition.es\/?post_type=product&#038;p=4953"},"modified":"2026-02-09T12:01:37","modified_gmt":"2026-02-09T12:01:37","slug":"nac-n-acetil-l-cisteina","status":"publish","type":"product","link":"https:\/\/americannutrition.es\/fr\/productos\/nac-n-acetil-l-cisteina","title":{"rendered":"NAC (N-ac\u00e9tyl L-cyst\u00e9ine)"},"content":{"rendered":"<section class=\"product-description\">\n<h1><strong>N-ACETYL L-CYSTEINE FORMULA \u2013 60 c\u00e1psulas de 600 mg<\/strong><\/h1>\n<details open=\"\">\n<summary><strong>Descripci\u00f3n del producto<\/strong><\/summary>\n<p><strong>N-ACETYL L-CYSTEINE FORMULA (NAC)<\/strong> de American Nutrition es un complemento alimenticio en c\u00e1psulas a base de<br \/>\n<strong>N-acetil-L-ciste\u00edna<\/strong>, una forma estable del amino\u00e1cido L-ciste\u00edna.<br \/>\nEste producto est\u00e1 elaborado con c\u00e1psulas vegetales y no contiene gluten ni lactosa.<br \/>\nCumple con la legislaci\u00f3n vigente sobre complementos alimenticios y etiquetado nutricional.<\/p>\n<\/details>\n<details>\n<summary><strong>Caracter\u00edsticas principales<\/strong><\/summary>\n<ul>\n<li>Complemento alimenticio a base de <strong>N-acetil-L-ciste\u00edna (NAC)<\/strong>.<\/li>\n<li><strong>600 mg de NAC<\/strong> por c\u00e1psula.<\/li>\n<li><strong>Libre de gluten y lactosa.<\/strong><\/li>\n<li><strong>C\u00e1psulas vegetales<\/strong> (apto para veganos).<\/li>\n<li><strong>Formato:<\/strong> 60 c\u00e1psulas de 600 mg.<\/li>\n<\/ul>\n<\/details>\n<details>\n<summary><strong>Modo de empleo<\/strong><\/summary>\n<p>Tomar <strong>1 c\u00e1psula al d\u00eda<\/strong>, preferiblemente <strong>antes de las comidas<\/strong>, con un vaso de agua.<\/p>\n<\/details>\n<details>\n<summary><strong>Dosis y presentaci\u00f3n<\/strong><\/summary>\n<ul>\n<li><strong>Dosis diaria recomendada:<\/strong> 1 c\u00e1psula.<\/li>\n<li><strong>Pr\u00e9sentation:<\/strong> C\u00e1psulas vegetales.<\/li>\n<li><strong>Cantidad neta:<\/strong> 36 g (60 c\u00e1psulas de 600 mg).<\/li>\n<\/ul>\n<\/details>\n<details>\n<summary><strong>Ingr\u00e9dients<\/strong><\/summary>\n<p><strong>N-acetil-L-ciste\u00edna<\/strong>, agente de carga (celulosa microcristalina), c\u00e1psula vegetal (hidroxipropilm<\/p>\n<\/details>\n<\/section>","protected":false},"excerpt":{"rendered":"<section class=\"product-description\">\n<h1><strong>N-ACETYL L-CYSTEINE FORMULA \u2013 60 c\u00e1psulas de 600 mg<\/strong><\/h1>\n<details open=\"\">\n<summary><strong>Descripci\u00f3n del producto<\/strong><\/summary>\n<p><strong>N-ACETYL L-CYSTEINE FORMULA (NAC)<\/strong> de American Nutrition es un complemento alimenticio en c\u00e1psulas a base de<br \/>\n<strong>N-acetil-L-ciste\u00edna<\/strong>, una forma estable del amino\u00e1cido L-ciste\u00edna.<br \/>\nEste producto est\u00e1 elaborado con c\u00e1psulas vegetales y no contiene gluten ni lactosa.<br \/>\nCumple con la legislaci\u00f3n vigente sobre complementos alimenticios y etiquetado nutricional.<\/p>\n<\/details>\n<details>\n<summary><strong>Caracter\u00edsticas principales<\/strong><\/summary>\n<ul>\n<li>Complemento alimenticio a base de <strong>N-acetil-L-ciste\u00edna (NAC)<\/strong>.<\/li>\n<li><strong>600 mg de NAC<\/strong> por c\u00e1psula.<\/li>\n<li><strong>Libre de gluten y lactosa.<\/strong><\/li>\n<li><strong>C\u00e1psulas vegetales<\/strong> (apto para veganos).<\/li>\n<li><strong>Formato:<\/strong> 60 c\u00e1psulas de 600 mg.<\/li>\n<\/ul>\n<\/details>\n<details>\n<summary><strong>Modo de empleo<\/strong><\/summary>\n<p>Tomar <strong>1 c\u00e1psula al d\u00eda<\/strong>, preferiblemente <strong>antes de las comidas<\/strong>, con un vaso de agua.<\/p>\n<\/details>\n<details>\n<summary><strong>Dosis y presentaci\u00f3n<\/strong><\/summary>\n<ul>\n<li><strong>Dosis diaria recomendada:<\/strong> 1 c\u00e1psula.<\/li>\n<li><strong>Pr\u00e9sentation:<\/strong> C\u00e1psulas vegetales.<\/li>\n<li><strong>Cantidad neta:<\/strong> 36 g (60 c\u00e1psulas de 600 mg).<\/li>\n<\/ul>\n<\/details>\n<details>\n<summary><strong>Ingr\u00e9dients<\/strong><\/summary>\n<p><strong>N-acetil-L-ciste\u00edna<\/strong>, agente de carga (celulosa microcristalina), c\u00e1psula vegetal (hidroxipropilm<\/p>\n<\/details>\n<\/section>","protected":false},"featured_media":8481,"comment_status":"open","ping_status":"closed","template":"","meta":[],"product_brand":[],"product_cat":[510,27],"product_tag":[],"class_list":{"0":"post-4953","1":"product","2":"type-product","3":"status-publish","4":"has-post-thumbnail","6":"product_cat-complemento","7":"product_cat-salud-y-bienestar","9":"first","10":"outofstock","11":"shipping-taxable","12":"purchasable","13":"product-type-simple"},"yoast_head":"<!-- This site is optimized with the Yoast SEO plugin v27.0 - https:\/\/yoast.com\/product\/yoast-seo-wordpress\/ -->\n<title>NAC (N-Acetil L-Ciste\u00edna) - American Nutrition\u00ae Store<\/title>\n<meta name=\"description\" content=\"NAC (N-Acetil L-Ciste\u00edna): Apoya la salud celular y el sistema inmunol\u00f3gico con 600 mg por c\u00e1psula. Potente antioxidante para un bienestar integral.\" \/>\n<meta name=\"robots\" content=\"index, follow, max-snippet:-1, max-image-preview:large, max-video-preview:-1\" \/>\n<link rel=\"canonical\" href=\"https:\/\/americannutrition.es\/fr\/productos\/nac-n-acetil-l-cisteina\/\" \/>\n<meta property=\"og:locale\" content=\"fr_FR\" \/>\n<meta property=\"og:type\" content=\"article\" \/>\n<meta property=\"og:title\" content=\"NAC (N-Acetil L-Ciste\u00edna) - American Nutrition\u00ae Store\" \/>\n<meta property=\"og:description\" content=\"NAC (N-Acetil L-Ciste\u00edna): Apoya la salud celular y el sistema inmunol\u00f3gico con 600 mg por c\u00e1psula. Potente antioxidante para un bienestar integral.\" \/>\n<meta property=\"og:url\" content=\"https:\/\/americannutrition.es\/fr\/productos\/nac-n-acetil-l-cisteina\/\" \/>\n<meta property=\"og:site_name\" content=\"American Nutrition\u00ae Store\" \/>\n<meta property=\"article:publisher\" content=\"https:\/\/www.facebook.com\/American.Nutrition\/\" \/>\n<meta property=\"article:modified_time\" content=\"2026-02-09T12:01:37+00:00\" \/>\n<meta property=\"og:image\" content=\"https:\/\/americannutrition.es\/wp-content\/uploads\/2025\/08\/NAC-1-copia.webp\" \/>\n\t<meta property=\"og:image:width\" content=\"1920\" \/>\n\t<meta property=\"og:image:height\" content=\"1080\" \/>\n\t<meta property=\"og:image:type\" content=\"image\/webp\" \/>\n<meta name=\"twitter:card\" content=\"summary_large_image\" \/>\n<meta name=\"twitter:site\" content=\"@americanutri\" \/>\n<meta name=\"twitter:label1\" content=\"Dur\u00e9e de lecture estim\u00e9e\" \/>\n\t<meta name=\"twitter:data1\" content=\"1 minute\" \/>\n<script type=\"application\/ld+json\" class=\"yoast-schema-graph\">{\"@context\":\"https:\/\/schema.org\",\"@graph\":[{\"@type\":\"WebPage\",\"@id\":\"https:\/\/americannutrition.es\/productos\/nac-n-acetil-l-cisteina\",\"url\":\"https:\/\/americannutrition.es\/productos\/nac-n-acetil-l-cisteina\",\"name\":\"NAC (N-Acetil L-Ciste\u00edna) - American Nutrition\u00ae Store\",\"isPartOf\":{\"@id\":\"https:\/\/americannutrition.es\/#website\"},\"primaryImageOfPage\":{\"@id\":\"https:\/\/americannutrition.es\/productos\/nac-n-acetil-l-cisteina#primaryimage\"},\"image\":{\"@id\":\"https:\/\/americannutrition.es\/productos\/nac-n-acetil-l-cisteina#primaryimage\"},\"thumbnailUrl\":\"https:\/\/i0.wp.com\/americannutrition.es\/wp-content\/uploads\/2025\/08\/NAC-1-copia.webp?fit=1920%2C1080&ssl=1\",\"datePublished\":\"2024-06-05T15:08:54+00:00\",\"dateModified\":\"2026-02-09T12:01:37+00:00\",\"description\":\"NAC (N-Acetil L-Ciste\u00edna): Apoya la salud celular y el sistema inmunol\u00f3gico con 600 mg por c\u00e1psula. Potente antioxidante para un bienestar integral.\",\"breadcrumb\":{\"@id\":\"https:\/\/americannutrition.es\/productos\/nac-n-acetil-l-cisteina#breadcrumb\"},\"inLanguage\":\"fr-FR\",\"potentialAction\":[{\"@type\":\"ReadAction\",\"target\":[\"https:\/\/americannutrition.es\/productos\/nac-n-acetil-l-cisteina\"]}]},{\"@type\":\"ImageObject\",\"inLanguage\":\"fr-FR\",\"@id\":\"https:\/\/americannutrition.es\/productos\/nac-n-acetil-l-cisteina#primaryimage\",\"url\":\"https:\/\/i0.wp.com\/americannutrition.es\/wp-content\/uploads\/2025\/08\/NAC-1-copia.webp?fit=1920%2C1080&ssl=1\",\"contentUrl\":\"https:\/\/i0.wp.com\/americannutrition.es\/wp-content\/uploads\/2025\/08\/NAC-1-copia.webp?fit=1920%2C1080&ssl=1\",\"width\":1920,\"height\":1080},{\"@type\":\"BreadcrumbList\",\"@id\":\"https:\/\/americannutrition.es\/productos\/nac-n-acetil-l-cisteina#breadcrumb\",\"itemListElement\":[{\"@type\":\"ListItem\",\"position\":1,\"name\":\"Portada\",\"item\":\"https:\/\/americannutrition.es\/\"},{\"@type\":\"ListItem\",\"position\":2,\"name\":\"Productos\",\"item\":\"https:\/\/americannutrition.es\/productos\"},{\"@type\":\"ListItem\",\"position\":3,\"name\":\"NAC (N-Acetil L-Ciste\u00edna)\"}]},{\"@type\":\"WebSite\",\"@id\":\"https:\/\/americannutrition.es\/#website\",\"url\":\"https:\/\/americannutrition.es\/\",\"name\":\"American Nutrition\u00ae\",\"description\":\"Suplementos deportivos de alta calidad para el deportista\",\"publisher\":{\"@id\":\"https:\/\/americannutrition.es\/#organization\"},\"potentialAction\":[{\"@type\":\"SearchAction\",\"target\":{\"@type\":\"EntryPoint\",\"urlTemplate\":\"https:\/\/americannutrition.es\/?s={search_term_string}\"},\"query-input\":{\"@type\":\"PropertyValueSpecification\",\"valueRequired\":true,\"valueName\":\"search_term_string\"}}],\"inLanguage\":\"fr-FR\"},{\"@type\":\"Organization\",\"@id\":\"https:\/\/americannutrition.es\/#organization\",\"name\":\"American Nutrition\u00ae| L\u00edderes en Suplementaci\u00f3n Deportiva\",\"url\":\"https:\/\/americannutrition.es\/\",\"logo\":{\"@type\":\"ImageObject\",\"inLanguage\":\"fr-FR\",\"@id\":\"https:\/\/americannutrition.es\/#\/schema\/logo\/image\/\",\"url\":\"https:\/\/americannutrition.es\/wp-content\/uploads\/2024\/03\/cropped-logo-de-redes-sociales-13.png\",\"contentUrl\":\"https:\/\/americannutrition.es\/wp-content\/uploads\/2024\/03\/cropped-logo-de-redes-sociales-13.png\",\"width\":512,\"height\":512,\"caption\":\"American Nutrition\u00ae| L\u00edderes en Suplementaci\u00f3n Deportiva\"},\"image\":{\"@id\":\"https:\/\/americannutrition.es\/#\/schema\/logo\/image\/\"},\"sameAs\":[\"https:\/\/www.facebook.com\/American.Nutrition\/\",\"https:\/\/x.com\/americanutri\",\"https:\/\/www.instagram.com\/an_americannutrition\",\"https:\/\/www.youtube.com\/channel\/UCOAZZ7ab3mzYRmq5yQ-SlGw\"]}]}<\/script>\n<!-- \/ Yoast SEO plugin. -->","yoast_head_json":{"title":"NAC (N-Acetil L-Ciste\u00edna) - American Nutrition\u00ae Store","description":"NAC (N-Acetil L-Ciste\u00edna): Apoya la salud celular y el sistema inmunol\u00f3gico con 600 mg por c\u00e1psula. Potente antioxidante para un bienestar integral.","robots":{"index":"index","follow":"follow","max-snippet":"max-snippet:-1","max-image-preview":"max-image-preview:large","max-video-preview":"max-video-preview:-1"},"canonical":"https:\/\/americannutrition.es\/fr\/productos\/nac-n-acetil-l-cisteina\/","og_locale":"fr_FR","og_type":"article","og_title":"NAC (N-Acetil L-Ciste\u00edna) - American Nutrition\u00ae Store","og_description":"NAC (N-Acetil L-Ciste\u00edna): Apoya la salud celular y el sistema inmunol\u00f3gico con 600 mg por c\u00e1psula. Potente antioxidante para un bienestar integral.","og_url":"https:\/\/americannutrition.es\/fr\/productos\/nac-n-acetil-l-cisteina\/","og_site_name":"American Nutrition\u00ae Store","article_publisher":"https:\/\/www.facebook.com\/American.Nutrition\/","article_modified_time":"2026-02-09T12:01:37+00:00","og_image":[{"width":1920,"height":1080,"url":"https:\/\/americannutrition.es\/wp-content\/uploads\/2025\/08\/NAC-1-copia.webp","type":"image\/webp"}],"twitter_card":"summary_large_image","twitter_site":"@americanutri","twitter_misc":{"Dur\u00e9e de lecture estim\u00e9e":"1 minute"},"schema":{"@context":"https:\/\/schema.org","@graph":[{"@type":"WebPage","@id":"https:\/\/americannutrition.es\/productos\/nac-n-acetil-l-cisteina","url":"https:\/\/americannutrition.es\/productos\/nac-n-acetil-l-cisteina","name":"NAC (N-Acetil L-Ciste\u00edna) - American Nutrition\u00ae Store","isPartOf":{"@id":"https:\/\/americannutrition.es\/#website"},"primaryImageOfPage":{"@id":"https:\/\/americannutrition.es\/productos\/nac-n-acetil-l-cisteina#primaryimage"},"image":{"@id":"https:\/\/americannutrition.es\/productos\/nac-n-acetil-l-cisteina#primaryimage"},"thumbnailUrl":"https:\/\/i0.wp.com\/americannutrition.es\/wp-content\/uploads\/2025\/08\/NAC-1-copia.webp?fit=1920%2C1080&ssl=1","datePublished":"2024-06-05T15:08:54+00:00","dateModified":"2026-02-09T12:01:37+00:00","description":"NAC (N-Acetil L-Ciste\u00edna): Apoya la salud celular y el sistema inmunol\u00f3gico con 600 mg por c\u00e1psula. Potente antioxidante para un bienestar integral.","breadcrumb":{"@id":"https:\/\/americannutrition.es\/productos\/nac-n-acetil-l-cisteina#breadcrumb"},"inLanguage":"fr-FR","potentialAction":[{"@type":"ReadAction","target":["https:\/\/americannutrition.es\/productos\/nac-n-acetil-l-cisteina"]}]},{"@type":"ImageObject","inLanguage":"fr-FR","@id":"https:\/\/americannutrition.es\/productos\/nac-n-acetil-l-cisteina#primaryimage","url":"https:\/\/i0.wp.com\/americannutrition.es\/wp-content\/uploads\/2025\/08\/NAC-1-copia.webp?fit=1920%2C1080&ssl=1","contentUrl":"https:\/\/i0.wp.com\/americannutrition.es\/wp-content\/uploads\/2025\/08\/NAC-1-copia.webp?fit=1920%2C1080&ssl=1","width":1920,"height":1080},{"@type":"BreadcrumbList","@id":"https:\/\/americannutrition.es\/productos\/nac-n-acetil-l-cisteina#breadcrumb","itemListElement":[{"@type":"ListItem","position":1,"name":"Portada","item":"https:\/\/americannutrition.es\/"},{"@type":"ListItem","position":2,"name":"Productos","item":"https:\/\/americannutrition.es\/productos"},{"@type":"ListItem","position":3,"name":"NAC (N-Acetil L-Ciste\u00edna)"}]},{"@type":"WebSite","@id":"https:\/\/americannutrition.es\/#website","url":"https:\/\/americannutrition.es\/","name":"Nutrition Am\u00e9ricaine\u00ae","description":"Compl\u00e9ments sportifs de haute qualit\u00e9 pour les athl\u00e8tes","publisher":{"@id":"https:\/\/americannutrition.es\/#organization"},"potentialAction":[{"@type":"SearchAction","target":{"@type":"EntryPoint","urlTemplate":"https:\/\/americannutrition.es\/?s={search_term_string}"},"query-input":{"@type":"PropertyValueSpecification","valueRequired":true,"valueName":"search_term_string"}}],"inLanguage":"fr-FR"},{"@type":"Organization","@id":"https:\/\/americannutrition.es\/#organization","name":"American Nutrition\u00ae| L\u00edderes en Suplementaci\u00f3n Deportiva","url":"https:\/\/americannutrition.es\/","logo":{"@type":"ImageObject","inLanguage":"fr-FR","@id":"https:\/\/americannutrition.es\/#\/schema\/logo\/image\/","url":"https:\/\/americannutrition.es\/wp-content\/uploads\/2024\/03\/cropped-logo-de-redes-sociales-13.png","contentUrl":"https:\/\/americannutrition.es\/wp-content\/uploads\/2024\/03\/cropped-logo-de-redes-sociales-13.png","width":512,"height":512,"caption":"American Nutrition\u00ae| L\u00edderes en Suplementaci\u00f3n Deportiva"},"image":{"@id":"https:\/\/americannutrition.es\/#\/schema\/logo\/image\/"},"sameAs":["https:\/\/www.facebook.com\/American.Nutrition\/","https:\/\/x.com\/americanutri","https:\/\/www.instagram.com\/an_americannutrition","https:\/\/www.youtube.com\/channel\/UCOAZZ7ab3mzYRmq5yQ-SlGw"]}]}},"jetpack_sharing_enabled":true,"_links":{"self":[{"href":"https:\/\/americannutrition.es\/fr\/wp-json\/wp\/v2\/product\/4953","targetHints":{"allow":["GET"]}}],"collection":[{"href":"https:\/\/americannutrition.es\/fr\/wp-json\/wp\/v2\/product"}],"about":[{"href":"https:\/\/americannutrition.es\/fr\/wp-json\/wp\/v2\/types\/product"}],"replies":[{"embeddable":true,"href":"https:\/\/americannutrition.es\/fr\/wp-json\/wp\/v2\/comments?post=4953"}],"version-history":[{"count":9,"href":"https:\/\/americannutrition.es\/fr\/wp-json\/wp\/v2\/product\/4953\/revisions"}],"predecessor-version":[{"id":9478,"href":"https:\/\/americannutrition.es\/fr\/wp-json\/wp\/v2\/product\/4953\/revisions\/9478"}],"wp:featuredmedia":[{"embeddable":true,"href":"https:\/\/americannutrition.es\/fr\/wp-json\/wp\/v2\/media\/8481"}],"wp:attachment":[{"href":"https:\/\/americannutrition.es\/fr\/wp-json\/wp\/v2\/media?parent=4953"}],"wp:term":[{"taxonomy":"product_brand","embeddable":true,"href":"https:\/\/americannutrition.es\/fr\/wp-json\/wp\/v2\/product_brand?post=4953"},{"taxonomy":"product_cat","embeddable":true,"href":"https:\/\/americannutrition.es\/fr\/wp-json\/wp\/v2\/product_cat?post=4953"},{"taxonomy":"product_tag","embeddable":true,"href":"https:\/\/americannutrition.es\/fr\/wp-json\/wp\/v2\/product_tag?post=4953"}],"curies":[{"name":"wp","href":"https:\/\/api.w.org\/{rel}","templated":true}]}}