{"id":4920,"date":"2024-06-05T11:26:59","date_gmt":"2024-06-05T11:26:59","guid":{"rendered":"https:\/\/americannutrition.es\/?post_type=product&#038;p=4920"},"modified":"2026-02-23T12:09:44","modified_gmt":"2026-02-23T12:09:44","slug":"vegan-protein","status":"publish","type":"product","link":"https:\/\/americannutrition.es\/fr\/productos\/vegan-protein","title":{"rendered":"Prot\u00e9ine v\u00e9g\u00e9talienne"},"content":{"rendered":"<p>La prot\u00e9ine v\u00e9g\u00e9talienne est compos\u00e9e de prot\u00e9ines de pois, d&#039;ar\u00f4mes, d&#039;\u00e9dulcorant (sucralose) et de colorant. Ce suppl\u00e9ment est id\u00e9al pour les v\u00e9g\u00e9taliens et les personnes intol\u00e9rantes aux produits laitiers \u00e0 la recherche d&#039;une prot\u00e9ine de haute qualit\u00e9 pour soutenir leur r\u00e9cup\u00e9ration musculaire et leurs performances. Disponible dans une vari\u00e9t\u00e9 de saveurs d\u00e9licieuses, Vegan Protein s&#039;adapte \u00e0 vos besoins alimentaires et gustatifs. *L&#039;ar\u00f4me et les ingr\u00e9dients sp\u00e9cifiques peuvent varier selon la saveur.<\/p>\n<p><strong>Dur\u00e9e de consommation recommand\u00e9e :<\/strong><\/p>\n<ul>\n<li>Apr\u00e8s l&#039;entra\u00eenement et en compl\u00e9ment quotidien<\/li>\n<\/ul>\n<p><strong>Informations nutritionnelles :<\/strong><\/p>\n<table>\n<thead>\n<tr>\n<th><strong>Saveur<\/strong><\/th>\n<th><strong>Par 100g<\/strong><\/th>\n<th><strong>Par portion (30 g)<\/strong><\/th>\n<\/tr>\n<\/thead>\n<tbody>\n<tr>\n<td><strong>Chocolat<\/strong><\/td>\n<td><\/td>\n<td><\/td>\n<\/tr>\n<tr>\n<td>Valeur \u00e9nerg\u00e9tique<\/td>\n<td>1674,00 kJ \/ 397 kcal<\/td>\n<td><\/td>\n<\/tr>\n<tr>\n<td>Les graisses<\/td>\n<td>9,20 g<\/td>\n<td><\/td>\n<\/tr>\n<tr>\n<td>Dont satur\u00e9s<\/td>\n<td>2,80 g<\/td>\n<td><\/td>\n<\/tr>\n<tr>\n<td>Glucides<\/td>\n<td>3,20 g<\/td>\n<td><\/td>\n<\/tr>\n<tr>\n<td>Dont sucres<\/td>\n<td>0,00 g<\/td>\n<td><\/td>\n<\/tr>\n<tr>\n<td>Fibres alimentaires<\/td>\n<td>5,30 g<\/td>\n<td><\/td>\n<\/tr>\n<tr>\n<td>Prot\u00e9ines<\/td>\n<td>73,00 g<\/td>\n<td><\/td>\n<\/tr>\n<tr>\n<td>Sel<\/td>\n<td>4,30 g<\/td>\n<td><\/td>\n<\/tr>\n<tr>\n<td><strong>Fraise<\/strong><\/td>\n<td><\/td>\n<td><\/td>\n<\/tr>\n<tr>\n<td>Valeur \u00e9nerg\u00e9tique<\/td>\n<td>1737,00 kJ \/ 411 kcal<\/td>\n<td><\/td>\n<\/tr>\n<tr>\n<td>Les graisses<\/td>\n<td>8,80 g<\/td>\n<td><\/td>\n<\/tr>\n<tr>\n<td>Dont satur\u00e9s<\/td>\n<td>2,10 g<\/td>\n<td><\/td>\n<\/tr>\n<tr>\n<td>Glucides<\/td>\n<td>3,20 g<\/td>\n<td><\/td>\n<\/tr>\n<tr>\n<td>Dont sucres<\/td>\n<td>0,00 g<\/td>\n<td><\/td>\n<\/tr>\n<tr>\n<td>Fibres alimentaires<\/td>\n<td>5,00 g<\/td>\n<td><\/td>\n<\/tr>\n<tr>\n<td>Prot\u00e9ines<\/td>\n<td>79,00 g<\/td>\n<td><\/td>\n<\/tr>\n<tr>\n<td>Sel<\/td>\n<td>4,90 g<\/td>\n<td><\/td>\n<\/tr>\n<tr>\n<td><strong>Vanille<\/strong><\/td>\n<td><\/td>\n<td><\/td>\n<\/tr>\n<tr>\n<td>Valeur \u00e9nerg\u00e9tique<\/td>\n<td>1726,00 kJ \/ 409 kcal<\/td>\n<td><\/td>\n<\/tr>\n<tr>\n<td>Les graisses<\/td>\n<td>8,70 g<\/td>\n<td><\/td>\n<\/tr>\n<tr>\n<td>Dont satur\u00e9s<\/td>\n<td>2,00 g<\/td>\n<td><\/td>\n<\/tr>\n<tr>\n<td>Glucides<\/td>\n<td>3,50 g<\/td>\n<td><\/td>\n<\/tr>\n<tr>\n<td>Dont sucres<\/td>\n<td>0,00 g<\/td>\n<td><\/td>\n<\/tr>\n<tr>\n<td>Fibres alimentaires<\/td>\n<td>5,30 g<\/td>\n<td><\/td>\n<\/tr>\n<tr>\n<td>Prot\u00e9ines<\/td>\n<td>79,00 g<\/td>\n<td><\/td>\n<\/tr>\n<tr>\n<td>Sel<\/td>\n<td>4,80 g<\/td>\n<\/tr>\n<\/tbody>\n<\/table>\n<p><strong>Mode d&#039;emploi :<\/strong> \u00ab Pour de meilleurs r\u00e9sultats, m\u00e9langez une portion de Vegan Protein avec de l&#039;eau ou du lait v\u00e9g\u00e9tal dans votre shaker post-entra\u00eenement ou comme suppl\u00e9ment prot\u00e9ique quotidien. \u00bb<\/p>\n<p><strong>Avertissements\u00a0:<\/strong> \u00abConsultez votre m\u00e9decin avant utilisation si vous avez des probl\u00e8mes de sant\u00e9. Ne pas utiliser comme seule source de nutrition.<\/p>","protected":false},"excerpt":{"rendered":"<p>BEBIDA AROMATIZADA EN POLVO A BASE DE PROTE\u00cdNAS. Vegan Protein es una bebida aromatizada en polvo a base de prote\u00ednas vegetales, ideal para quienes buscan una opci\u00f3n libre de productos animales sin comprometer la calidad ni el sabor.<\/p>","protected":false},"featured_media":9507,"comment_status":"open","ping_status":"closed","template":"","meta":[],"product_brand":[],"product_cat":[18],"product_tag":[],"class_list":{"0":"post-4920","1":"product","2":"type-product","3":"status-publish","4":"has-post-thumbnail","6":"product_cat-proteinas","8":"first","9":"instock","10":"shipping-taxable","11":"purchasable","12":"product-type-variable"},"yoast_head":"<!-- This site is optimized with the Yoast SEO plugin v27.0 - https:\/\/yoast.com\/product\/yoast-seo-wordpress\/ -->\n<title>Vegan Protein - American Nutrition\u00ae Store<\/title>\n<meta name=\"description\" content=\"\u00a1Descubre Vegan Protein, la opci\u00f3n ideal para tu estilo de vida vegetariano o vegano! Una fuente de prote\u00edna vegetal completa y deliciosa.\" \/>\n<meta name=\"robots\" content=\"index, follow, max-snippet:-1, max-image-preview:large, max-video-preview:-1\" \/>\n<link rel=\"canonical\" href=\"https:\/\/americannutrition.es\/fr\/productos\/vegan-protein\/\" \/>\n<meta property=\"og:locale\" content=\"fr_FR\" \/>\n<meta property=\"og:type\" content=\"article\" \/>\n<meta property=\"og:title\" content=\"Vegan Protein - American Nutrition\u00ae Store\" \/>\n<meta property=\"og:description\" content=\"\u00a1Descubre Vegan Protein, la opci\u00f3n ideal para tu estilo de vida vegetariano o vegano! Una fuente de prote\u00edna vegetal completa y deliciosa.\" \/>\n<meta property=\"og:url\" content=\"https:\/\/americannutrition.es\/fr\/productos\/vegan-protein\/\" \/>\n<meta property=\"og:site_name\" content=\"American Nutrition\u00ae Store\" \/>\n<meta property=\"article:publisher\" content=\"https:\/\/www.facebook.com\/American.Nutrition\/\" \/>\n<meta property=\"article:modified_time\" content=\"2026-02-23T12:09:44+00:00\" \/>\n<meta property=\"og:image\" content=\"https:\/\/americannutrition.es\/wp-content\/uploads\/2024\/06\/vegan_vainilla_1_4x-scaled.webp\" \/>\n\t<meta property=\"og:image:width\" content=\"2560\" \/>\n\t<meta property=\"og:image:height\" content=\"2560\" \/>\n\t<meta property=\"og:image:type\" content=\"image\/webp\" \/>\n<meta name=\"twitter:card\" content=\"summary_large_image\" \/>\n<meta name=\"twitter:site\" content=\"@americanutri\" \/>\n<meta name=\"twitter:label1\" content=\"Dur\u00e9e de lecture estim\u00e9e\" \/>\n\t<meta name=\"twitter:data1\" content=\"2 minutes\" \/>\n<script type=\"application\/ld+json\" class=\"yoast-schema-graph\">{\"@context\":\"https:\/\/schema.org\",\"@graph\":[{\"@type\":\"WebPage\",\"@id\":\"https:\/\/americannutrition.es\/productos\/vegan-protein\",\"url\":\"https:\/\/americannutrition.es\/productos\/vegan-protein\",\"name\":\"Vegan Protein - American Nutrition\u00ae Store\",\"isPartOf\":{\"@id\":\"https:\/\/americannutrition.es\/#website\"},\"primaryImageOfPage\":{\"@id\":\"https:\/\/americannutrition.es\/productos\/vegan-protein#primaryimage\"},\"image\":{\"@id\":\"https:\/\/americannutrition.es\/productos\/vegan-protein#primaryimage\"},\"thumbnailUrl\":\"https:\/\/i0.wp.com\/americannutrition.es\/wp-content\/uploads\/2024\/06\/vegan_vainilla_1_4x-scaled.webp?fit=2560%2C2560&ssl=1\",\"datePublished\":\"2024-06-05T11:26:59+00:00\",\"dateModified\":\"2026-02-23T12:09:44+00:00\",\"description\":\"\u00a1Descubre Vegan Protein, la opci\u00f3n ideal para tu estilo de vida vegetariano o vegano! Una fuente de prote\u00edna vegetal completa y deliciosa.\",\"breadcrumb\":{\"@id\":\"https:\/\/americannutrition.es\/productos\/vegan-protein#breadcrumb\"},\"inLanguage\":\"fr-FR\",\"potentialAction\":[{\"@type\":\"ReadAction\",\"target\":[\"https:\/\/americannutrition.es\/productos\/vegan-protein\"]}]},{\"@type\":\"ImageObject\",\"inLanguage\":\"fr-FR\",\"@id\":\"https:\/\/americannutrition.es\/productos\/vegan-protein#primaryimage\",\"url\":\"https:\/\/i0.wp.com\/americannutrition.es\/wp-content\/uploads\/2024\/06\/vegan_vainilla_1_4x-scaled.webp?fit=2560%2C2560&ssl=1\",\"contentUrl\":\"https:\/\/i0.wp.com\/americannutrition.es\/wp-content\/uploads\/2024\/06\/vegan_vainilla_1_4x-scaled.webp?fit=2560%2C2560&ssl=1\",\"width\":2560,\"height\":2560},{\"@type\":\"BreadcrumbList\",\"@id\":\"https:\/\/americannutrition.es\/productos\/vegan-protein#breadcrumb\",\"itemListElement\":[{\"@type\":\"ListItem\",\"position\":1,\"name\":\"Portada\",\"item\":\"https:\/\/americannutrition.es\/\"},{\"@type\":\"ListItem\",\"position\":2,\"name\":\"Productos\",\"item\":\"https:\/\/americannutrition.es\/productos\"},{\"@type\":\"ListItem\",\"position\":3,\"name\":\"Vegan Protein\"}]},{\"@type\":\"WebSite\",\"@id\":\"https:\/\/americannutrition.es\/#website\",\"url\":\"https:\/\/americannutrition.es\/\",\"name\":\"American Nutrition\u00ae\",\"description\":\"Suplementos deportivos de alta calidad para el deportista\",\"publisher\":{\"@id\":\"https:\/\/americannutrition.es\/#organization\"},\"potentialAction\":[{\"@type\":\"SearchAction\",\"target\":{\"@type\":\"EntryPoint\",\"urlTemplate\":\"https:\/\/americannutrition.es\/?s={search_term_string}\"},\"query-input\":{\"@type\":\"PropertyValueSpecification\",\"valueRequired\":true,\"valueName\":\"search_term_string\"}}],\"inLanguage\":\"fr-FR\"},{\"@type\":\"Organization\",\"@id\":\"https:\/\/americannutrition.es\/#organization\",\"name\":\"American Nutrition\u00ae| L\u00edderes en Suplementaci\u00f3n Deportiva\",\"url\":\"https:\/\/americannutrition.es\/\",\"logo\":{\"@type\":\"ImageObject\",\"inLanguage\":\"fr-FR\",\"@id\":\"https:\/\/americannutrition.es\/#\/schema\/logo\/image\/\",\"url\":\"https:\/\/americannutrition.es\/wp-content\/uploads\/2024\/03\/cropped-logo-de-redes-sociales-13.png\",\"contentUrl\":\"https:\/\/americannutrition.es\/wp-content\/uploads\/2024\/03\/cropped-logo-de-redes-sociales-13.png\",\"width\":512,\"height\":512,\"caption\":\"American Nutrition\u00ae| L\u00edderes en Suplementaci\u00f3n Deportiva\"},\"image\":{\"@id\":\"https:\/\/americannutrition.es\/#\/schema\/logo\/image\/\"},\"sameAs\":[\"https:\/\/www.facebook.com\/American.Nutrition\/\",\"https:\/\/x.com\/americanutri\",\"https:\/\/www.instagram.com\/an_americannutrition\",\"https:\/\/www.youtube.com\/channel\/UCOAZZ7ab3mzYRmq5yQ-SlGw\"]}]}<\/script>\n<!-- \/ Yoast SEO plugin. -->","yoast_head_json":{"title":"Vegan Protein - American Nutrition\u00ae Store","description":"\u00a1Descubre Vegan Protein, la opci\u00f3n ideal para tu estilo de vida vegetariano o vegano! Una fuente de prote\u00edna vegetal completa y deliciosa.","robots":{"index":"index","follow":"follow","max-snippet":"max-snippet:-1","max-image-preview":"max-image-preview:large","max-video-preview":"max-video-preview:-1"},"canonical":"https:\/\/americannutrition.es\/fr\/productos\/vegan-protein\/","og_locale":"fr_FR","og_type":"article","og_title":"Vegan Protein - American Nutrition\u00ae Store","og_description":"\u00a1Descubre Vegan Protein, la opci\u00f3n ideal para tu estilo de vida vegetariano o vegano! Una fuente de prote\u00edna vegetal completa y deliciosa.","og_url":"https:\/\/americannutrition.es\/fr\/productos\/vegan-protein\/","og_site_name":"American Nutrition\u00ae Store","article_publisher":"https:\/\/www.facebook.com\/American.Nutrition\/","article_modified_time":"2026-02-23T12:09:44+00:00","og_image":[{"width":2560,"height":2560,"url":"https:\/\/americannutrition.es\/wp-content\/uploads\/2024\/06\/vegan_vainilla_1_4x-scaled.webp","type":"image\/webp"}],"twitter_card":"summary_large_image","twitter_site":"@americanutri","twitter_misc":{"Dur\u00e9e de lecture estim\u00e9e":"2 minutes"},"schema":{"@context":"https:\/\/schema.org","@graph":[{"@type":"WebPage","@id":"https:\/\/americannutrition.es\/productos\/vegan-protein","url":"https:\/\/americannutrition.es\/productos\/vegan-protein","name":"Vegan Protein - American Nutrition\u00ae Store","isPartOf":{"@id":"https:\/\/americannutrition.es\/#website"},"primaryImageOfPage":{"@id":"https:\/\/americannutrition.es\/productos\/vegan-protein#primaryimage"},"image":{"@id":"https:\/\/americannutrition.es\/productos\/vegan-protein#primaryimage"},"thumbnailUrl":"https:\/\/i0.wp.com\/americannutrition.es\/wp-content\/uploads\/2024\/06\/vegan_vainilla_1_4x-scaled.webp?fit=2560%2C2560&ssl=1","datePublished":"2024-06-05T11:26:59+00:00","dateModified":"2026-02-23T12:09:44+00:00","description":"\u00a1Descubre Vegan Protein, la opci\u00f3n ideal para tu estilo de vida vegetariano o vegano! Una fuente de prote\u00edna vegetal completa y deliciosa.","breadcrumb":{"@id":"https:\/\/americannutrition.es\/productos\/vegan-protein#breadcrumb"},"inLanguage":"fr-FR","potentialAction":[{"@type":"ReadAction","target":["https:\/\/americannutrition.es\/productos\/vegan-protein"]}]},{"@type":"ImageObject","inLanguage":"fr-FR","@id":"https:\/\/americannutrition.es\/productos\/vegan-protein#primaryimage","url":"https:\/\/i0.wp.com\/americannutrition.es\/wp-content\/uploads\/2024\/06\/vegan_vainilla_1_4x-scaled.webp?fit=2560%2C2560&ssl=1","contentUrl":"https:\/\/i0.wp.com\/americannutrition.es\/wp-content\/uploads\/2024\/06\/vegan_vainilla_1_4x-scaled.webp?fit=2560%2C2560&ssl=1","width":2560,"height":2560},{"@type":"BreadcrumbList","@id":"https:\/\/americannutrition.es\/productos\/vegan-protein#breadcrumb","itemListElement":[{"@type":"ListItem","position":1,"name":"Portada","item":"https:\/\/americannutrition.es\/"},{"@type":"ListItem","position":2,"name":"Productos","item":"https:\/\/americannutrition.es\/productos"},{"@type":"ListItem","position":3,"name":"Vegan Protein"}]},{"@type":"WebSite","@id":"https:\/\/americannutrition.es\/#website","url":"https:\/\/americannutrition.es\/","name":"Nutrition Am\u00e9ricaine\u00ae","description":"Compl\u00e9ments sportifs de haute qualit\u00e9 pour les athl\u00e8tes","publisher":{"@id":"https:\/\/americannutrition.es\/#organization"},"potentialAction":[{"@type":"SearchAction","target":{"@type":"EntryPoint","urlTemplate":"https:\/\/americannutrition.es\/?s={search_term_string}"},"query-input":{"@type":"PropertyValueSpecification","valueRequired":true,"valueName":"search_term_string"}}],"inLanguage":"fr-FR"},{"@type":"Organization","@id":"https:\/\/americannutrition.es\/#organization","name":"American Nutrition\u00ae| L\u00edderes en Suplementaci\u00f3n Deportiva","url":"https:\/\/americannutrition.es\/","logo":{"@type":"ImageObject","inLanguage":"fr-FR","@id":"https:\/\/americannutrition.es\/#\/schema\/logo\/image\/","url":"https:\/\/americannutrition.es\/wp-content\/uploads\/2024\/03\/cropped-logo-de-redes-sociales-13.png","contentUrl":"https:\/\/americannutrition.es\/wp-content\/uploads\/2024\/03\/cropped-logo-de-redes-sociales-13.png","width":512,"height":512,"caption":"American Nutrition\u00ae| L\u00edderes en Suplementaci\u00f3n Deportiva"},"image":{"@id":"https:\/\/americannutrition.es\/#\/schema\/logo\/image\/"},"sameAs":["https:\/\/www.facebook.com\/American.Nutrition\/","https:\/\/x.com\/americanutri","https:\/\/www.instagram.com\/an_americannutrition","https:\/\/www.youtube.com\/channel\/UCOAZZ7ab3mzYRmq5yQ-SlGw"]}]}},"jetpack_sharing_enabled":true,"_links":{"self":[{"href":"https:\/\/americannutrition.es\/fr\/wp-json\/wp\/v2\/product\/4920","targetHints":{"allow":["GET"]}}],"collection":[{"href":"https:\/\/americannutrition.es\/fr\/wp-json\/wp\/v2\/product"}],"about":[{"href":"https:\/\/americannutrition.es\/fr\/wp-json\/wp\/v2\/types\/product"}],"replies":[{"embeddable":true,"href":"https:\/\/americannutrition.es\/fr\/wp-json\/wp\/v2\/comments?post=4920"}],"version-history":[{"count":9,"href":"https:\/\/americannutrition.es\/fr\/wp-json\/wp\/v2\/product\/4920\/revisions"}],"predecessor-version":[{"id":9484,"href":"https:\/\/americannutrition.es\/fr\/wp-json\/wp\/v2\/product\/4920\/revisions\/9484"}],"wp:featuredmedia":[{"embeddable":true,"href":"https:\/\/americannutrition.es\/fr\/wp-json\/wp\/v2\/media\/9507"}],"wp:attachment":[{"href":"https:\/\/americannutrition.es\/fr\/wp-json\/wp\/v2\/media?parent=4920"}],"wp:term":[{"taxonomy":"product_brand","embeddable":true,"href":"https:\/\/americannutrition.es\/fr\/wp-json\/wp\/v2\/product_brand?post=4920"},{"taxonomy":"product_cat","embeddable":true,"href":"https:\/\/americannutrition.es\/fr\/wp-json\/wp\/v2\/product_cat?post=4920"},{"taxonomy":"product_tag","embeddable":true,"href":"https:\/\/americannutrition.es\/fr\/wp-json\/wp\/v2\/product_tag?post=4920"}],"curies":[{"name":"wp","href":"https:\/\/api.w.org\/{rel}","templated":true}]}}