{"id":4786,"date":"2024-05-13T11:31:14","date_gmt":"2024-05-13T11:31:14","guid":{"rendered":"https:\/\/americannutrition.es\/?post_type=product&#038;p=4786"},"modified":"2026-02-23T12:06:06","modified_gmt":"2026-02-23T12:06:06","slug":"ovo-prot","status":"publish","type":"product","link":"https:\/\/americannutrition.es\/fr\/productos\/ovo-prot","title":{"rendered":"OVO PROT"},"content":{"rendered":"<section class=\"product-description\">\n<h1><strong>OVO PROT\u00a0<\/strong><\/h1>\n<details open=\"\">\n<summary><strong>Descripci\u00f3n del producto<\/strong><\/summary>\n<p><strong>OVO PROT<\/strong> es un complemento alimenticio en polvo a base de<br \/>\n<strong>prote\u00edna procedente de la clara de huevo de gallina<\/strong>, con enzimas digestivas <strong>DigeZyme\u00ae<\/strong> y edulcorante.<br \/>\nSu f\u00f3rmula proporciona una fuente de prote\u00edna de alto valor biol\u00f3gico, sin lactosa, sin gluten y con bajo contenido en grasas y carbohidratos.<br \/>\nDisponible en varios sabores: <strong>Chocolat<\/strong>, <strong>Cr\u00e8me anglaise \u00e0 la vanille et biscuit<\/strong> et <strong>Ar\u00e1ndanos y moras<\/strong>.<\/p>\n<p>Este producto cumple con la legislaci\u00f3n vigente sobre complementos alimenticios y etiquetado nutricional.<\/p>\n<\/details>\n<details>\n<summary><strong>Caracter\u00edsticas principales<\/strong><\/summary>\n<ul>\n<li><strong>100% prote\u00edna de clara de huevo de gallina<\/strong>.<\/li>\n<li><strong>Sans lactose<\/strong> et <strong>sin gluten<\/strong>.<\/li>\n<li>Con <strong>enzimas digestivas DigeZyme\u00ae<\/strong> para una mejor digesti\u00f3n.<\/li>\n<li><strong>Bajo contenido en grasa y carbohidratos.<\/strong><\/li>\n<li>Disponible en 3 sabores: <strong>Chocolat<\/strong>, <strong>Cr\u00e8me anglaise \u00e0 la vanille et biscuit<\/strong> et <strong>Ar\u00e1ndanos y moras<\/strong>.<\/li>\n<li><strong>Formato:<\/strong> 1 kg (aproximadamente 33 raciones).<\/li>\n<\/ul>\n<\/details>\n<details>\n<summary><strong>Modo de empleo<\/strong><\/summary>\n<p>Mezclar <strong>30 g de producto<\/strong> con <strong>250 ml de agua o leche desnatada<\/strong>.<br \/>\nRealizar 1 toma al d\u00eda, preferiblemente despu\u00e9s del ejercicio f\u00edsico.<br \/>\nPara una dosificaci\u00f3n precisa, se recomienda utilizar una b\u00e1scula digital.<\/p>\n<\/details>\n<details>\n<summary><strong>Composici\u00f3n nutricional<\/strong><\/summary>\n<table>\n<thead>\n<tr>\n<th>Par 100g<\/th>\n<th>Pour 30 g<\/th>\n<\/tr>\n<\/thead>\n<tbody>\n<tr>\n<td>1530 kJ \/ 360 kcal<\/td>\n<td>461 kJ \/ 109 kcal<\/td>\n<\/tr>\n<tr>\n<td>Grasas: 0,83 g<\/td>\n<td>0,25 g<\/td>\n<\/tr>\n<tr>\n<td>De las cuales saturadas: 0,30 g<\/td>\n<td>0,09 g<\/td>\n<\/tr>\n<tr>\n<td>Hidratos de carbono: 3,40 g<\/td>\n<td>1,02 g<\/td>\n<\/tr>\n<tr>\n<td>De los cuales az\u00facares: 0,40 g<\/td>\n<td>0,12 g<\/td>\n<\/tr>\n<tr>\n<td>Prote\u00ednas: 92,00 g<\/td>\n<td>27,60 g<\/td>\n<\/tr>\n<tr>\n<td>Sal: 3,10 g<\/td>\n<td>0,93 g<\/td>\n<\/tr>\n<\/tbody>\n<\/table>\n<\/details>\n<details>\n<summary><strong>Ingr\u00e9dients<\/strong><\/summary>\n<p><strong>Sabor Natilla de vainilla con galleta:<\/strong> Prote\u00edna procedente de la clara de huevo de gallina, aroma de natilla de vainilla,<br \/>\naroma de galleta, edulcorante (<strong>sucralosa<\/strong>), enzimas digestivas <strong>DigeZyme\u00ae<\/strong> y colorante <strong>betacaroteno<\/strong>.<\/p>\n<p><em>Puede contener trazas de:<\/em> cereales que contienen gluten, crust\u00e1ceos, huevos, pescado, cacahuetes, soja, frutos de c\u00e1scara, altramuces, di\u00f3xido de azufre y sulfitos.<\/p>\n<\/details>\n<details><\/details>\n<\/section>","protected":false},"excerpt":{"rendered":"<section class=\"product-description\">\n<h1><strong>OVO PROT<\/strong><\/h1>\n<details open=\"\">\n<summary><strong>Descripci\u00f3n del producto<\/strong><\/summary>\n<p><strong>OVO PROT<\/strong> es un complemento alimenticio en polvo a base de<br \/>\n<strong>prote\u00edna procedente de la clara de huevo de gallina<\/strong>, con enzimas digestivas <strong>DigeZyme\u00ae<\/strong> y edulcorante.<br \/>\nSu f\u00f3rmula proporciona una fuente de prote\u00edna de alto valor biol\u00f3gico, sin lactosa, sin gluten y con bajo contenido en grasas y carbohidratos.<br \/>\nDisponible en varios sabores: <strong>Chocolat<\/strong>, <strong>Cr\u00e8me anglaise \u00e0 la vanille et biscuit<\/strong> et <strong>Ar\u00e1ndanos y moras<\/strong>.<\/p>\n<p>Este producto cumple con la legislaci\u00f3n vigente sobre complementos alimenticios y etiquetado nutricional.<\/p>\n<\/details>\n<details>\n<summary><strong>Caracter\u00edsticas principales<\/strong><\/summary>\n<ul>\n<li><strong>100% prote\u00edna de clara de huevo de gallina<\/strong>.<\/li>\n<li><strong>Sans lactose<\/strong> et <strong>sin gluten<\/strong>.<\/li>\n<li>Con <strong>enzimas digestivas DigeZyme\u00ae<\/strong> para una mejor digesti\u00f3n.<\/li>\n<li><strong>Bajo contenido en grasa y carbohidratos.<\/strong><\/li>\n<li>Disponible en 3 sabores: <strong>Chocolat<\/strong>, <strong>Cr\u00e8me anglaise \u00e0 la vanille et biscuit<\/strong> et <strong>Ar\u00e1ndanos y moras<\/strong>.<\/li>\n<li><strong>Formato:<\/strong> 1 kg (aproximadamente 33 raciones).<\/li>\n<\/ul>\n<\/details>\n<details>\n<summary><strong>Modo de empleo<\/strong><\/summary>\n<p>Mezclar <strong>30 g de producto<\/strong> con <strong>250 ml de agua o leche desnatada<\/strong>.<br \/>\nRealizar 1 toma al d\u00eda, preferiblemente despu\u00e9s del ejercicio f\u00edsico.<br \/>\nPara una dosificaci\u00f3n precisa, se recomienda utilizar una b\u00e1scula digital.<\/p>\n<\/details>\n<details>\n<summary><strong>Composici\u00f3n nutricional<\/strong><\/summary>\n<table>\n<thead>\n<tr>\n<th>Par 100g<\/th>\n<th>Pour 30 g<\/th>\n<\/tr>\n<\/thead>\n<tbody>\n<tr>\n<td>1530 kJ \/ 360 kcal<\/td>\n<td>461 kJ \/ 109 kcal<\/td>\n<\/tr>\n<tr>\n<td>Grasas: 0,83 g<\/td>\n<td>0,25 g<\/td>\n<\/tr>\n<tr>\n<td>De las cuales saturadas: 0,30 g<\/td>\n<td>0,09 g<\/td>\n<\/tr>\n<tr>\n<td>Hidratos de carbono: 3,40 g<\/td>\n<td>1,02 g<\/td>\n<\/tr>\n<tr>\n<td>De los cuales az\u00facares: 0,40 g<\/td>\n<td>0,12 g<\/td>\n<\/tr>\n<tr>\n<td>Prote\u00ednas: 92,00 g<\/td>\n<td>27,60 g<\/td>\n<\/tr>\n<tr>\n<td>Sal: 3,10 g<\/td>\n<td>0,93 g<\/td>\n<\/tr>\n<\/tbody>\n<\/table>\n<\/details>\n<details>\n<summary><strong>Ingr\u00e9dients<\/strong><\/summary>\n<p><strong>Sabor Natilla de vainilla con galleta:<\/strong> Prote\u00edna procedente de la clara de huevo de gallina, aroma de natilla de vainilla,<br \/>\naroma de galleta, edulcorante (<strong>sucralosa<\/strong>), enzimas digestivas <strong>DigeZyme\u00ae<\/strong> y colorante <strong>betacaroteno<\/strong>.<\/p>\n<p><em>Puede contener trazas de:<\/em> cereales que contienen gluten, crust\u00e1ceos, huevos, pescado, cacahuetes, soja, frutos de c\u00e1scara, altramuces, di\u00f3xido de azufre y sulfitos.<\/p>\n<\/details>\n<details><\/details>\n<\/section>","protected":false},"featured_media":9505,"comment_status":"open","ping_status":"closed","template":"","meta":[],"product_brand":[],"product_cat":[510,18],"product_tag":[],"class_list":{"0":"post-4786","1":"product","2":"type-product","3":"status-publish","4":"has-post-thumbnail","6":"product_cat-complemento","7":"product_cat-proteinas","9":"first","10":"instock","11":"shipping-taxable","12":"purchasable","13":"product-type-variable"},"yoast_head":"<!-- This site is optimized with the Yoast SEO plugin v27.5 - https:\/\/yoast.com\/product\/yoast-seo-wordpress\/ -->\n<title>OVO PROT - American Nutrition\u00ae Store<\/title>\n<meta name=\"description\" content=\"OVO PROT es una f\u00f3rmula de prote\u00edna de huevo 100%, derivada de la clara de huevo de gallina. Este suplemento mejora la digesti\u00f3n y absorci\u00f3n.\" \/>\n<meta name=\"robots\" content=\"index, follow, max-snippet:-1, max-image-preview:large, max-video-preview:-1\" \/>\n<link rel=\"canonical\" href=\"https:\/\/americannutrition.es\/fr\/productos\/ovo-prot\/\" \/>\n<meta property=\"og:locale\" content=\"fr_FR\" \/>\n<meta property=\"og:type\" content=\"article\" \/>\n<meta property=\"og:title\" content=\"OVO PROT - American Nutrition\u00ae Store\" \/>\n<meta property=\"og:description\" content=\"OVO PROT es una f\u00f3rmula de prote\u00edna de huevo 100%, derivada de la clara de huevo de gallina. Este suplemento mejora la digesti\u00f3n y absorci\u00f3n.\" \/>\n<meta property=\"og:url\" content=\"https:\/\/americannutrition.es\/fr\/productos\/ovo-prot\/\" \/>\n<meta property=\"og:site_name\" content=\"American Nutrition\u00ae Store\" \/>\n<meta property=\"article:publisher\" content=\"https:\/\/www.facebook.com\/American.Nutrition\/\" \/>\n<meta property=\"article:modified_time\" content=\"2026-02-23T12:06:06+00:00\" \/>\n<meta property=\"og:image\" content=\"https:\/\/americannutrition.es\/wp-content\/uploads\/2024\/05\/ovoprot_vainilla_1_4x-scaled.webp\" \/>\n\t<meta property=\"og:image:width\" content=\"2560\" \/>\n\t<meta property=\"og:image:height\" content=\"2560\" \/>\n\t<meta property=\"og:image:type\" content=\"image\/webp\" \/>\n<meta name=\"twitter:card\" content=\"summary_large_image\" \/>\n<meta name=\"twitter:site\" content=\"@americanutri\" \/>\n<meta name=\"twitter:label1\" content=\"Dur\u00e9e de lecture estim\u00e9e\" \/>\n\t<meta name=\"twitter:data1\" content=\"2 minutes\" \/>\n<script type=\"application\/ld+json\" class=\"yoast-schema-graph\">{\"@context\":\"https:\\\/\\\/schema.org\",\"@graph\":[{\"@type\":\"WebPage\",\"@id\":\"https:\\\/\\\/americannutrition.es\\\/productos\\\/ovo-prot\",\"url\":\"https:\\\/\\\/americannutrition.es\\\/productos\\\/ovo-prot\",\"name\":\"OVO PROT - American Nutrition\u00ae Store\",\"isPartOf\":{\"@id\":\"https:\\\/\\\/americannutrition.es\\\/#website\"},\"primaryImageOfPage\":{\"@id\":\"https:\\\/\\\/americannutrition.es\\\/productos\\\/ovo-prot#primaryimage\"},\"image\":{\"@id\":\"https:\\\/\\\/americannutrition.es\\\/productos\\\/ovo-prot#primaryimage\"},\"thumbnailUrl\":\"https:\\\/\\\/i0.wp.com\\\/americannutrition.es\\\/wp-content\\\/uploads\\\/2024\\\/05\\\/ovoprot_vainilla_1_4x-scaled.webp?fit=2560%2C2560&ssl=1\",\"datePublished\":\"2024-05-13T11:31:14+00:00\",\"dateModified\":\"2026-02-23T12:06:06+00:00\",\"description\":\"OVO PROT es una f\u00f3rmula de prote\u00edna de huevo 100%, derivada de la clara de huevo de gallina. Este suplemento mejora la digesti\u00f3n y absorci\u00f3n.\",\"breadcrumb\":{\"@id\":\"https:\\\/\\\/americannutrition.es\\\/productos\\\/ovo-prot#breadcrumb\"},\"inLanguage\":\"fr-FR\",\"potentialAction\":[{\"@type\":\"ReadAction\",\"target\":[\"https:\\\/\\\/americannutrition.es\\\/productos\\\/ovo-prot\"]}]},{\"@type\":\"ImageObject\",\"inLanguage\":\"fr-FR\",\"@id\":\"https:\\\/\\\/americannutrition.es\\\/productos\\\/ovo-prot#primaryimage\",\"url\":\"https:\\\/\\\/i0.wp.com\\\/americannutrition.es\\\/wp-content\\\/uploads\\\/2024\\\/05\\\/ovoprot_vainilla_1_4x-scaled.webp?fit=2560%2C2560&ssl=1\",\"contentUrl\":\"https:\\\/\\\/i0.wp.com\\\/americannutrition.es\\\/wp-content\\\/uploads\\\/2024\\\/05\\\/ovoprot_vainilla_1_4x-scaled.webp?fit=2560%2C2560&ssl=1\",\"width\":2560,\"height\":2560},{\"@type\":\"BreadcrumbList\",\"@id\":\"https:\\\/\\\/americannutrition.es\\\/productos\\\/ovo-prot#breadcrumb\",\"itemListElement\":[{\"@type\":\"ListItem\",\"position\":1,\"name\":\"Portada\",\"item\":\"https:\\\/\\\/americannutrition.es\\\/\"},{\"@type\":\"ListItem\",\"position\":2,\"name\":\"Productos\",\"item\":\"https:\\\/\\\/americannutrition.es\\\/productos\"},{\"@type\":\"ListItem\",\"position\":3,\"name\":\"OVO PROT\"}]},{\"@type\":\"WebSite\",\"@id\":\"https:\\\/\\\/americannutrition.es\\\/#website\",\"url\":\"https:\\\/\\\/americannutrition.es\\\/\",\"name\":\"American Nutrition\u00ae\",\"description\":\"Suplementos deportivos de alta calidad para el deportista\",\"publisher\":{\"@id\":\"https:\\\/\\\/americannutrition.es\\\/#organization\"},\"potentialAction\":[{\"@type\":\"SearchAction\",\"target\":{\"@type\":\"EntryPoint\",\"urlTemplate\":\"https:\\\/\\\/americannutrition.es\\\/?s={search_term_string}\"},\"query-input\":{\"@type\":\"PropertyValueSpecification\",\"valueRequired\":true,\"valueName\":\"search_term_string\"}}],\"inLanguage\":\"fr-FR\"},{\"@type\":\"Organization\",\"@id\":\"https:\\\/\\\/americannutrition.es\\\/#organization\",\"name\":\"American Nutrition\u00ae| L\u00edderes en Suplementaci\u00f3n Deportiva\",\"url\":\"https:\\\/\\\/americannutrition.es\\\/\",\"logo\":{\"@type\":\"ImageObject\",\"inLanguage\":\"fr-FR\",\"@id\":\"https:\\\/\\\/americannutrition.es\\\/#\\\/schema\\\/logo\\\/image\\\/\",\"url\":\"https:\\\/\\\/americannutrition.es\\\/wp-content\\\/uploads\\\/2024\\\/03\\\/cropped-logo-de-redes-sociales-13.png\",\"contentUrl\":\"https:\\\/\\\/americannutrition.es\\\/wp-content\\\/uploads\\\/2024\\\/03\\\/cropped-logo-de-redes-sociales-13.png\",\"width\":512,\"height\":512,\"caption\":\"American Nutrition\u00ae| L\u00edderes en Suplementaci\u00f3n Deportiva\"},\"image\":{\"@id\":\"https:\\\/\\\/americannutrition.es\\\/#\\\/schema\\\/logo\\\/image\\\/\"},\"sameAs\":[\"https:\\\/\\\/www.facebook.com\\\/American.Nutrition\\\/\",\"https:\\\/\\\/x.com\\\/americanutri\",\"https:\\\/\\\/www.instagram.com\\\/an_americannutrition\",\"https:\\\/\\\/www.youtube.com\\\/channel\\\/UCOAZZ7ab3mzYRmq5yQ-SlGw\"]}]}<\/script>\n<!-- \/ Yoast SEO plugin. -->","yoast_head_json":{"title":"OVO PROT - American Nutrition\u00ae Store","description":"OVO PROT es una f\u00f3rmula de prote\u00edna de huevo 100%, derivada de la clara de huevo de gallina. Este suplemento mejora la digesti\u00f3n y absorci\u00f3n.","robots":{"index":"index","follow":"follow","max-snippet":"max-snippet:-1","max-image-preview":"max-image-preview:large","max-video-preview":"max-video-preview:-1"},"canonical":"https:\/\/americannutrition.es\/fr\/productos\/ovo-prot\/","og_locale":"fr_FR","og_type":"article","og_title":"OVO PROT - American Nutrition\u00ae Store","og_description":"OVO PROT es una f\u00f3rmula de prote\u00edna de huevo 100%, derivada de la clara de huevo de gallina. Este suplemento mejora la digesti\u00f3n y absorci\u00f3n.","og_url":"https:\/\/americannutrition.es\/fr\/productos\/ovo-prot\/","og_site_name":"American Nutrition\u00ae Store","article_publisher":"https:\/\/www.facebook.com\/American.Nutrition\/","article_modified_time":"2026-02-23T12:06:06+00:00","og_image":[{"width":2560,"height":2560,"url":"https:\/\/americannutrition.es\/wp-content\/uploads\/2024\/05\/ovoprot_vainilla_1_4x-scaled.webp","type":"image\/webp"}],"twitter_card":"summary_large_image","twitter_site":"@americanutri","twitter_misc":{"Dur\u00e9e de lecture estim\u00e9e":"2 minutes"},"schema":{"@context":"https:\/\/schema.org","@graph":[{"@type":"WebPage","@id":"https:\/\/americannutrition.es\/productos\/ovo-prot","url":"https:\/\/americannutrition.es\/productos\/ovo-prot","name":"OVO PROT - American Nutrition\u00ae Store","isPartOf":{"@id":"https:\/\/americannutrition.es\/#website"},"primaryImageOfPage":{"@id":"https:\/\/americannutrition.es\/productos\/ovo-prot#primaryimage"},"image":{"@id":"https:\/\/americannutrition.es\/productos\/ovo-prot#primaryimage"},"thumbnailUrl":"https:\/\/i0.wp.com\/americannutrition.es\/wp-content\/uploads\/2024\/05\/ovoprot_vainilla_1_4x-scaled.webp?fit=2560%2C2560&ssl=1","datePublished":"2024-05-13T11:31:14+00:00","dateModified":"2026-02-23T12:06:06+00:00","description":"OVO PROT es una f\u00f3rmula de prote\u00edna de huevo 100%, derivada de la clara de huevo de gallina. Este suplemento mejora la digesti\u00f3n y absorci\u00f3n.","breadcrumb":{"@id":"https:\/\/americannutrition.es\/productos\/ovo-prot#breadcrumb"},"inLanguage":"fr-FR","potentialAction":[{"@type":"ReadAction","target":["https:\/\/americannutrition.es\/productos\/ovo-prot"]}]},{"@type":"ImageObject","inLanguage":"fr-FR","@id":"https:\/\/americannutrition.es\/productos\/ovo-prot#primaryimage","url":"https:\/\/i0.wp.com\/americannutrition.es\/wp-content\/uploads\/2024\/05\/ovoprot_vainilla_1_4x-scaled.webp?fit=2560%2C2560&ssl=1","contentUrl":"https:\/\/i0.wp.com\/americannutrition.es\/wp-content\/uploads\/2024\/05\/ovoprot_vainilla_1_4x-scaled.webp?fit=2560%2C2560&ssl=1","width":2560,"height":2560},{"@type":"BreadcrumbList","@id":"https:\/\/americannutrition.es\/productos\/ovo-prot#breadcrumb","itemListElement":[{"@type":"ListItem","position":1,"name":"Portada","item":"https:\/\/americannutrition.es\/"},{"@type":"ListItem","position":2,"name":"Productos","item":"https:\/\/americannutrition.es\/productos"},{"@type":"ListItem","position":3,"name":"OVO PROT"}]},{"@type":"WebSite","@id":"https:\/\/americannutrition.es\/#website","url":"https:\/\/americannutrition.es\/","name":"Nutrition Am\u00e9ricaine\u00ae","description":"Compl\u00e9ments sportifs de haute qualit\u00e9 pour les athl\u00e8tes","publisher":{"@id":"https:\/\/americannutrition.es\/#organization"},"potentialAction":[{"@type":"SearchAction","target":{"@type":"EntryPoint","urlTemplate":"https:\/\/americannutrition.es\/?s={search_term_string}"},"query-input":{"@type":"PropertyValueSpecification","valueRequired":true,"valueName":"search_term_string"}}],"inLanguage":"fr-FR"},{"@type":"Organization","@id":"https:\/\/americannutrition.es\/#organization","name":"American Nutrition\u00ae| L\u00edderes en Suplementaci\u00f3n Deportiva","url":"https:\/\/americannutrition.es\/","logo":{"@type":"ImageObject","inLanguage":"fr-FR","@id":"https:\/\/americannutrition.es\/#\/schema\/logo\/image\/","url":"https:\/\/americannutrition.es\/wp-content\/uploads\/2024\/03\/cropped-logo-de-redes-sociales-13.png","contentUrl":"https:\/\/americannutrition.es\/wp-content\/uploads\/2024\/03\/cropped-logo-de-redes-sociales-13.png","width":512,"height":512,"caption":"American Nutrition\u00ae| L\u00edderes en Suplementaci\u00f3n Deportiva"},"image":{"@id":"https:\/\/americannutrition.es\/#\/schema\/logo\/image\/"},"sameAs":["https:\/\/www.facebook.com\/American.Nutrition\/","https:\/\/x.com\/americanutri","https:\/\/www.instagram.com\/an_americannutrition","https:\/\/www.youtube.com\/channel\/UCOAZZ7ab3mzYRmq5yQ-SlGw"]}]}},"jetpack_sharing_enabled":true,"_links":{"self":[{"href":"https:\/\/americannutrition.es\/fr\/wp-json\/wp\/v2\/product\/4786","targetHints":{"allow":["GET"]}}],"collection":[{"href":"https:\/\/americannutrition.es\/fr\/wp-json\/wp\/v2\/product"}],"about":[{"href":"https:\/\/americannutrition.es\/fr\/wp-json\/wp\/v2\/types\/product"}],"replies":[{"embeddable":true,"href":"https:\/\/americannutrition.es\/fr\/wp-json\/wp\/v2\/comments?post=4786"}],"version-history":[{"count":11,"href":"https:\/\/americannutrition.es\/fr\/wp-json\/wp\/v2\/product\/4786\/revisions"}],"predecessor-version":[{"id":7529,"href":"https:\/\/americannutrition.es\/fr\/wp-json\/wp\/v2\/product\/4786\/revisions\/7529"}],"wp:featuredmedia":[{"embeddable":true,"href":"https:\/\/americannutrition.es\/fr\/wp-json\/wp\/v2\/media\/9505"}],"wp:attachment":[{"href":"https:\/\/americannutrition.es\/fr\/wp-json\/wp\/v2\/media?parent=4786"}],"wp:term":[{"taxonomy":"product_brand","embeddable":true,"href":"https:\/\/americannutrition.es\/fr\/wp-json\/wp\/v2\/product_brand?post=4786"},{"taxonomy":"product_cat","embeddable":true,"href":"https:\/\/americannutrition.es\/fr\/wp-json\/wp\/v2\/product_cat?post=4786"},{"taxonomy":"product_tag","embeddable":true,"href":"https:\/\/americannutrition.es\/fr\/wp-json\/wp\/v2\/product_tag?post=4786"}],"curies":[{"name":"wp","href":"https:\/\/api.w.org\/{rel}","templated":true}]}}