{"id":1960,"date":"2024-03-20T12:00:13","date_gmt":"2024-03-20T12:00:13","guid":{"rendered":"https:\/\/americannutrition.es\/?post_type=product&#038;p=1960"},"modified":"2026-02-09T11:57:09","modified_gmt":"2026-02-09T11:57:09","slug":"complex-vitamine-b","status":"publish","type":"product","link":"https:\/\/americannutrition.es\/fr\/productos\/complex-vitamine-b","title":{"rendered":"Vitamine B"},"content":{"rendered":"<p>Vitamin B Complex est une formule avanc\u00e9e de vitamines B, con\u00e7ue pour fournir un soutien complet au m\u00e9tabolisme \u00e9nerg\u00e9tique et \u00e0 la sant\u00e9 globale. Cette formule am\u00e9lior\u00e9e comprend une combinaison de vitamines B essentielles, de bitartrate de choline et d&#039;inositol, qui contribuent \u00e0 la r\u00e9duction de la fatigue et de l&#039;\u00e9puisement, ainsi qu&#039;au maintien d&#039;un syst\u00e8me nerveux sain. De plus, ces vitamines sont essentielles au m\u00e9tabolisme des macronutriments, qui aide \u00e0 convertir les aliments en \u00e9nergie utilisable.<\/p>\n<p>Chaque capsule de complexe de vitamine B est formul\u00e9e avec des ingr\u00e9dients de haute qualit\u00e9, notamment des agents gonflants et antiagglom\u00e9rants pour garantir la puret\u00e9 et l&#039;efficacit\u00e9 du produit. Ce suppl\u00e9ment est id\u00e9al pour ceux qui cherchent \u00e0 am\u00e9liorer leur sant\u00e9 et leur bien-\u00eatre gr\u00e2ce \u00e0 une nutrition \u00e9quilibr\u00e9e et compl\u00e8te. C&#039;est \u00e9galement un excellent choix pour ceux qui ont un mode de vie actif et exigeant et qui ont besoin d&#039;un soutien nutritionnel suppl\u00e9mentaire pour maintenir des performances optimales.<\/p>\n<p>La formule comprend de la niacine, de la riboflavine, de la thiamine et de la pyridoxine, toutes connues pour leur r\u00f4le dans le maintien de la sant\u00e9 cellulaire et la production d&#039;\u00e9nergie. La biotine et l\u2019acide pantoth\u00e9nique, \u00e9galement pr\u00e9sents dans la formule, sont essentiels \u00e0 la synth\u00e8se des acides gras et au fonctionnement des glandes surr\u00e9nales. L\u2019inclusion d\u2019inositol et de bitartrate de choline assure un soutien suppl\u00e9mentaire \u00e0 la sant\u00e9 du cerveau et \u00e0 la fonction h\u00e9patique, contribuant ainsi \u00e0 la sant\u00e9 globale et \u00e0 l\u2019am\u00e9lioration du bien-\u00eatre.<\/p>\n<p><strong>Tableau nutritionnel<\/strong><\/p>\n<table>\n<thead>\n<tr>\n<th>Nutritif<\/th>\n<th>VRN<\/th>\n<th>Montant<\/th>\n<\/tr>\n<\/thead>\n<tbody>\n<tr>\n<td>Bitartrate de choline<\/td>\n<td>&#8211;<\/td>\n<td>50 mg<\/td>\n<\/tr>\n<tr>\n<td>Inositol<\/td>\n<td>&#8211;<\/td>\n<td>50 mg<\/td>\n<\/tr>\n<tr>\n<td>Vitamine B1<\/td>\n<td>301.80%<\/td>\n<td>3,32 mg<\/td>\n<\/tr>\n<tr>\n<td>Vitamine B2<\/td>\n<td>342.80%<\/td>\n<td>4,8 mg<\/td>\n<\/tr>\n<tr>\n<td>Vitamine B6<\/td>\n<td>351.43%<\/td>\n<td>4,92 mg<\/td>\n<\/tr>\n<tr>\n<td>Vitamine B12<\/td>\n<td>100%<\/td>\n<td>2,5 \u00b5g<\/td>\n<\/tr>\n<tr>\n<td>Niacine<\/td>\n<td>337.50%<\/td>\n<td>54 mg NE<\/td>\n<\/tr>\n<tr>\n<td>Acide folique<\/td>\n<td>200%<\/td>\n<td>400 \u00b5g<\/td>\n<\/tr>\n<tr>\n<td>Acide pantoth\u00e9nique<\/td>\n<td>277.50%<\/td>\n<td>16,65 mg<\/td>\n<\/tr>\n<tr>\n<td>Biotine<\/td>\n<td>200%<\/td>\n<td>100 \u00b5g<\/td>\n<\/tr>\n<\/tbody>\n<\/table>\n<p><strong>Taille<\/strong><\/p>\n<p>100 g\u00e9lules de 546 mg<\/p>\n<p><strong>Quand prendre<\/strong><\/p>\n<p>Prendre avec les repas.<\/p>\n<p><strong>Mode d&#039;emploi<\/strong><\/p>\n<p>Prendre une capsule de Complexe Vitamine B avec l\u2019un des principaux repas de la journ\u00e9e. Assurez-vous de ne pas d\u00e9passer la dose recommand\u00e9e et de maintenir une alimentation \u00e9quilibr\u00e9e pour de meilleurs r\u00e9sultats. Ce suppl\u00e9ment s&#039;int\u00e8gre facilement \u00e0 n&#039;importe quelle routine quotidienne, fournissant les nutriments essentiels dont votre corps a besoin pour fonctionner de mani\u00e8re optimale. Pour maximiser les b\u00e9n\u00e9fices, il est recommand\u00e9 d\u2019accompagner la suppl\u00e9mentation d\u2019un mode de vie sain, incluant une alimentation \u00e9quilibr\u00e9e et une activit\u00e9 physique r\u00e9guli\u00e8re.<\/p>\n<p><strong>Avertissements<\/strong><\/p>\n<p>Ce produit ne doit pas \u00eatre utilis\u00e9 par les femmes enceintes ou qui allaitent sans consulter un professionnel de la sant\u00e9. Consultez votre m\u00e9decin avant d\u2019utiliser ce produit si vous avez des probl\u00e8mes de sant\u00e9 pr\u00e9existants ou si vous prenez des m\u00e9dicaments. Tenir hors de port\u00e9e des enfants. Ne pas d\u00e9passer la dose recommand\u00e9e. Ce produit est un compl\u00e9ment alimentaire et ne doit pas \u00eatre utilis\u00e9 comme substitut d&#039;une alimentation vari\u00e9e et \u00e9quilibr\u00e9e et d&#039;un mode de vie sain.<\/p>","protected":false},"excerpt":{"rendered":"<p>COMPLEMENTO ALIMENTICIO A BASE DE COLINA BITARTRATO, INOSITOL Y VITAMINAS. El Complejo de Vitamina B mejorado es una f\u00f3rmula integral que soporta la energ\u00eda celular, el metabolismo y la salud neuronal. Con un espectro completo de todas las vitaminas B esenciales, este suplemento est\u00e1 dise\u00f1ado para cumplir con las demandas diarias y es ideal para aquellos que llevan un estilo de vida activo o est\u00e1n sometidos a un estr\u00e9s elevado.<\/p>","protected":false},"featured_media":8502,"comment_status":"closed","ping_status":"closed","template":"","meta":[],"product_brand":[],"product_cat":[510,26],"product_tag":[],"class_list":{"0":"post-1960","1":"product","2":"type-product","3":"status-publish","4":"has-post-thumbnail","6":"product_cat-complemento","7":"product_cat-vitaminas","9":"first","10":"instock","11":"shipping-taxable","12":"purchasable","13":"product-type-variable"},"yoast_head":"<!-- This site is optimized with the Yoast SEO plugin v27.5 - https:\/\/yoast.com\/product\/yoast-seo-wordpress\/ -->\n<title>Vitamin B - American Nutrition\u00ae Store<\/title>\n<meta name=\"description\" content=\"El Complejo de Vitamin B mejorado es una f\u00f3rmula integral que soporta la energ\u00eda celular, el metabolismo y la salud neuronal.\" \/>\n<meta name=\"robots\" content=\"index, follow, max-snippet:-1, max-image-preview:large, max-video-preview:-1\" \/>\n<link rel=\"canonical\" href=\"https:\/\/americannutrition.es\/fr\/productos\/complex-vitamine-b\/\" \/>\n<meta property=\"og:locale\" content=\"fr_FR\" \/>\n<meta property=\"og:type\" content=\"article\" \/>\n<meta property=\"og:title\" content=\"Vitamin B - American Nutrition\u00ae Store\" \/>\n<meta property=\"og:description\" content=\"El Complejo de Vitamin B mejorado es una f\u00f3rmula integral que soporta la energ\u00eda celular, el metabolismo y la salud neuronal.\" \/>\n<meta property=\"og:url\" content=\"https:\/\/americannutrition.es\/fr\/productos\/complex-vitamine-b\/\" \/>\n<meta property=\"og:site_name\" content=\"American Nutrition\u00ae Store\" \/>\n<meta property=\"article:publisher\" content=\"https:\/\/www.facebook.com\/American.Nutrition\/\" \/>\n<meta property=\"article:modified_time\" content=\"2026-02-09T11:57:09+00:00\" \/>\n<meta property=\"og:image\" content=\"https:\/\/americannutrition.es\/wp-content\/uploads\/2025\/08\/Complex-Vitamin-1-copia.webp\" \/>\n\t<meta property=\"og:image:width\" content=\"1920\" \/>\n\t<meta property=\"og:image:height\" content=\"1080\" \/>\n\t<meta property=\"og:image:type\" content=\"image\/webp\" \/>\n<meta name=\"twitter:card\" content=\"summary_large_image\" \/>\n<meta name=\"twitter:site\" content=\"@americanutri\" \/>\n<meta name=\"twitter:label1\" content=\"Dur\u00e9e de lecture estim\u00e9e\" \/>\n\t<meta name=\"twitter:data1\" content=\"3 minutes\" \/>\n<script type=\"application\/ld+json\" class=\"yoast-schema-graph\">{\"@context\":\"https:\\\/\\\/schema.org\",\"@graph\":[{\"@type\":\"WebPage\",\"@id\":\"https:\\\/\\\/americannutrition.es\\\/productos\\\/complex-vitamine-b\",\"url\":\"https:\\\/\\\/americannutrition.es\\\/productos\\\/complex-vitamine-b\",\"name\":\"Vitamin B - American Nutrition\u00ae Store\",\"isPartOf\":{\"@id\":\"https:\\\/\\\/americannutrition.es\\\/#website\"},\"primaryImageOfPage\":{\"@id\":\"https:\\\/\\\/americannutrition.es\\\/productos\\\/complex-vitamine-b#primaryimage\"},\"image\":{\"@id\":\"https:\\\/\\\/americannutrition.es\\\/productos\\\/complex-vitamine-b#primaryimage\"},\"thumbnailUrl\":\"https:\\\/\\\/i0.wp.com\\\/americannutrition.es\\\/wp-content\\\/uploads\\\/2025\\\/08\\\/Complex-Vitamin-1-copia.webp?fit=1920%2C1080&ssl=1\",\"datePublished\":\"2024-03-20T12:00:13+00:00\",\"dateModified\":\"2026-02-09T11:57:09+00:00\",\"description\":\"El Complejo de Vitamin B mejorado es una f\u00f3rmula integral que soporta la energ\u00eda celular, el metabolismo y la salud neuronal.\",\"breadcrumb\":{\"@id\":\"https:\\\/\\\/americannutrition.es\\\/productos\\\/complex-vitamine-b#breadcrumb\"},\"inLanguage\":\"fr-FR\",\"potentialAction\":[{\"@type\":\"ReadAction\",\"target\":[\"https:\\\/\\\/americannutrition.es\\\/productos\\\/complex-vitamine-b\"]}]},{\"@type\":\"ImageObject\",\"inLanguage\":\"fr-FR\",\"@id\":\"https:\\\/\\\/americannutrition.es\\\/productos\\\/complex-vitamine-b#primaryimage\",\"url\":\"https:\\\/\\\/i0.wp.com\\\/americannutrition.es\\\/wp-content\\\/uploads\\\/2025\\\/08\\\/Complex-Vitamin-1-copia.webp?fit=1920%2C1080&ssl=1\",\"contentUrl\":\"https:\\\/\\\/i0.wp.com\\\/americannutrition.es\\\/wp-content\\\/uploads\\\/2025\\\/08\\\/Complex-Vitamin-1-copia.webp?fit=1920%2C1080&ssl=1\",\"width\":1920,\"height\":1080},{\"@type\":\"BreadcrumbList\",\"@id\":\"https:\\\/\\\/americannutrition.es\\\/productos\\\/complex-vitamine-b#breadcrumb\",\"itemListElement\":[{\"@type\":\"ListItem\",\"position\":1,\"name\":\"Portada\",\"item\":\"https:\\\/\\\/americannutrition.es\\\/\"},{\"@type\":\"ListItem\",\"position\":2,\"name\":\"Productos\",\"item\":\"https:\\\/\\\/americannutrition.es\\\/productos\"},{\"@type\":\"ListItem\",\"position\":3,\"name\":\"Vitamin B\"}]},{\"@type\":\"WebSite\",\"@id\":\"https:\\\/\\\/americannutrition.es\\\/#website\",\"url\":\"https:\\\/\\\/americannutrition.es\\\/\",\"name\":\"American Nutrition\u00ae\",\"description\":\"Suplementos deportivos de alta calidad para el deportista\",\"publisher\":{\"@id\":\"https:\\\/\\\/americannutrition.es\\\/#organization\"},\"potentialAction\":[{\"@type\":\"SearchAction\",\"target\":{\"@type\":\"EntryPoint\",\"urlTemplate\":\"https:\\\/\\\/americannutrition.es\\\/?s={search_term_string}\"},\"query-input\":{\"@type\":\"PropertyValueSpecification\",\"valueRequired\":true,\"valueName\":\"search_term_string\"}}],\"inLanguage\":\"fr-FR\"},{\"@type\":\"Organization\",\"@id\":\"https:\\\/\\\/americannutrition.es\\\/#organization\",\"name\":\"American Nutrition\u00ae| L\u00edderes en Suplementaci\u00f3n Deportiva\",\"url\":\"https:\\\/\\\/americannutrition.es\\\/\",\"logo\":{\"@type\":\"ImageObject\",\"inLanguage\":\"fr-FR\",\"@id\":\"https:\\\/\\\/americannutrition.es\\\/#\\\/schema\\\/logo\\\/image\\\/\",\"url\":\"https:\\\/\\\/americannutrition.es\\\/wp-content\\\/uploads\\\/2024\\\/03\\\/cropped-logo-de-redes-sociales-13.png\",\"contentUrl\":\"https:\\\/\\\/americannutrition.es\\\/wp-content\\\/uploads\\\/2024\\\/03\\\/cropped-logo-de-redes-sociales-13.png\",\"width\":512,\"height\":512,\"caption\":\"American Nutrition\u00ae| L\u00edderes en Suplementaci\u00f3n Deportiva\"},\"image\":{\"@id\":\"https:\\\/\\\/americannutrition.es\\\/#\\\/schema\\\/logo\\\/image\\\/\"},\"sameAs\":[\"https:\\\/\\\/www.facebook.com\\\/American.Nutrition\\\/\",\"https:\\\/\\\/x.com\\\/americanutri\",\"https:\\\/\\\/www.instagram.com\\\/an_americannutrition\",\"https:\\\/\\\/www.youtube.com\\\/channel\\\/UCOAZZ7ab3mzYRmq5yQ-SlGw\"]}]}<\/script>\n<!-- \/ Yoast SEO plugin. -->","yoast_head_json":{"title":"Vitamin B - American Nutrition\u00ae Store","description":"El Complejo de Vitamin B mejorado es una f\u00f3rmula integral que soporta la energ\u00eda celular, el metabolismo y la salud neuronal.","robots":{"index":"index","follow":"follow","max-snippet":"max-snippet:-1","max-image-preview":"max-image-preview:large","max-video-preview":"max-video-preview:-1"},"canonical":"https:\/\/americannutrition.es\/fr\/productos\/complex-vitamine-b\/","og_locale":"fr_FR","og_type":"article","og_title":"Vitamin B - American Nutrition\u00ae Store","og_description":"El Complejo de Vitamin B mejorado es una f\u00f3rmula integral que soporta la energ\u00eda celular, el metabolismo y la salud neuronal.","og_url":"https:\/\/americannutrition.es\/fr\/productos\/complex-vitamine-b\/","og_site_name":"American Nutrition\u00ae Store","article_publisher":"https:\/\/www.facebook.com\/American.Nutrition\/","article_modified_time":"2026-02-09T11:57:09+00:00","og_image":[{"width":1920,"height":1080,"url":"https:\/\/americannutrition.es\/wp-content\/uploads\/2025\/08\/Complex-Vitamin-1-copia.webp","type":"image\/webp"}],"twitter_card":"summary_large_image","twitter_site":"@americanutri","twitter_misc":{"Dur\u00e9e de lecture estim\u00e9e":"3 minutes"},"schema":{"@context":"https:\/\/schema.org","@graph":[{"@type":"WebPage","@id":"https:\/\/americannutrition.es\/productos\/complex-vitamine-b","url":"https:\/\/americannutrition.es\/productos\/complex-vitamine-b","name":"Vitamin B - American Nutrition\u00ae Store","isPartOf":{"@id":"https:\/\/americannutrition.es\/#website"},"primaryImageOfPage":{"@id":"https:\/\/americannutrition.es\/productos\/complex-vitamine-b#primaryimage"},"image":{"@id":"https:\/\/americannutrition.es\/productos\/complex-vitamine-b#primaryimage"},"thumbnailUrl":"https:\/\/i0.wp.com\/americannutrition.es\/wp-content\/uploads\/2025\/08\/Complex-Vitamin-1-copia.webp?fit=1920%2C1080&ssl=1","datePublished":"2024-03-20T12:00:13+00:00","dateModified":"2026-02-09T11:57:09+00:00","description":"El Complejo de Vitamin B mejorado es una f\u00f3rmula integral que soporta la energ\u00eda celular, el metabolismo y la salud neuronal.","breadcrumb":{"@id":"https:\/\/americannutrition.es\/productos\/complex-vitamine-b#breadcrumb"},"inLanguage":"fr-FR","potentialAction":[{"@type":"ReadAction","target":["https:\/\/americannutrition.es\/productos\/complex-vitamine-b"]}]},{"@type":"ImageObject","inLanguage":"fr-FR","@id":"https:\/\/americannutrition.es\/productos\/complex-vitamine-b#primaryimage","url":"https:\/\/i0.wp.com\/americannutrition.es\/wp-content\/uploads\/2025\/08\/Complex-Vitamin-1-copia.webp?fit=1920%2C1080&ssl=1","contentUrl":"https:\/\/i0.wp.com\/americannutrition.es\/wp-content\/uploads\/2025\/08\/Complex-Vitamin-1-copia.webp?fit=1920%2C1080&ssl=1","width":1920,"height":1080},{"@type":"BreadcrumbList","@id":"https:\/\/americannutrition.es\/productos\/complex-vitamine-b#breadcrumb","itemListElement":[{"@type":"ListItem","position":1,"name":"Portada","item":"https:\/\/americannutrition.es\/"},{"@type":"ListItem","position":2,"name":"Productos","item":"https:\/\/americannutrition.es\/productos"},{"@type":"ListItem","position":3,"name":"Vitamin B"}]},{"@type":"WebSite","@id":"https:\/\/americannutrition.es\/#website","url":"https:\/\/americannutrition.es\/","name":"Nutrition Am\u00e9ricaine\u00ae","description":"Compl\u00e9ments sportifs de haute qualit\u00e9 pour les athl\u00e8tes","publisher":{"@id":"https:\/\/americannutrition.es\/#organization"},"potentialAction":[{"@type":"SearchAction","target":{"@type":"EntryPoint","urlTemplate":"https:\/\/americannutrition.es\/?s={search_term_string}"},"query-input":{"@type":"PropertyValueSpecification","valueRequired":true,"valueName":"search_term_string"}}],"inLanguage":"fr-FR"},{"@type":"Organization","@id":"https:\/\/americannutrition.es\/#organization","name":"American Nutrition\u00ae| L\u00edderes en Suplementaci\u00f3n Deportiva","url":"https:\/\/americannutrition.es\/","logo":{"@type":"ImageObject","inLanguage":"fr-FR","@id":"https:\/\/americannutrition.es\/#\/schema\/logo\/image\/","url":"https:\/\/americannutrition.es\/wp-content\/uploads\/2024\/03\/cropped-logo-de-redes-sociales-13.png","contentUrl":"https:\/\/americannutrition.es\/wp-content\/uploads\/2024\/03\/cropped-logo-de-redes-sociales-13.png","width":512,"height":512,"caption":"American Nutrition\u00ae| L\u00edderes en Suplementaci\u00f3n Deportiva"},"image":{"@id":"https:\/\/americannutrition.es\/#\/schema\/logo\/image\/"},"sameAs":["https:\/\/www.facebook.com\/American.Nutrition\/","https:\/\/x.com\/americanutri","https:\/\/www.instagram.com\/an_americannutrition","https:\/\/www.youtube.com\/channel\/UCOAZZ7ab3mzYRmq5yQ-SlGw"]}]}},"jetpack_sharing_enabled":true,"_links":{"self":[{"href":"https:\/\/americannutrition.es\/fr\/wp-json\/wp\/v2\/product\/1960","targetHints":{"allow":["GET"]}}],"collection":[{"href":"https:\/\/americannutrition.es\/fr\/wp-json\/wp\/v2\/product"}],"about":[{"href":"https:\/\/americannutrition.es\/fr\/wp-json\/wp\/v2\/types\/product"}],"replies":[{"embeddable":true,"href":"https:\/\/americannutrition.es\/fr\/wp-json\/wp\/v2\/comments?post=1960"}],"version-history":[{"count":5,"href":"https:\/\/americannutrition.es\/fr\/wp-json\/wp\/v2\/product\/1960\/revisions"}],"predecessor-version":[{"id":7597,"href":"https:\/\/americannutrition.es\/fr\/wp-json\/wp\/v2\/product\/1960\/revisions\/7597"}],"wp:featuredmedia":[{"embeddable":true,"href":"https:\/\/americannutrition.es\/fr\/wp-json\/wp\/v2\/media\/8502"}],"wp:attachment":[{"href":"https:\/\/americannutrition.es\/fr\/wp-json\/wp\/v2\/media?parent=1960"}],"wp:term":[{"taxonomy":"product_brand","embeddable":true,"href":"https:\/\/americannutrition.es\/fr\/wp-json\/wp\/v2\/product_brand?post=1960"},{"taxonomy":"product_cat","embeddable":true,"href":"https:\/\/americannutrition.es\/fr\/wp-json\/wp\/v2\/product_cat?post=1960"},{"taxonomy":"product_tag","embeddable":true,"href":"https:\/\/americannutrition.es\/fr\/wp-json\/wp\/v2\/product_tag?post=1960"}],"curies":[{"name":"wp","href":"https:\/\/api.w.org\/{rel}","templated":true}]}}