{"id":1942,"date":"2024-03-20T11:37:01","date_gmt":"2024-03-20T11:37:01","guid":{"rendered":"https:\/\/americannutrition.es\/?post_type=product&#038;p=1942"},"modified":"2026-02-09T11:45:28","modified_gmt":"2026-02-09T11:45:28","slug":"arginine-ornitine-2","status":"publish","type":"product","link":"https:\/\/americannutrition.es\/fr\/productos\/arginine-ornitine-2","title":{"rendered":"Arginine Ornithine"},"content":{"rendered":"<section class=\"product-description\">\n<h1><strong>ARGININE + ORNITHINE + VITAMINA B6<\/strong><\/h1>\n<details open=\"\">\n<summary><strong>Descripci\u00f3n del producto<\/strong><\/summary>\n<p><strong>Arginine + Ornithine + B6<\/strong> de American Nutrition es un complemento alimenticio en c\u00e1psulas a base de<br \/>\n<strong>amino\u00e1cidos (L-arginina y L-ornitina)<\/strong> et <strong>vitamina B6<\/strong>.<br \/>\nPresenta una formulaci\u00f3n \u201cTriple Effect Formula\u201d, ideal para incluir en cualquier programa nutricional equilibrado.<\/p>\n<\/details>\n<details>\n<summary><strong>Caracter\u00edsticas principales<\/strong><\/summary>\n<ul>\n<li>Con <strong>L-arginina<\/strong> et <strong>L-ornitina<\/strong>.<\/li>\n<li>Enriquecido con <strong>vitamina B6<\/strong>, que contribuye al metabolismo energ\u00e9tico normal.<\/li>\n<li><strong>Dosis recomendada:<\/strong> 1 c\u00e1psula antes y 1 despu\u00e9s del entrenamiento.<\/li>\n<li><strong>Formato:<\/strong> 100 c\u00e1psulas de 918 mg.<\/li>\n<\/ul>\n<\/details>\n<details>\n<summary><strong>Modo de empleo<\/strong><\/summary>\n<p>Tomar <strong>1 c\u00e1psula antes y 1 c\u00e1psula despu\u00e9s del entrenamiento<\/strong>, con agua.<\/p>\n<\/details>\n<details>\n<summary><strong>Ingr\u00e9dients<\/strong><\/summary>\n<p><strong>L-arginina<\/strong>, <strong>L-ornitina<\/strong>, <strong>vitamina B6 (piridoxina HCl)<\/strong>, c\u00e1psula vegetal (hidroxipropilmetilcelulosa),<br \/>\nantiaglomerante (sales magn\u00e9sicas de \u00e1cidos grasos) y agente de carga (celulosa microcristalina).<\/p>\n<\/details>\n<details>\n<summary><strong>Avertissements<\/strong><\/summary>\n<ul>\n<li>Ne pas d\u00e9passer la dose journali\u00e8re express\u00e9ment recommand\u00e9e.<\/li>\n<li>Los complementos alimenticios no deben utilizarse como sustituto de una dieta variada y equilibrada ni de un modo de vida saludable.<\/li>\n<li>Tenir hors de port\u00e9e des jeunes enfants.<\/li>\n<li>Conserver dans un endroit frais et sec.<\/li>\n<\/ul>\n<\/details>\n<details>\n<summary><strong>Informaci\u00f3n adicional<\/strong><\/summary>\n<ul>\n<li>Complemento alimenticio a base de amino\u00e1cidos y vitamina B6.<\/li>\n<li>Cumple con el <strong>Reglamento (UE) 1169\/2011<\/strong> et le <strong>Real Decreto 1487\/2009<\/strong>.<\/li>\n<\/ul>\n<\/details>\n<\/section>","protected":false},"excerpt":{"rendered":"<section class=\"product-description\">\n<h1><strong>ARGININE + ORNITHINE + VITAMINA B6\u00a0<\/strong><\/h1>\n<details open=\"\">\n<summary><strong>Descripci\u00f3n del producto<\/strong><\/summary>\n<p><strong>Arginine + Ornithine + B6<\/strong> de American Nutrition es un complemento alimenticio en c\u00e1psulas a base de<br \/>\n<strong>amino\u00e1cidos (L-arginina y L-ornitina)<\/strong> et <strong>vitamina B6<\/strong>.<br \/>\nPresenta una formulaci\u00f3n \u201cTriple Effect Formula\u201d, ideal para incluir en cualquier programa nutricional equilibrado.<\/p>\n<\/details>\n<details>\n<summary><strong>Caracter\u00edsticas principales<\/strong><\/summary>\n<ul>\n<li>Con <strong>L-arginina<\/strong> et <strong>L-ornitina<\/strong>.<\/li>\n<li>Enriquecido con <strong>vitamina B6<\/strong>, que contribuye al metabolismo energ\u00e9tico normal.<\/li>\n<li><strong>Dosis recomendada:<\/strong> 1 c\u00e1psula antes y 1 despu\u00e9s del entrenamiento.<\/li>\n<li><strong>Formato:<\/strong> 100 c\u00e1psulas de 918 mg.<\/li>\n<\/ul>\n<\/details>\n<details>\n<summary><strong>Modo de empleo<\/strong><\/summary>\n<p>Tomar <strong>1 c\u00e1psula antes y 1 c\u00e1psula despu\u00e9s del entrenamiento<\/strong>, con agua.<\/p>\n<\/details>\n<details>\n<summary><strong>Ingr\u00e9dients<\/strong><\/summary>\n<p><strong>L-arginina<\/strong>, <strong>L-ornitina<\/strong>, <strong>vitamina B6 (piridoxina HCl)<\/strong>, c\u00e1psula vegetal (hidroxipropilmetilcelulosa),<br \/>\nantiaglomerante (sales magn\u00e9sicas de \u00e1cidos grasos) y agente de carga (celulosa microcristalina).<\/p>\n<\/details>\n<details>\n<summary><strong>Avertissements<\/strong><\/summary>\n<ul>\n<li>Ne pas d\u00e9passer la dose journali\u00e8re express\u00e9ment recommand\u00e9e.<\/li>\n<li>Los complementos alimenticios no deben utilizarse como sustituto de una dieta variada y equilibrada ni de un modo de vida saludable.<\/li>\n<li>Tenir hors de port\u00e9e des jeunes enfants.<\/li>\n<li>Conserver dans un endroit frais et sec.<\/li>\n<\/ul>\n<\/details>\n<details>\n<summary><strong>Informaci\u00f3n adicional<\/strong><\/summary>\n<ul>\n<li>Complemento alimenticio a base de amino\u00e1cidos y vitamina B6.<\/li>\n<li>Cumple con el <strong>Reglamento (UE) 1169\/2011<\/strong> et le <strong>Real Decreto 1487\/2009<\/strong>.<\/li>\n<\/ul>\n<\/details>\n<\/section>","protected":false},"featured_media":8371,"comment_status":"closed","ping_status":"closed","template":"","meta":[],"product_brand":[],"product_cat":[19,510],"product_tag":[],"class_list":{"0":"post-1942","1":"product","2":"type-product","3":"status-publish","4":"has-post-thumbnail","6":"product_cat-aminoacidos","7":"product_cat-complemento","9":"first","10":"instock","11":"shipping-taxable","12":"purchasable","13":"product-type-variable"},"yoast_head":"<!-- This site is optimized with the Yoast SEO plugin v27.0 - https:\/\/yoast.com\/product\/yoast-seo-wordpress\/ -->\n<title>Arginine Ornitine - American Nutrition\u00ae Store<\/title>\n<meta name=\"description\" content=\"Esta combinaci\u00f3n de amino\u00e1cidos de Arginine Ornitine est\u00e1 enriquecida con Vitamina B6 para apoyar el metabolismo de los amino\u00e1cidos y la s\u00edntesis proteica.\" \/>\n<meta name=\"robots\" content=\"index, follow, max-snippet:-1, max-image-preview:large, max-video-preview:-1\" \/>\n<link rel=\"canonical\" href=\"https:\/\/americannutrition.es\/fr\/productos\/arginine-ornitine-2\/\" \/>\n<meta property=\"og:locale\" content=\"fr_FR\" \/>\n<meta property=\"og:type\" content=\"article\" \/>\n<meta property=\"og:title\" content=\"Arginine Ornitine - American Nutrition\u00ae Store\" \/>\n<meta property=\"og:description\" content=\"Esta combinaci\u00f3n de amino\u00e1cidos de Arginine Ornitine est\u00e1 enriquecida con Vitamina B6 para apoyar el metabolismo de los amino\u00e1cidos y la s\u00edntesis proteica.\" \/>\n<meta property=\"og:url\" content=\"https:\/\/americannutrition.es\/fr\/productos\/arginine-ornitine-2\/\" \/>\n<meta property=\"og:site_name\" content=\"American Nutrition\u00ae Store\" \/>\n<meta property=\"article:publisher\" content=\"https:\/\/www.facebook.com\/American.Nutrition\/\" \/>\n<meta property=\"article:modified_time\" content=\"2026-02-09T11:45:28+00:00\" \/>\n<meta property=\"og:image\" content=\"https:\/\/americannutrition.es\/wp-content\/uploads\/2025\/08\/Arginine-Ornitine-1-copia-scaled.webp\" \/>\n\t<meta property=\"og:image:width\" content=\"2560\" \/>\n\t<meta property=\"og:image:height\" content=\"1440\" \/>\n\t<meta property=\"og:image:type\" content=\"image\/webp\" \/>\n<meta name=\"twitter:card\" content=\"summary_large_image\" \/>\n<meta name=\"twitter:site\" content=\"@americanutri\" \/>\n<meta name=\"twitter:label1\" content=\"Dur\u00e9e de lecture estim\u00e9e\" \/>\n\t<meta name=\"twitter:data1\" content=\"2 minutes\" \/>\n<script type=\"application\/ld+json\" class=\"yoast-schema-graph\">{\"@context\":\"https:\/\/schema.org\",\"@graph\":[{\"@type\":\"WebPage\",\"@id\":\"https:\/\/americannutrition.es\/productos\/arginine-ornitine-2\",\"url\":\"https:\/\/americannutrition.es\/productos\/arginine-ornitine-2\",\"name\":\"Arginine Ornitine - American Nutrition\u00ae Store\",\"isPartOf\":{\"@id\":\"https:\/\/americannutrition.es\/#website\"},\"primaryImageOfPage\":{\"@id\":\"https:\/\/americannutrition.es\/productos\/arginine-ornitine-2#primaryimage\"},\"image\":{\"@id\":\"https:\/\/americannutrition.es\/productos\/arginine-ornitine-2#primaryimage\"},\"thumbnailUrl\":\"https:\/\/i0.wp.com\/americannutrition.es\/wp-content\/uploads\/2025\/08\/Arginine-Ornitine-1-copia-scaled.webp?fit=2560%2C1440&ssl=1\",\"datePublished\":\"2024-03-20T11:37:01+00:00\",\"dateModified\":\"2026-02-09T11:45:28+00:00\",\"description\":\"Esta combinaci\u00f3n de amino\u00e1cidos de Arginine Ornitine est\u00e1 enriquecida con Vitamina B6 para apoyar el metabolismo de los amino\u00e1cidos y la s\u00edntesis proteica.\",\"breadcrumb\":{\"@id\":\"https:\/\/americannutrition.es\/productos\/arginine-ornitine-2#breadcrumb\"},\"inLanguage\":\"fr-FR\",\"potentialAction\":[{\"@type\":\"ReadAction\",\"target\":[\"https:\/\/americannutrition.es\/productos\/arginine-ornitine-2\"]}]},{\"@type\":\"ImageObject\",\"inLanguage\":\"fr-FR\",\"@id\":\"https:\/\/americannutrition.es\/productos\/arginine-ornitine-2#primaryimage\",\"url\":\"https:\/\/i0.wp.com\/americannutrition.es\/wp-content\/uploads\/2025\/08\/Arginine-Ornitine-1-copia-scaled.webp?fit=2560%2C1440&ssl=1\",\"contentUrl\":\"https:\/\/i0.wp.com\/americannutrition.es\/wp-content\/uploads\/2025\/08\/Arginine-Ornitine-1-copia-scaled.webp?fit=2560%2C1440&ssl=1\",\"width\":2560,\"height\":1440},{\"@type\":\"BreadcrumbList\",\"@id\":\"https:\/\/americannutrition.es\/productos\/arginine-ornitine-2#breadcrumb\",\"itemListElement\":[{\"@type\":\"ListItem\",\"position\":1,\"name\":\"Portada\",\"item\":\"https:\/\/americannutrition.es\/\"},{\"@type\":\"ListItem\",\"position\":2,\"name\":\"Productos\",\"item\":\"https:\/\/americannutrition.es\/productos\"},{\"@type\":\"ListItem\",\"position\":3,\"name\":\"Arginine Ornitine\"}]},{\"@type\":\"WebSite\",\"@id\":\"https:\/\/americannutrition.es\/#website\",\"url\":\"https:\/\/americannutrition.es\/\",\"name\":\"American Nutrition\u00ae\",\"description\":\"Suplementos deportivos de alta calidad para el deportista\",\"publisher\":{\"@id\":\"https:\/\/americannutrition.es\/#organization\"},\"potentialAction\":[{\"@type\":\"SearchAction\",\"target\":{\"@type\":\"EntryPoint\",\"urlTemplate\":\"https:\/\/americannutrition.es\/?s={search_term_string}\"},\"query-input\":{\"@type\":\"PropertyValueSpecification\",\"valueRequired\":true,\"valueName\":\"search_term_string\"}}],\"inLanguage\":\"fr-FR\"},{\"@type\":\"Organization\",\"@id\":\"https:\/\/americannutrition.es\/#organization\",\"name\":\"American Nutrition\u00ae| L\u00edderes en Suplementaci\u00f3n Deportiva\",\"url\":\"https:\/\/americannutrition.es\/\",\"logo\":{\"@type\":\"ImageObject\",\"inLanguage\":\"fr-FR\",\"@id\":\"https:\/\/americannutrition.es\/#\/schema\/logo\/image\/\",\"url\":\"https:\/\/americannutrition.es\/wp-content\/uploads\/2024\/03\/cropped-logo-de-redes-sociales-13.png\",\"contentUrl\":\"https:\/\/americannutrition.es\/wp-content\/uploads\/2024\/03\/cropped-logo-de-redes-sociales-13.png\",\"width\":512,\"height\":512,\"caption\":\"American Nutrition\u00ae| L\u00edderes en Suplementaci\u00f3n Deportiva\"},\"image\":{\"@id\":\"https:\/\/americannutrition.es\/#\/schema\/logo\/image\/\"},\"sameAs\":[\"https:\/\/www.facebook.com\/American.Nutrition\/\",\"https:\/\/x.com\/americanutri\",\"https:\/\/www.instagram.com\/an_americannutrition\",\"https:\/\/www.youtube.com\/channel\/UCOAZZ7ab3mzYRmq5yQ-SlGw\"]}]}<\/script>\n<!-- \/ Yoast SEO plugin. -->","yoast_head_json":{"title":"Arginine Ornitine - American Nutrition\u00ae Store","description":"Esta combinaci\u00f3n de amino\u00e1cidos de Arginine Ornitine est\u00e1 enriquecida con Vitamina B6 para apoyar el metabolismo de los amino\u00e1cidos y la s\u00edntesis proteica.","robots":{"index":"index","follow":"follow","max-snippet":"max-snippet:-1","max-image-preview":"max-image-preview:large","max-video-preview":"max-video-preview:-1"},"canonical":"https:\/\/americannutrition.es\/fr\/productos\/arginine-ornitine-2\/","og_locale":"fr_FR","og_type":"article","og_title":"Arginine Ornitine - American Nutrition\u00ae Store","og_description":"Esta combinaci\u00f3n de amino\u00e1cidos de Arginine Ornitine est\u00e1 enriquecida con Vitamina B6 para apoyar el metabolismo de los amino\u00e1cidos y la s\u00edntesis proteica.","og_url":"https:\/\/americannutrition.es\/fr\/productos\/arginine-ornitine-2\/","og_site_name":"American Nutrition\u00ae Store","article_publisher":"https:\/\/www.facebook.com\/American.Nutrition\/","article_modified_time":"2026-02-09T11:45:28+00:00","og_image":[{"width":2560,"height":1440,"url":"https:\/\/americannutrition.es\/wp-content\/uploads\/2025\/08\/Arginine-Ornitine-1-copia-scaled.webp","type":"image\/webp"}],"twitter_card":"summary_large_image","twitter_site":"@americanutri","twitter_misc":{"Dur\u00e9e de lecture estim\u00e9e":"2 minutes"},"schema":{"@context":"https:\/\/schema.org","@graph":[{"@type":"WebPage","@id":"https:\/\/americannutrition.es\/productos\/arginine-ornitine-2","url":"https:\/\/americannutrition.es\/productos\/arginine-ornitine-2","name":"Arginine Ornitine - American Nutrition\u00ae Store","isPartOf":{"@id":"https:\/\/americannutrition.es\/#website"},"primaryImageOfPage":{"@id":"https:\/\/americannutrition.es\/productos\/arginine-ornitine-2#primaryimage"},"image":{"@id":"https:\/\/americannutrition.es\/productos\/arginine-ornitine-2#primaryimage"},"thumbnailUrl":"https:\/\/i0.wp.com\/americannutrition.es\/wp-content\/uploads\/2025\/08\/Arginine-Ornitine-1-copia-scaled.webp?fit=2560%2C1440&ssl=1","datePublished":"2024-03-20T11:37:01+00:00","dateModified":"2026-02-09T11:45:28+00:00","description":"Esta combinaci\u00f3n de amino\u00e1cidos de Arginine Ornitine est\u00e1 enriquecida con Vitamina B6 para apoyar el metabolismo de los amino\u00e1cidos y la s\u00edntesis proteica.","breadcrumb":{"@id":"https:\/\/americannutrition.es\/productos\/arginine-ornitine-2#breadcrumb"},"inLanguage":"fr-FR","potentialAction":[{"@type":"ReadAction","target":["https:\/\/americannutrition.es\/productos\/arginine-ornitine-2"]}]},{"@type":"ImageObject","inLanguage":"fr-FR","@id":"https:\/\/americannutrition.es\/productos\/arginine-ornitine-2#primaryimage","url":"https:\/\/i0.wp.com\/americannutrition.es\/wp-content\/uploads\/2025\/08\/Arginine-Ornitine-1-copia-scaled.webp?fit=2560%2C1440&ssl=1","contentUrl":"https:\/\/i0.wp.com\/americannutrition.es\/wp-content\/uploads\/2025\/08\/Arginine-Ornitine-1-copia-scaled.webp?fit=2560%2C1440&ssl=1","width":2560,"height":1440},{"@type":"BreadcrumbList","@id":"https:\/\/americannutrition.es\/productos\/arginine-ornitine-2#breadcrumb","itemListElement":[{"@type":"ListItem","position":1,"name":"Portada","item":"https:\/\/americannutrition.es\/"},{"@type":"ListItem","position":2,"name":"Productos","item":"https:\/\/americannutrition.es\/productos"},{"@type":"ListItem","position":3,"name":"Arginine Ornitine"}]},{"@type":"WebSite","@id":"https:\/\/americannutrition.es\/#website","url":"https:\/\/americannutrition.es\/","name":"Nutrition Am\u00e9ricaine\u00ae","description":"Compl\u00e9ments sportifs de haute qualit\u00e9 pour les athl\u00e8tes","publisher":{"@id":"https:\/\/americannutrition.es\/#organization"},"potentialAction":[{"@type":"SearchAction","target":{"@type":"EntryPoint","urlTemplate":"https:\/\/americannutrition.es\/?s={search_term_string}"},"query-input":{"@type":"PropertyValueSpecification","valueRequired":true,"valueName":"search_term_string"}}],"inLanguage":"fr-FR"},{"@type":"Organization","@id":"https:\/\/americannutrition.es\/#organization","name":"American Nutrition\u00ae| L\u00edderes en Suplementaci\u00f3n Deportiva","url":"https:\/\/americannutrition.es\/","logo":{"@type":"ImageObject","inLanguage":"fr-FR","@id":"https:\/\/americannutrition.es\/#\/schema\/logo\/image\/","url":"https:\/\/americannutrition.es\/wp-content\/uploads\/2024\/03\/cropped-logo-de-redes-sociales-13.png","contentUrl":"https:\/\/americannutrition.es\/wp-content\/uploads\/2024\/03\/cropped-logo-de-redes-sociales-13.png","width":512,"height":512,"caption":"American Nutrition\u00ae| L\u00edderes en Suplementaci\u00f3n Deportiva"},"image":{"@id":"https:\/\/americannutrition.es\/#\/schema\/logo\/image\/"},"sameAs":["https:\/\/www.facebook.com\/American.Nutrition\/","https:\/\/x.com\/americanutri","https:\/\/www.instagram.com\/an_americannutrition","https:\/\/www.youtube.com\/channel\/UCOAZZ7ab3mzYRmq5yQ-SlGw"]}]}},"jetpack_sharing_enabled":true,"_links":{"self":[{"href":"https:\/\/americannutrition.es\/fr\/wp-json\/wp\/v2\/product\/1942","targetHints":{"allow":["GET"]}}],"collection":[{"href":"https:\/\/americannutrition.es\/fr\/wp-json\/wp\/v2\/product"}],"about":[{"href":"https:\/\/americannutrition.es\/fr\/wp-json\/wp\/v2\/types\/product"}],"replies":[{"embeddable":true,"href":"https:\/\/americannutrition.es\/fr\/wp-json\/wp\/v2\/comments?post=1942"}],"version-history":[{"count":7,"href":"https:\/\/americannutrition.es\/fr\/wp-json\/wp\/v2\/product\/1942\/revisions"}],"predecessor-version":[{"id":9224,"href":"https:\/\/americannutrition.es\/fr\/wp-json\/wp\/v2\/product\/1942\/revisions\/9224"}],"wp:featuredmedia":[{"embeddable":true,"href":"https:\/\/americannutrition.es\/fr\/wp-json\/wp\/v2\/media\/8371"}],"wp:attachment":[{"href":"https:\/\/americannutrition.es\/fr\/wp-json\/wp\/v2\/media?parent=1942"}],"wp:term":[{"taxonomy":"product_brand","embeddable":true,"href":"https:\/\/americannutrition.es\/fr\/wp-json\/wp\/v2\/product_brand?post=1942"},{"taxonomy":"product_cat","embeddable":true,"href":"https:\/\/americannutrition.es\/fr\/wp-json\/wp\/v2\/product_cat?post=1942"},{"taxonomy":"product_tag","embeddable":true,"href":"https:\/\/americannutrition.es\/fr\/wp-json\/wp\/v2\/product_tag?post=1942"}],"curies":[{"name":"wp","href":"https:\/\/api.w.org\/{rel}","templated":true}]}}