{"id":1926,"date":"2024-03-20T10:54:32","date_gmt":"2024-03-20T10:54:32","guid":{"rendered":"https:\/\/americannutrition.es\/?post_type=product&#038;p=1926"},"modified":"2026-02-09T11:59:47","modified_gmt":"2026-02-09T11:59:47","slug":"zma-minerals-and-b6-vitamin-formula","status":"publish","type":"product","link":"https:\/\/americannutrition.es\/fr\/productos\/zma-minerals-and-b6-vitamin-formula","title":{"rendered":"Formule de min\u00e9raux ZMA et de vitamine B6"},"content":{"rendered":"<p>ZMA est une formule avanc\u00e9e combinant de la vitamine B6 et des min\u00e9raux essentiels, sp\u00e9cialement con\u00e7ue pour am\u00e9liorer la sant\u00e9 et le bien-\u00eatre g\u00e9n\u00e9ral, en particulier la nuit. Cette puissante combinaison comprend du citrate de magn\u00e9sium, un r\u00e9gulateur d&#039;acidit\u00e9 (phosphate de calcium), du gluconate de zinc et du chlorhydrate de pyridoxine (vitamine B6). Ces ingr\u00e9dients agissent en synergie pour soutenir diverses fonctions corporelles, notamment l\u2019am\u00e9lioration du sommeil, la r\u00e9cup\u00e9ration musculaire et la fonction immunitaire.<\/p>\n<p>Chaque capsule ZMA fournit une dose \u00e9quilibr\u00e9e de magn\u00e9sium et de zinc. Le magn\u00e9sium est essentiel \u00e0 la synth\u00e8se des prot\u00e9ines, \u00e0 la fonction nerveuse et \u00e0 la sant\u00e9 des os. Il aide \u00e0 d\u00e9tendre les muscles et les nerfs, ce qui peut am\u00e9liorer la qualit\u00e9 du sommeil et r\u00e9duire les crampes musculaires nocturnes. Le zinc, quant \u00e0 lui, est essentiel \u00e0 la fonction immunitaire, \u00e0 la synth\u00e8se des prot\u00e9ines et \u00e0 la division cellulaire. Il joue \u00e9galement un r\u00f4le essentiel dans la r\u00e9paration et la croissance des tissus.<\/p>\n<p>La vitamine B6, contenue dans le ZMA, est essentielle au m\u00e9tabolisme \u00e9nerg\u00e9tique et au fonctionnement du syst\u00e8me nerveux. Il aide \u00e0 la production de neurotransmetteurs, tels que la s\u00e9rotonine, qui r\u00e9gulent l\u2019humeur et le sommeil. La combinaison de ces nutriments dans le ZMA favorise non seulement la r\u00e9cup\u00e9ration musculaire et la sant\u00e9 osseuse, mais peut \u00e9galement am\u00e9liorer la qualit\u00e9 du sommeil, permettant une nuit de sommeil plus r\u00e9paratrice et plus efficace.<\/p>\n<p>Le ZMA est id\u00e9al \u00e0 prendre avant de se coucher, ce qui le rend facile \u00e0 int\u00e9grer dans votre routine quotidienne. Prendre du ZMA la nuit garantit que vous b\u00e9n\u00e9ficiez au maximum de ses ingr\u00e9dients pendant que vous vous reposez, aidant votre corps \u00e0 r\u00e9cup\u00e9rer et \u00e0 se pr\u00e9parer pour le lendemain.<\/p>\n<p><strong>Tableau nutritionnel<\/strong><\/p>\n<table>\n<thead>\n<tr>\n<th>Nutritif<\/th>\n<th>Pour 2 g\u00e9lules<\/th>\n<th>% VRN<\/th>\n<\/tr>\n<\/thead>\n<tbody>\n<tr>\n<td>Magn\u00e9sium<\/td>\n<td>743,10 mg<\/td>\n<td>30,86%<\/td>\n<\/tr>\n<tr>\n<td>Zinc<\/td>\n<td>77,62 mg<\/td>\n<td>28,70%<\/td>\n<\/tr>\n<tr>\n<td>Vitamine B6<\/td>\n<td>1,40 mg<\/td>\n<td>100%<\/td>\n<\/tr>\n<\/tbody>\n<\/table>\n<p><strong>Taille<\/strong><\/p>\n<p>90 g\u00e9lules de 820 mg<\/p>\n<p><strong>Quand prendre<\/strong><\/p>\n<p>Avant d&#039;aller au lit.<\/p>\n<p><strong>Mode d&#039;emploi<\/strong><\/p>\n<p>Prendre deux capsules avec de l&#039;eau avant de se coucher pour favoriser la r\u00e9cup\u00e9ration et un sommeil r\u00e9parateur. Pour de meilleurs r\u00e9sultats, assurez-vous d\u2019int\u00e9grer le ZMA dans votre routine de suppl\u00e9mentation quotidienne et de maintenir une alimentation \u00e9quilibr\u00e9e et un mode de vie sain.<\/p>\n<p><strong>Avertissements<\/strong><\/p>\n<p>Ce produit ne doit pas \u00eatre utilis\u00e9 par les femmes enceintes ou qui allaitent. Consultez votre m\u00e9decin avant d\u2019utiliser ce produit si vous avez des probl\u00e8mes de sant\u00e9 pr\u00e9existants ou si vous prenez des m\u00e9dicaments. Tenir hors de port\u00e9e des enfants. Ne pas d\u00e9passer la dose recommand\u00e9e.<\/p>","protected":false},"excerpt":{"rendered":"<p>COMPLEMENTO ALIMENTICIO A BASE DE VITAMINAS Y MINERALES. ZMA es una f\u00f3rmula sin\u00e9rgica de minerales y vitamina B6, dise\u00f1ada para apoyar la recuperaci\u00f3n muscular, la funci\u00f3n inmunol\u00f3gica y el equilibrio hormonal. Con una mezcla de magnesio, zinc y vitamina B6, este suplemento es ideal para deportistas y personas activas que buscan mejorar su rendimiento y calidad de sue\u00f1o.<\/p>","protected":false},"featured_media":8501,"comment_status":"closed","ping_status":"closed","template":"","meta":[],"product_brand":[],"product_cat":[510,26],"product_tag":[],"class_list":{"0":"post-1926","1":"product","2":"type-product","3":"status-publish","4":"has-post-thumbnail","6":"product_cat-complemento","7":"product_cat-vitaminas","9":"first","10":"instock","11":"shipping-taxable","12":"purchasable","13":"product-type-variable"},"yoast_head":"<!-- This site is optimized with the Yoast SEO plugin v27.5 - https:\/\/yoast.com\/product\/yoast-seo-wordpress\/ -->\n<title>ZMA Minerals and B6 Vitamin Formula - American Nutrition\u00ae Store<\/title>\n<meta name=\"description\" content=\"ZMA es una f\u00f3rmula sin\u00e9rgica de minerales y vitamina B6, dise\u00f1ada para apoyar la recuperaci\u00f3n muscular, la funci\u00f3n inmunol\u00f3gica y el equilibrio hormonal.\" \/>\n<meta name=\"robots\" content=\"index, follow, max-snippet:-1, max-image-preview:large, max-video-preview:-1\" \/>\n<link rel=\"canonical\" href=\"https:\/\/americannutrition.es\/fr\/productos\/zma-minerals-and-b6-vitamin-formula\/\" \/>\n<meta property=\"og:locale\" content=\"fr_FR\" \/>\n<meta property=\"og:type\" content=\"article\" \/>\n<meta property=\"og:title\" content=\"ZMA Minerals and B6 Vitamin Formula - American Nutrition\u00ae Store\" \/>\n<meta property=\"og:description\" content=\"ZMA es una f\u00f3rmula sin\u00e9rgica de minerales y vitamina B6, dise\u00f1ada para apoyar la recuperaci\u00f3n muscular, la funci\u00f3n inmunol\u00f3gica y el equilibrio hormonal.\" \/>\n<meta property=\"og:url\" content=\"https:\/\/americannutrition.es\/fr\/productos\/zma-minerals-and-b6-vitamin-formula\/\" \/>\n<meta property=\"og:site_name\" content=\"American Nutrition\u00ae Store\" \/>\n<meta property=\"article:publisher\" content=\"https:\/\/www.facebook.com\/American.Nutrition\/\" \/>\n<meta property=\"article:modified_time\" content=\"2026-02-09T11:59:47+00:00\" \/>\n<meta property=\"og:image\" content=\"https:\/\/americannutrition.es\/wp-content\/uploads\/2025\/08\/ZMA-1-copia.webp\" \/>\n\t<meta property=\"og:image:width\" content=\"1920\" \/>\n\t<meta property=\"og:image:height\" content=\"1080\" \/>\n\t<meta property=\"og:image:type\" content=\"image\/webp\" \/>\n<meta name=\"twitter:card\" content=\"summary_large_image\" \/>\n<meta name=\"twitter:site\" content=\"@americanutri\" \/>\n<meta name=\"twitter:label1\" content=\"Dur\u00e9e de lecture estim\u00e9e\" \/>\n\t<meta name=\"twitter:data1\" content=\"2 minutes\" \/>\n<script type=\"application\/ld+json\" class=\"yoast-schema-graph\">{\"@context\":\"https:\\\/\\\/schema.org\",\"@graph\":[{\"@type\":\"WebPage\",\"@id\":\"https:\\\/\\\/americannutrition.es\\\/productos\\\/zma-minerals-and-b6-vitamin-formula\",\"url\":\"https:\\\/\\\/americannutrition.es\\\/productos\\\/zma-minerals-and-b6-vitamin-formula\",\"name\":\"ZMA Minerals and B6 Vitamin Formula - American Nutrition\u00ae Store\",\"isPartOf\":{\"@id\":\"https:\\\/\\\/americannutrition.es\\\/#website\"},\"primaryImageOfPage\":{\"@id\":\"https:\\\/\\\/americannutrition.es\\\/productos\\\/zma-minerals-and-b6-vitamin-formula#primaryimage\"},\"image\":{\"@id\":\"https:\\\/\\\/americannutrition.es\\\/productos\\\/zma-minerals-and-b6-vitamin-formula#primaryimage\"},\"thumbnailUrl\":\"https:\\\/\\\/i0.wp.com\\\/americannutrition.es\\\/wp-content\\\/uploads\\\/2025\\\/08\\\/ZMA-1-copia.webp?fit=1920%2C1080&ssl=1\",\"datePublished\":\"2024-03-20T10:54:32+00:00\",\"dateModified\":\"2026-02-09T11:59:47+00:00\",\"description\":\"ZMA es una f\u00f3rmula sin\u00e9rgica de minerales y vitamina B6, dise\u00f1ada para apoyar la recuperaci\u00f3n muscular, la funci\u00f3n inmunol\u00f3gica y el equilibrio hormonal.\",\"breadcrumb\":{\"@id\":\"https:\\\/\\\/americannutrition.es\\\/productos\\\/zma-minerals-and-b6-vitamin-formula#breadcrumb\"},\"inLanguage\":\"fr-FR\",\"potentialAction\":[{\"@type\":\"ReadAction\",\"target\":[\"https:\\\/\\\/americannutrition.es\\\/productos\\\/zma-minerals-and-b6-vitamin-formula\"]}]},{\"@type\":\"ImageObject\",\"inLanguage\":\"fr-FR\",\"@id\":\"https:\\\/\\\/americannutrition.es\\\/productos\\\/zma-minerals-and-b6-vitamin-formula#primaryimage\",\"url\":\"https:\\\/\\\/i0.wp.com\\\/americannutrition.es\\\/wp-content\\\/uploads\\\/2025\\\/08\\\/ZMA-1-copia.webp?fit=1920%2C1080&ssl=1\",\"contentUrl\":\"https:\\\/\\\/i0.wp.com\\\/americannutrition.es\\\/wp-content\\\/uploads\\\/2025\\\/08\\\/ZMA-1-copia.webp?fit=1920%2C1080&ssl=1\",\"width\":1920,\"height\":1080},{\"@type\":\"BreadcrumbList\",\"@id\":\"https:\\\/\\\/americannutrition.es\\\/productos\\\/zma-minerals-and-b6-vitamin-formula#breadcrumb\",\"itemListElement\":[{\"@type\":\"ListItem\",\"position\":1,\"name\":\"Portada\",\"item\":\"https:\\\/\\\/americannutrition.es\\\/\"},{\"@type\":\"ListItem\",\"position\":2,\"name\":\"Productos\",\"item\":\"https:\\\/\\\/americannutrition.es\\\/productos\"},{\"@type\":\"ListItem\",\"position\":3,\"name\":\"ZMA Minerals and B6 Vitamin Formula\"}]},{\"@type\":\"WebSite\",\"@id\":\"https:\\\/\\\/americannutrition.es\\\/#website\",\"url\":\"https:\\\/\\\/americannutrition.es\\\/\",\"name\":\"American Nutrition\u00ae\",\"description\":\"Suplementos deportivos de alta calidad para el deportista\",\"publisher\":{\"@id\":\"https:\\\/\\\/americannutrition.es\\\/#organization\"},\"potentialAction\":[{\"@type\":\"SearchAction\",\"target\":{\"@type\":\"EntryPoint\",\"urlTemplate\":\"https:\\\/\\\/americannutrition.es\\\/?s={search_term_string}\"},\"query-input\":{\"@type\":\"PropertyValueSpecification\",\"valueRequired\":true,\"valueName\":\"search_term_string\"}}],\"inLanguage\":\"fr-FR\"},{\"@type\":\"Organization\",\"@id\":\"https:\\\/\\\/americannutrition.es\\\/#organization\",\"name\":\"American Nutrition\u00ae| L\u00edderes en Suplementaci\u00f3n Deportiva\",\"url\":\"https:\\\/\\\/americannutrition.es\\\/\",\"logo\":{\"@type\":\"ImageObject\",\"inLanguage\":\"fr-FR\",\"@id\":\"https:\\\/\\\/americannutrition.es\\\/#\\\/schema\\\/logo\\\/image\\\/\",\"url\":\"https:\\\/\\\/americannutrition.es\\\/wp-content\\\/uploads\\\/2024\\\/03\\\/cropped-logo-de-redes-sociales-13.png\",\"contentUrl\":\"https:\\\/\\\/americannutrition.es\\\/wp-content\\\/uploads\\\/2024\\\/03\\\/cropped-logo-de-redes-sociales-13.png\",\"width\":512,\"height\":512,\"caption\":\"American Nutrition\u00ae| L\u00edderes en Suplementaci\u00f3n Deportiva\"},\"image\":{\"@id\":\"https:\\\/\\\/americannutrition.es\\\/#\\\/schema\\\/logo\\\/image\\\/\"},\"sameAs\":[\"https:\\\/\\\/www.facebook.com\\\/American.Nutrition\\\/\",\"https:\\\/\\\/x.com\\\/americanutri\",\"https:\\\/\\\/www.instagram.com\\\/an_americannutrition\",\"https:\\\/\\\/www.youtube.com\\\/channel\\\/UCOAZZ7ab3mzYRmq5yQ-SlGw\"]}]}<\/script>\n<!-- \/ Yoast SEO plugin. -->","yoast_head_json":{"title":"ZMA Minerals and B6 Vitamin Formula - American Nutrition\u00ae Store","description":"ZMA es una f\u00f3rmula sin\u00e9rgica de minerales y vitamina B6, dise\u00f1ada para apoyar la recuperaci\u00f3n muscular, la funci\u00f3n inmunol\u00f3gica y el equilibrio hormonal.","robots":{"index":"index","follow":"follow","max-snippet":"max-snippet:-1","max-image-preview":"max-image-preview:large","max-video-preview":"max-video-preview:-1"},"canonical":"https:\/\/americannutrition.es\/fr\/productos\/zma-minerals-and-b6-vitamin-formula\/","og_locale":"fr_FR","og_type":"article","og_title":"ZMA Minerals and B6 Vitamin Formula - American Nutrition\u00ae Store","og_description":"ZMA es una f\u00f3rmula sin\u00e9rgica de minerales y vitamina B6, dise\u00f1ada para apoyar la recuperaci\u00f3n muscular, la funci\u00f3n inmunol\u00f3gica y el equilibrio hormonal.","og_url":"https:\/\/americannutrition.es\/fr\/productos\/zma-minerals-and-b6-vitamin-formula\/","og_site_name":"American Nutrition\u00ae Store","article_publisher":"https:\/\/www.facebook.com\/American.Nutrition\/","article_modified_time":"2026-02-09T11:59:47+00:00","og_image":[{"width":1920,"height":1080,"url":"https:\/\/americannutrition.es\/wp-content\/uploads\/2025\/08\/ZMA-1-copia.webp","type":"image\/webp"}],"twitter_card":"summary_large_image","twitter_site":"@americanutri","twitter_misc":{"Dur\u00e9e de lecture estim\u00e9e":"2 minutes"},"schema":{"@context":"https:\/\/schema.org","@graph":[{"@type":"WebPage","@id":"https:\/\/americannutrition.es\/productos\/zma-minerals-and-b6-vitamin-formula","url":"https:\/\/americannutrition.es\/productos\/zma-minerals-and-b6-vitamin-formula","name":"ZMA Minerals and B6 Vitamin Formula - American Nutrition\u00ae Store","isPartOf":{"@id":"https:\/\/americannutrition.es\/#website"},"primaryImageOfPage":{"@id":"https:\/\/americannutrition.es\/productos\/zma-minerals-and-b6-vitamin-formula#primaryimage"},"image":{"@id":"https:\/\/americannutrition.es\/productos\/zma-minerals-and-b6-vitamin-formula#primaryimage"},"thumbnailUrl":"https:\/\/i0.wp.com\/americannutrition.es\/wp-content\/uploads\/2025\/08\/ZMA-1-copia.webp?fit=1920%2C1080&ssl=1","datePublished":"2024-03-20T10:54:32+00:00","dateModified":"2026-02-09T11:59:47+00:00","description":"ZMA es una f\u00f3rmula sin\u00e9rgica de minerales y vitamina B6, dise\u00f1ada para apoyar la recuperaci\u00f3n muscular, la funci\u00f3n inmunol\u00f3gica y el equilibrio hormonal.","breadcrumb":{"@id":"https:\/\/americannutrition.es\/productos\/zma-minerals-and-b6-vitamin-formula#breadcrumb"},"inLanguage":"fr-FR","potentialAction":[{"@type":"ReadAction","target":["https:\/\/americannutrition.es\/productos\/zma-minerals-and-b6-vitamin-formula"]}]},{"@type":"ImageObject","inLanguage":"fr-FR","@id":"https:\/\/americannutrition.es\/productos\/zma-minerals-and-b6-vitamin-formula#primaryimage","url":"https:\/\/i0.wp.com\/americannutrition.es\/wp-content\/uploads\/2025\/08\/ZMA-1-copia.webp?fit=1920%2C1080&ssl=1","contentUrl":"https:\/\/i0.wp.com\/americannutrition.es\/wp-content\/uploads\/2025\/08\/ZMA-1-copia.webp?fit=1920%2C1080&ssl=1","width":1920,"height":1080},{"@type":"BreadcrumbList","@id":"https:\/\/americannutrition.es\/productos\/zma-minerals-and-b6-vitamin-formula#breadcrumb","itemListElement":[{"@type":"ListItem","position":1,"name":"Portada","item":"https:\/\/americannutrition.es\/"},{"@type":"ListItem","position":2,"name":"Productos","item":"https:\/\/americannutrition.es\/productos"},{"@type":"ListItem","position":3,"name":"ZMA Minerals and B6 Vitamin Formula"}]},{"@type":"WebSite","@id":"https:\/\/americannutrition.es\/#website","url":"https:\/\/americannutrition.es\/","name":"Nutrition Am\u00e9ricaine\u00ae","description":"Compl\u00e9ments sportifs de haute qualit\u00e9 pour les athl\u00e8tes","publisher":{"@id":"https:\/\/americannutrition.es\/#organization"},"potentialAction":[{"@type":"SearchAction","target":{"@type":"EntryPoint","urlTemplate":"https:\/\/americannutrition.es\/?s={search_term_string}"},"query-input":{"@type":"PropertyValueSpecification","valueRequired":true,"valueName":"search_term_string"}}],"inLanguage":"fr-FR"},{"@type":"Organization","@id":"https:\/\/americannutrition.es\/#organization","name":"American Nutrition\u00ae| L\u00edderes en Suplementaci\u00f3n Deportiva","url":"https:\/\/americannutrition.es\/","logo":{"@type":"ImageObject","inLanguage":"fr-FR","@id":"https:\/\/americannutrition.es\/#\/schema\/logo\/image\/","url":"https:\/\/americannutrition.es\/wp-content\/uploads\/2024\/03\/cropped-logo-de-redes-sociales-13.png","contentUrl":"https:\/\/americannutrition.es\/wp-content\/uploads\/2024\/03\/cropped-logo-de-redes-sociales-13.png","width":512,"height":512,"caption":"American Nutrition\u00ae| L\u00edderes en Suplementaci\u00f3n Deportiva"},"image":{"@id":"https:\/\/americannutrition.es\/#\/schema\/logo\/image\/"},"sameAs":["https:\/\/www.facebook.com\/American.Nutrition\/","https:\/\/x.com\/americanutri","https:\/\/www.instagram.com\/an_americannutrition","https:\/\/www.youtube.com\/channel\/UCOAZZ7ab3mzYRmq5yQ-SlGw"]}]}},"jetpack_sharing_enabled":true,"_links":{"self":[{"href":"https:\/\/americannutrition.es\/fr\/wp-json\/wp\/v2\/product\/1926","targetHints":{"allow":["GET"]}}],"collection":[{"href":"https:\/\/americannutrition.es\/fr\/wp-json\/wp\/v2\/product"}],"about":[{"href":"https:\/\/americannutrition.es\/fr\/wp-json\/wp\/v2\/types\/product"}],"replies":[{"embeddable":true,"href":"https:\/\/americannutrition.es\/fr\/wp-json\/wp\/v2\/comments?post=1926"}],"version-history":[{"count":4,"href":"https:\/\/americannutrition.es\/fr\/wp-json\/wp\/v2\/product\/1926\/revisions"}],"predecessor-version":[{"id":7596,"href":"https:\/\/americannutrition.es\/fr\/wp-json\/wp\/v2\/product\/1926\/revisions\/7596"}],"wp:featuredmedia":[{"embeddable":true,"href":"https:\/\/americannutrition.es\/fr\/wp-json\/wp\/v2\/media\/8501"}],"wp:attachment":[{"href":"https:\/\/americannutrition.es\/fr\/wp-json\/wp\/v2\/media?parent=1926"}],"wp:term":[{"taxonomy":"product_brand","embeddable":true,"href":"https:\/\/americannutrition.es\/fr\/wp-json\/wp\/v2\/product_brand?post=1926"},{"taxonomy":"product_cat","embeddable":true,"href":"https:\/\/americannutrition.es\/fr\/wp-json\/wp\/v2\/product_cat?post=1926"},{"taxonomy":"product_tag","embeddable":true,"href":"https:\/\/americannutrition.es\/fr\/wp-json\/wp\/v2\/product_tag?post=1926"}],"curies":[{"name":"wp","href":"https:\/\/api.w.org\/{rel}","templated":true}]}}