{"id":1908,"date":"2024-03-20T10:45:21","date_gmt":"2024-03-20T10:45:21","guid":{"rendered":"https:\/\/americannutrition.es\/?post_type=product&#038;p=1908"},"modified":"2026-02-23T12:11:45","modified_gmt":"2026-02-23T12:11:45","slug":"vita-pure-multivitamin-minerals","status":"publish","type":"product","link":"https:\/\/americannutrition.es\/fr\/productos\/vita-pure-multivitamin-minerals","title":{"rendered":"Vita Pure"},"content":{"rendered":"<div class=\"flex flex-grow flex-col max-w-full\">\n<div class=\"min-h-[20px] text-message flex flex-col items-start whitespace-pre-wrap break-words [.text-message+&amp;]:mt-5 juice:w-full juice:items-end overflow-x-auto gap-2\" dir=\"auto\" data-message-author-role=\"assistant\" data-message-id=\"3ff81499-60e4-48f5-8ce6-3b212309bdc6\">\n<div class=\"flex w-full flex-col gap-1 juice:empty:hidden juice:first:pt-[3px]\">\n<div class=\"markdown prose w-full break-words dark:prose-invert light\">\n<p>Vita Pure ofrece un suplemento multivitam\u00ednico y mineral que proporciona una nutrici\u00f3n completa y equilibrada. Esta f\u00f3rmula avanzada incluye una amplia gama de vitaminas y minerales esenciales que apoyan diversas funciones corporales.<\/p>\n<p>Mejora la salud general y el bienestar. Cada c\u00e1psula de Vita Pure asegura que obtengas todos los nutrientes necesarios para mantener tu cuerpo en \u00f3ptimas condiciones.<\/p>\n<p>Incluye entre los ingredientes principales \u00e1cido asc\u00f3rbico (vitamina C), \u00f3xido de magnesio, gluconato de potasio y fumarato ferroso. Tambi\u00e9n contiene una mezcla de agentes antiaglomerantes y de carga para asegurar la pureza y eficacia del producto.<\/p>\n<p>Adem\u00e1s, Vita Pure incluye vitaminas como la niacina, vitamina E y vitamina B6, esenciales para el metabolismo energ\u00e9tico y la funci\u00f3n inmunol\u00f3gica.<\/p>\n<p>El suplemento contiene minerales importantes como el hierro, zinc y manganeso, que juegan un papel crucial en la producci\u00f3n de energ\u00eda y la salud de los huesos.<\/p>\n<p>La inclusi\u00f3n de vitamina A y vitamina D asegura un apoyo adicional para la salud ocular y \u00f3sea. La biotina y el \u00e1cido f\u00f3lico contribuyen al mantenimiento de la piel, el cabello y las u\u00f1as saludables.<\/p>\n<p>Cada c\u00e1psula se debe tomar con las comidas principales del d\u00eda, facilitando su integraci\u00f3n en tu rutina diaria. Vita Pure resulta la elecci\u00f3n perfecta para quienes buscan un multivitam\u00ednico y mineral completo que apoye m\u00faltiples aspectos de la salud.<\/p>\n<h4>Tabla Nutricional<\/h4>\n<table>\n<thead>\n<tr>\n<th><strong>Nutriente<\/strong><\/th>\n<th><strong>Por 1 c\u00e1psula<\/strong><\/th>\n<th><strong>%VRN<\/strong><\/th>\n<\/tr>\n<\/thead>\n<tbody>\n<tr>\n<td>Vitamina C<\/td>\n<td>60 mg<\/td>\n<td>100%<\/td>\n<\/tr>\n<tr>\n<td>Magnesio<\/td>\n<td>80,0 mg<\/td>\n<td>21%<\/td>\n<\/tr>\n<tr>\n<td>Potasio<\/td>\n<td>60 mg<\/td>\n<td><strong>%<\/strong><\/td>\n<\/tr>\n<tr>\n<td>Hierro<\/td>\n<td>14,00 mg<\/td>\n<td>100%<\/td>\n<\/tr>\n<tr>\n<td>Vitamina E<\/td>\n<td>8,00 mg \u03b1-TE<\/td>\n<td>66,67%<\/td>\n<\/tr>\n<tr>\n<td>Niacina<\/td>\n<td>12,00 mg NE<\/td>\n<td>75%<\/td>\n<\/tr>\n<tr>\n<td>Manganeso<\/td>\n<td>2,0 mg<\/td>\n<td>100%<\/td>\n<\/tr>\n<tr>\n<td>Vitamina A<\/td>\n<td>1230,0 \u00b5g RE<\/td>\n<td>154%<\/td>\n<\/tr>\n<tr>\n<td>Tiamina (Vitamina B1)<\/td>\n<td>1,4 mg<\/td>\n<td>100%<\/td>\n<\/tr>\n<tr>\n<td>\u00c1cido Pantot\u00e9nico<\/td>\n<td>6 mg<\/td>\n<td>100%<\/td>\n<\/tr>\n<tr>\n<td>Vitamina D<\/td>\n<td>5,00 \u00b5g<\/td>\n<td>100%<\/td>\n<\/tr>\n<tr>\n<td>Riboflavina (Vitamina B2)<\/td>\n<td>1,60 mg<\/td>\n<td>114%<\/td>\n<\/tr>\n<tr>\n<td>Vitamina B6<\/td>\n<td>2,0 mg<\/td>\n<td>142,86%<\/td>\n<\/tr>\n<tr>\n<td>\u00c1cido F\u00f3lico<\/td>\n<td>200,0 \u00b5g<\/td>\n<td>100%<\/td>\n<\/tr>\n<tr>\n<td>Cobre<\/td>\n<td>1,00 mg<\/td>\n<td>100%<\/td>\n<\/tr>\n<tr>\n<td>Vitamina B12<\/td>\n<td>1,00 \u00b5g<\/td>\n<td>40%<\/td>\n<\/tr>\n<tr>\n<td>Zinc<\/td>\n<td>10 mg<\/td>\n<td>100%<\/td>\n<\/tr>\n<tr>\n<td>Biotina<\/td>\n<td>150 \u00b5g<\/td>\n<td>300%<\/td>\n<\/tr>\n<tr>\n<td>Molibdeno<\/td>\n<td>50,0 \u00b5g<\/td>\n<td>100%<\/td>\n<\/tr>\n<\/tbody>\n<\/table>\n<p>*%VRN: Valores de Referencia de Nutrientes.<\/p>\n<\/div>\n<\/div>\n<\/div>\n<\/div>\n<div class=\"mt-1 flex gap-3 empty:hidden juice:-ml-3\">\n<div class=\"items-center justify-start rounded-xl p-1 flex\">\n<div class=\"flex items-center\"><button class=\"rounded-lg text-token-text-secondary hover:bg-token-main-surface-secondary\">\u00a0<\/button><\/div>\n<\/div>\n<\/div>\n<p><!-- notionvc: 2842b608-b29f-470a-8b76-7bc109b521b0 --><\/p>\n","protected":false},"excerpt":{"rendered":"<p>COMPLEMENTO ALIMENTICIO A BASE DE VITAMINAS Y MINERALES. Vita Pure ofrece una f\u00f3rmula completa de vitaminas y minerales esenciales para apoyar el rendimiento diario y el bienestar general. Dise\u00f1ado para llenar los huecos nutricionales en tu dieta, este multivitam\u00ednico incluye una gama completa de nutrientes para la salud \u00f3ptima, incluyendo antioxidantes, vitaminas B para la energ\u00eda, y vitaminas D y E para el soporte inmunol\u00f3gico y la salud \u00f3sea.<\/p>","protected":false},"featured_media":9510,"comment_status":"closed","ping_status":"closed","template":"","meta":[],"product_brand":[],"product_cat":[510,26],"product_tag":[],"class_list":{"0":"post-1908","1":"product","2":"type-product","3":"status-publish","4":"has-post-thumbnail","6":"product_cat-complemento","7":"product_cat-vitaminas","9":"first","10":"instock","11":"shipping-taxable","12":"purchasable","13":"product-type-variable"},"yoast_head":"<!-- This site is optimized with the Yoast SEO plugin v27.5 - https:\/\/yoast.com\/product\/yoast-seo-wordpress\/ -->\n<title>Vita Pure - American Nutrition\u00ae Store<\/title>\n<meta name=\"description\" content=\"Vita Pure ofrece una f\u00f3rmula completa de vitaminas y minerales esenciales para apoyar el rendimiento diario y el bienestar general.\" \/>\n<meta name=\"robots\" content=\"index, follow, max-snippet:-1, max-image-preview:large, max-video-preview:-1\" \/>\n<link rel=\"canonical\" href=\"https:\/\/americannutrition.es\/fr\/productos\/vita-pure-multivitamin-minerals\/\" \/>\n<meta property=\"og:locale\" content=\"fr_FR\" \/>\n<meta property=\"og:type\" content=\"article\" \/>\n<meta property=\"og:title\" content=\"Vita Pure - American Nutrition\u00ae Store\" \/>\n<meta property=\"og:description\" content=\"Vita Pure ofrece una f\u00f3rmula completa de vitaminas y minerales esenciales para apoyar el rendimiento diario y el bienestar general.\" \/>\n<meta property=\"og:url\" content=\"https:\/\/americannutrition.es\/fr\/productos\/vita-pure-multivitamin-minerals\/\" \/>\n<meta property=\"og:site_name\" content=\"American Nutrition\u00ae Store\" \/>\n<meta property=\"article:publisher\" content=\"https:\/\/www.facebook.com\/American.Nutrition\/\" \/>\n<meta property=\"article:modified_time\" content=\"2026-02-23T12:11:45+00:00\" \/>\n<meta property=\"og:image\" content=\"https:\/\/americannutrition.es\/wp-content\/uploads\/2024\/03\/vitapure_1_4x-scaled.webp\" \/>\n\t<meta property=\"og:image:width\" content=\"2560\" \/>\n\t<meta property=\"og:image:height\" content=\"2560\" \/>\n\t<meta property=\"og:image:type\" content=\"image\/webp\" \/>\n<meta name=\"twitter:card\" content=\"summary_large_image\" \/>\n<meta name=\"twitter:site\" content=\"@americanutri\" \/>\n<meta name=\"twitter:label1\" content=\"Dur\u00e9e de lecture estim\u00e9e\" \/>\n\t<meta name=\"twitter:data1\" content=\"2 minutes\" \/>\n<script type=\"application\/ld+json\" class=\"yoast-schema-graph\">{\"@context\":\"https:\\\/\\\/schema.org\",\"@graph\":[{\"@type\":\"WebPage\",\"@id\":\"https:\\\/\\\/americannutrition.es\\\/productos\\\/vita-pure-multivitamin-minerals\",\"url\":\"https:\\\/\\\/americannutrition.es\\\/productos\\\/vita-pure-multivitamin-minerals\",\"name\":\"Vita Pure - American Nutrition\u00ae Store\",\"isPartOf\":{\"@id\":\"https:\\\/\\\/americannutrition.es\\\/#website\"},\"primaryImageOfPage\":{\"@id\":\"https:\\\/\\\/americannutrition.es\\\/productos\\\/vita-pure-multivitamin-minerals#primaryimage\"},\"image\":{\"@id\":\"https:\\\/\\\/americannutrition.es\\\/productos\\\/vita-pure-multivitamin-minerals#primaryimage\"},\"thumbnailUrl\":\"https:\\\/\\\/i0.wp.com\\\/americannutrition.es\\\/wp-content\\\/uploads\\\/2024\\\/03\\\/vitapure_1_4x-scaled.webp?fit=2560%2C2560&ssl=1\",\"datePublished\":\"2024-03-20T10:45:21+00:00\",\"dateModified\":\"2026-02-23T12:11:45+00:00\",\"description\":\"Vita Pure ofrece una f\u00f3rmula completa de vitaminas y minerales esenciales para apoyar el rendimiento diario y el bienestar general.\",\"breadcrumb\":{\"@id\":\"https:\\\/\\\/americannutrition.es\\\/productos\\\/vita-pure-multivitamin-minerals#breadcrumb\"},\"inLanguage\":\"fr-FR\",\"potentialAction\":[{\"@type\":\"ReadAction\",\"target\":[\"https:\\\/\\\/americannutrition.es\\\/productos\\\/vita-pure-multivitamin-minerals\"]}]},{\"@type\":\"ImageObject\",\"inLanguage\":\"fr-FR\",\"@id\":\"https:\\\/\\\/americannutrition.es\\\/productos\\\/vita-pure-multivitamin-minerals#primaryimage\",\"url\":\"https:\\\/\\\/i0.wp.com\\\/americannutrition.es\\\/wp-content\\\/uploads\\\/2024\\\/03\\\/vitapure_1_4x-scaled.webp?fit=2560%2C2560&ssl=1\",\"contentUrl\":\"https:\\\/\\\/i0.wp.com\\\/americannutrition.es\\\/wp-content\\\/uploads\\\/2024\\\/03\\\/vitapure_1_4x-scaled.webp?fit=2560%2C2560&ssl=1\",\"width\":2560,\"height\":2560},{\"@type\":\"BreadcrumbList\",\"@id\":\"https:\\\/\\\/americannutrition.es\\\/productos\\\/vita-pure-multivitamin-minerals#breadcrumb\",\"itemListElement\":[{\"@type\":\"ListItem\",\"position\":1,\"name\":\"Portada\",\"item\":\"https:\\\/\\\/americannutrition.es\\\/\"},{\"@type\":\"ListItem\",\"position\":2,\"name\":\"Productos\",\"item\":\"https:\\\/\\\/americannutrition.es\\\/productos\"},{\"@type\":\"ListItem\",\"position\":3,\"name\":\"Vita Pure\"}]},{\"@type\":\"WebSite\",\"@id\":\"https:\\\/\\\/americannutrition.es\\\/#website\",\"url\":\"https:\\\/\\\/americannutrition.es\\\/\",\"name\":\"American Nutrition\u00ae\",\"description\":\"Suplementos deportivos de alta calidad para el deportista\",\"publisher\":{\"@id\":\"https:\\\/\\\/americannutrition.es\\\/#organization\"},\"potentialAction\":[{\"@type\":\"SearchAction\",\"target\":{\"@type\":\"EntryPoint\",\"urlTemplate\":\"https:\\\/\\\/americannutrition.es\\\/?s={search_term_string}\"},\"query-input\":{\"@type\":\"PropertyValueSpecification\",\"valueRequired\":true,\"valueName\":\"search_term_string\"}}],\"inLanguage\":\"fr-FR\"},{\"@type\":\"Organization\",\"@id\":\"https:\\\/\\\/americannutrition.es\\\/#organization\",\"name\":\"American Nutrition\u00ae| L\u00edderes en Suplementaci\u00f3n Deportiva\",\"url\":\"https:\\\/\\\/americannutrition.es\\\/\",\"logo\":{\"@type\":\"ImageObject\",\"inLanguage\":\"fr-FR\",\"@id\":\"https:\\\/\\\/americannutrition.es\\\/#\\\/schema\\\/logo\\\/image\\\/\",\"url\":\"https:\\\/\\\/americannutrition.es\\\/wp-content\\\/uploads\\\/2024\\\/03\\\/cropped-logo-de-redes-sociales-13.png\",\"contentUrl\":\"https:\\\/\\\/americannutrition.es\\\/wp-content\\\/uploads\\\/2024\\\/03\\\/cropped-logo-de-redes-sociales-13.png\",\"width\":512,\"height\":512,\"caption\":\"American Nutrition\u00ae| L\u00edderes en Suplementaci\u00f3n Deportiva\"},\"image\":{\"@id\":\"https:\\\/\\\/americannutrition.es\\\/#\\\/schema\\\/logo\\\/image\\\/\"},\"sameAs\":[\"https:\\\/\\\/www.facebook.com\\\/American.Nutrition\\\/\",\"https:\\\/\\\/x.com\\\/americanutri\",\"https:\\\/\\\/www.instagram.com\\\/an_americannutrition\",\"https:\\\/\\\/www.youtube.com\\\/channel\\\/UCOAZZ7ab3mzYRmq5yQ-SlGw\"]}]}<\/script>\n<!-- \/ Yoast SEO plugin. -->","yoast_head_json":{"title":"Vita Pure - American Nutrition\u00ae Store","description":"Vita Pure ofrece una f\u00f3rmula completa de vitaminas y minerales esenciales para apoyar el rendimiento diario y el bienestar general.","robots":{"index":"index","follow":"follow","max-snippet":"max-snippet:-1","max-image-preview":"max-image-preview:large","max-video-preview":"max-video-preview:-1"},"canonical":"https:\/\/americannutrition.es\/fr\/productos\/vita-pure-multivitamin-minerals\/","og_locale":"fr_FR","og_type":"article","og_title":"Vita Pure - American Nutrition\u00ae Store","og_description":"Vita Pure ofrece una f\u00f3rmula completa de vitaminas y minerales esenciales para apoyar el rendimiento diario y el bienestar general.","og_url":"https:\/\/americannutrition.es\/fr\/productos\/vita-pure-multivitamin-minerals\/","og_site_name":"American Nutrition\u00ae Store","article_publisher":"https:\/\/www.facebook.com\/American.Nutrition\/","article_modified_time":"2026-02-23T12:11:45+00:00","og_image":[{"width":2560,"height":2560,"url":"https:\/\/americannutrition.es\/wp-content\/uploads\/2024\/03\/vitapure_1_4x-scaled.webp","type":"image\/webp"}],"twitter_card":"summary_large_image","twitter_site":"@americanutri","twitter_misc":{"Dur\u00e9e de lecture estim\u00e9e":"2 minutes"},"schema":{"@context":"https:\/\/schema.org","@graph":[{"@type":"WebPage","@id":"https:\/\/americannutrition.es\/productos\/vita-pure-multivitamin-minerals","url":"https:\/\/americannutrition.es\/productos\/vita-pure-multivitamin-minerals","name":"Vita Pure - American Nutrition\u00ae Store","isPartOf":{"@id":"https:\/\/americannutrition.es\/#website"},"primaryImageOfPage":{"@id":"https:\/\/americannutrition.es\/productos\/vita-pure-multivitamin-minerals#primaryimage"},"image":{"@id":"https:\/\/americannutrition.es\/productos\/vita-pure-multivitamin-minerals#primaryimage"},"thumbnailUrl":"https:\/\/i0.wp.com\/americannutrition.es\/wp-content\/uploads\/2024\/03\/vitapure_1_4x-scaled.webp?fit=2560%2C2560&ssl=1","datePublished":"2024-03-20T10:45:21+00:00","dateModified":"2026-02-23T12:11:45+00:00","description":"Vita Pure ofrece una f\u00f3rmula completa de vitaminas y minerales esenciales para apoyar el rendimiento diario y el bienestar general.","breadcrumb":{"@id":"https:\/\/americannutrition.es\/productos\/vita-pure-multivitamin-minerals#breadcrumb"},"inLanguage":"fr-FR","potentialAction":[{"@type":"ReadAction","target":["https:\/\/americannutrition.es\/productos\/vita-pure-multivitamin-minerals"]}]},{"@type":"ImageObject","inLanguage":"fr-FR","@id":"https:\/\/americannutrition.es\/productos\/vita-pure-multivitamin-minerals#primaryimage","url":"https:\/\/i0.wp.com\/americannutrition.es\/wp-content\/uploads\/2024\/03\/vitapure_1_4x-scaled.webp?fit=2560%2C2560&ssl=1","contentUrl":"https:\/\/i0.wp.com\/americannutrition.es\/wp-content\/uploads\/2024\/03\/vitapure_1_4x-scaled.webp?fit=2560%2C2560&ssl=1","width":2560,"height":2560},{"@type":"BreadcrumbList","@id":"https:\/\/americannutrition.es\/productos\/vita-pure-multivitamin-minerals#breadcrumb","itemListElement":[{"@type":"ListItem","position":1,"name":"Portada","item":"https:\/\/americannutrition.es\/"},{"@type":"ListItem","position":2,"name":"Productos","item":"https:\/\/americannutrition.es\/productos"},{"@type":"ListItem","position":3,"name":"Vita Pure"}]},{"@type":"WebSite","@id":"https:\/\/americannutrition.es\/#website","url":"https:\/\/americannutrition.es\/","name":"Nutrition Am\u00e9ricaine\u00ae","description":"Compl\u00e9ments sportifs de haute qualit\u00e9 pour les athl\u00e8tes","publisher":{"@id":"https:\/\/americannutrition.es\/#organization"},"potentialAction":[{"@type":"SearchAction","target":{"@type":"EntryPoint","urlTemplate":"https:\/\/americannutrition.es\/?s={search_term_string}"},"query-input":{"@type":"PropertyValueSpecification","valueRequired":true,"valueName":"search_term_string"}}],"inLanguage":"fr-FR"},{"@type":"Organization","@id":"https:\/\/americannutrition.es\/#organization","name":"American Nutrition\u00ae| L\u00edderes en Suplementaci\u00f3n Deportiva","url":"https:\/\/americannutrition.es\/","logo":{"@type":"ImageObject","inLanguage":"fr-FR","@id":"https:\/\/americannutrition.es\/#\/schema\/logo\/image\/","url":"https:\/\/americannutrition.es\/wp-content\/uploads\/2024\/03\/cropped-logo-de-redes-sociales-13.png","contentUrl":"https:\/\/americannutrition.es\/wp-content\/uploads\/2024\/03\/cropped-logo-de-redes-sociales-13.png","width":512,"height":512,"caption":"American Nutrition\u00ae| L\u00edderes en Suplementaci\u00f3n Deportiva"},"image":{"@id":"https:\/\/americannutrition.es\/#\/schema\/logo\/image\/"},"sameAs":["https:\/\/www.facebook.com\/American.Nutrition\/","https:\/\/x.com\/americanutri","https:\/\/www.instagram.com\/an_americannutrition","https:\/\/www.youtube.com\/channel\/UCOAZZ7ab3mzYRmq5yQ-SlGw"]}]}},"jetpack_sharing_enabled":true,"_links":{"self":[{"href":"https:\/\/americannutrition.es\/fr\/wp-json\/wp\/v2\/product\/1908","targetHints":{"allow":["GET"]}}],"collection":[{"href":"https:\/\/americannutrition.es\/fr\/wp-json\/wp\/v2\/product"}],"about":[{"href":"https:\/\/americannutrition.es\/fr\/wp-json\/wp\/v2\/types\/product"}],"replies":[{"embeddable":true,"href":"https:\/\/americannutrition.es\/fr\/wp-json\/wp\/v2\/comments?post=1908"}],"version-history":[{"count":5,"href":"https:\/\/americannutrition.es\/fr\/wp-json\/wp\/v2\/product\/1908\/revisions"}],"predecessor-version":[{"id":9350,"href":"https:\/\/americannutrition.es\/fr\/wp-json\/wp\/v2\/product\/1908\/revisions\/9350"}],"wp:featuredmedia":[{"embeddable":true,"href":"https:\/\/americannutrition.es\/fr\/wp-json\/wp\/v2\/media\/9510"}],"wp:attachment":[{"href":"https:\/\/americannutrition.es\/fr\/wp-json\/wp\/v2\/media?parent=1908"}],"wp:term":[{"taxonomy":"product_brand","embeddable":true,"href":"https:\/\/americannutrition.es\/fr\/wp-json\/wp\/v2\/product_brand?post=1908"},{"taxonomy":"product_cat","embeddable":true,"href":"https:\/\/americannutrition.es\/fr\/wp-json\/wp\/v2\/product_cat?post=1908"},{"taxonomy":"product_tag","embeddable":true,"href":"https:\/\/americannutrition.es\/fr\/wp-json\/wp\/v2\/product_tag?post=1908"}],"curies":[{"name":"wp","href":"https:\/\/api.w.org\/{rel}","templated":true}]}}