{"id":4872,"date":"2024-06-03T09:45:36","date_gmt":"2024-06-03T09:45:36","guid":{"rendered":"https:\/\/americannutrition.es\/?page_id=4872"},"modified":"2024-06-03T10:02:54","modified_gmt":"2024-06-03T10:02:54","slug":"carrito-2","status":"publish","type":"page","link":"https:\/\/americannutrition.es\/fr\/carrito-2","title":{"rendered":"Panier"},"content":{"rendered":"<div data-elementor-type=\"wp-page\" data-elementor-id=\"4872\" class=\"elementor elementor-4872\" data-elementor-post-type=\"page\">\n\t\t\t\t<div class=\"elementor-element elementor-element-998f4a5 e-flex e-con-boxed e-con e-parent\" data-id=\"998f4a5\" data-element_type=\"container\" data-e-type=\"container\">\n\t\t\t\t\t<div class=\"e-con-inner\">\n\t\t\t\t\t<\/div>\n\t\t\t\t<\/div>\n\t\t\t\t<\/div>","protected":false},"excerpt":{"rendered":"<p>Eliminar art\u00edculo Imagen en miniatura Producto Precio Cantidad Subtotal &times; prueba de compra 2,50&euro; prueba de compra cantidad 2,50&euro; &times; Arginine Ornitine &#8211; 100 c\u00e1psulas 17,50&euro; Arginine Ornitine &#8211; 100 c\u00e1psulas cantidad 17,50&euro; Actualizar carrito Aplicar Costes Subtotal 20,00&euro; Env\u00edo Precio fijo: 7,50&euro; Enviar a calle santa barbara 18, piso 6D escalera 2, 18001 Granada, [&hellip;]<\/p>\n","protected":false},"author":1,"featured_media":0,"parent":0,"menu_order":0,"comment_status":"closed","ping_status":"closed","template":"","meta":{"footnotes":""},"class_list":["post-4872","page","type-page","status-publish","hentry"],"yoast_head":"<!-- This site is optimized with the Yoast SEO plugin v27.0 - https:\/\/yoast.com\/product\/yoast-seo-wordpress\/ -->\n<title>Carrito - American Nutrition\u00ae Store<\/title>\n<meta name=\"robots\" content=\"index, follow, max-snippet:-1, max-image-preview:large, max-video-preview:-1\" \/>\n<link rel=\"canonical\" href=\"https:\/\/americannutrition.es\/fr\/carrito-2\/\" \/>\n<meta property=\"og:locale\" content=\"fr_FR\" \/>\n<meta property=\"og:type\" content=\"article\" \/>\n<meta property=\"og:title\" content=\"Carrito - American Nutrition\u00ae Store\" \/>\n<meta property=\"og:description\" content=\"Eliminar art\u00edculo Imagen en miniatura Producto Precio Cantidad Subtotal &times; prueba de compra 2,50&euro; prueba de compra cantidad 2,50&euro; &times; Arginine Ornitine &#8211; 100 c\u00e1psulas 17,50&euro; Arginine Ornitine &#8211; 100 c\u00e1psulas cantidad 17,50&euro; Actualizar carrito Aplicar Costes Subtotal 20,00&euro; Env\u00edo Precio fijo: 7,50&euro; Enviar a calle santa barbara 18, piso 6D escalera 2, 18001 Granada, [&hellip;]\" \/>\n<meta property=\"og:url\" content=\"https:\/\/americannutrition.es\/fr\/carrito-2\/\" \/>\n<meta property=\"og:site_name\" content=\"American Nutrition\u00ae Store\" \/>\n<meta property=\"article:publisher\" content=\"https:\/\/www.facebook.com\/American.Nutrition\/\" \/>\n<meta property=\"article:modified_time\" content=\"2024-06-03T10:02:54+00:00\" \/>\n<meta property=\"og:image\" content=\"https:\/\/americannutrition.es\/wp-content\/uploads\/2024\/04\/Shaker_aMERICAN-300x300.webp\" \/>\n<meta name=\"twitter:card\" content=\"summary_large_image\" \/>\n<meta name=\"twitter:site\" content=\"@americanutri\" \/>\n<meta name=\"twitter:label1\" content=\"Dur\u00e9e de lecture estim\u00e9e\" \/>\n\t<meta name=\"twitter:data1\" content=\"1 minute\" \/>\n<script type=\"application\/ld+json\" class=\"yoast-schema-graph\">{\"@context\":\"https:\/\/schema.org\",\"@graph\":[{\"@type\":\"WebPage\",\"@id\":\"https:\/\/americannutrition.es\/carrito-2\",\"url\":\"https:\/\/americannutrition.es\/carrito-2\",\"name\":\"Carrito - American Nutrition\u00ae Store\",\"isPartOf\":{\"@id\":\"https:\/\/americannutrition.es\/#website\"},\"primaryImageOfPage\":{\"@id\":\"https:\/\/americannutrition.es\/carrito-2#primaryimage\"},\"image\":{\"@id\":\"https:\/\/americannutrition.es\/carrito-2#primaryimage\"},\"thumbnailUrl\":\"https:\/\/americannutrition.es\/wp-content\/uploads\/2024\/04\/Shaker_aMERICAN-300x300.webp\",\"datePublished\":\"2024-06-03T09:45:36+00:00\",\"dateModified\":\"2024-06-03T10:02:54+00:00\",\"breadcrumb\":{\"@id\":\"https:\/\/americannutrition.es\/carrito-2#breadcrumb\"},\"inLanguage\":\"fr-FR\",\"potentialAction\":[{\"@type\":\"ReadAction\",\"target\":[\"https:\/\/americannutrition.es\/carrito-2\"]}]},{\"@type\":\"ImageObject\",\"inLanguage\":\"fr-FR\",\"@id\":\"https:\/\/americannutrition.es\/carrito-2#primaryimage\",\"url\":\"https:\/\/americannutrition.es\/wp-content\/uploads\/2024\/04\/Shaker_aMERICAN-300x300.webp\",\"contentUrl\":\"https:\/\/americannutrition.es\/wp-content\/uploads\/2024\/04\/Shaker_aMERICAN-300x300.webp\"},{\"@type\":\"BreadcrumbList\",\"@id\":\"https:\/\/americannutrition.es\/carrito-2#breadcrumb\",\"itemListElement\":[{\"@type\":\"ListItem\",\"position\":1,\"name\":\"Portada\",\"item\":\"https:\/\/americannutrition.es\/\"},{\"@type\":\"ListItem\",\"position\":2,\"name\":\"Carrito\"}]},{\"@type\":\"WebSite\",\"@id\":\"https:\/\/americannutrition.es\/#website\",\"url\":\"https:\/\/americannutrition.es\/\",\"name\":\"American Nutrition\u00ae\",\"description\":\"Suplementos deportivos de alta calidad para el deportista\",\"publisher\":{\"@id\":\"https:\/\/americannutrition.es\/#organization\"},\"potentialAction\":[{\"@type\":\"SearchAction\",\"target\":{\"@type\":\"EntryPoint\",\"urlTemplate\":\"https:\/\/americannutrition.es\/?s={search_term_string}\"},\"query-input\":{\"@type\":\"PropertyValueSpecification\",\"valueRequired\":true,\"valueName\":\"search_term_string\"}}],\"inLanguage\":\"fr-FR\"},{\"@type\":\"Organization\",\"@id\":\"https:\/\/americannutrition.es\/#organization\",\"name\":\"American Nutrition\u00ae| L\u00edderes en Suplementaci\u00f3n Deportiva\",\"url\":\"https:\/\/americannutrition.es\/\",\"logo\":{\"@type\":\"ImageObject\",\"inLanguage\":\"fr-FR\",\"@id\":\"https:\/\/americannutrition.es\/#\/schema\/logo\/image\/\",\"url\":\"https:\/\/americannutrition.es\/wp-content\/uploads\/2024\/03\/cropped-logo-de-redes-sociales-13.png\",\"contentUrl\":\"https:\/\/americannutrition.es\/wp-content\/uploads\/2024\/03\/cropped-logo-de-redes-sociales-13.png\",\"width\":512,\"height\":512,\"caption\":\"American Nutrition\u00ae| L\u00edderes en Suplementaci\u00f3n Deportiva\"},\"image\":{\"@id\":\"https:\/\/americannutrition.es\/#\/schema\/logo\/image\/\"},\"sameAs\":[\"https:\/\/www.facebook.com\/American.Nutrition\/\",\"https:\/\/x.com\/americanutri\",\"https:\/\/www.instagram.com\/an_americannutrition\",\"https:\/\/www.youtube.com\/channel\/UCOAZZ7ab3mzYRmq5yQ-SlGw\"]}]}<\/script>\n<!-- \/ Yoast SEO plugin. -->","yoast_head_json":{"title":"Carrito - American Nutrition\u00ae Store","robots":{"index":"index","follow":"follow","max-snippet":"max-snippet:-1","max-image-preview":"max-image-preview:large","max-video-preview":"max-video-preview:-1"},"canonical":"https:\/\/americannutrition.es\/fr\/carrito-2\/","og_locale":"fr_FR","og_type":"article","og_title":"Carrito - American Nutrition\u00ae Store","og_description":"Eliminar art\u00edculo Imagen en miniatura Producto Precio Cantidad Subtotal &times; prueba de compra 2,50&euro; prueba de compra cantidad 2,50&euro; &times; Arginine Ornitine &#8211; 100 c\u00e1psulas 17,50&euro; Arginine Ornitine &#8211; 100 c\u00e1psulas cantidad 17,50&euro; Actualizar carrito Aplicar Costes Subtotal 20,00&euro; Env\u00edo Precio fijo: 7,50&euro; Enviar a calle santa barbara 18, piso 6D escalera 2, 18001 Granada, [&hellip;]","og_url":"https:\/\/americannutrition.es\/fr\/carrito-2\/","og_site_name":"American Nutrition\u00ae Store","article_publisher":"https:\/\/www.facebook.com\/American.Nutrition\/","article_modified_time":"2024-06-03T10:02:54+00:00","og_image":[{"url":"https:\/\/americannutrition.es\/wp-content\/uploads\/2024\/04\/Shaker_aMERICAN-300x300.webp","type":"","width":"","height":""}],"twitter_card":"summary_large_image","twitter_site":"@americanutri","twitter_misc":{"Dur\u00e9e de lecture estim\u00e9e":"1 minute"},"schema":{"@context":"https:\/\/schema.org","@graph":[{"@type":"WebPage","@id":"https:\/\/americannutrition.es\/carrito-2","url":"https:\/\/americannutrition.es\/carrito-2","name":"Carrito - American Nutrition\u00ae Store","isPartOf":{"@id":"https:\/\/americannutrition.es\/#website"},"primaryImageOfPage":{"@id":"https:\/\/americannutrition.es\/carrito-2#primaryimage"},"image":{"@id":"https:\/\/americannutrition.es\/carrito-2#primaryimage"},"thumbnailUrl":"https:\/\/americannutrition.es\/wp-content\/uploads\/2024\/04\/Shaker_aMERICAN-300x300.webp","datePublished":"2024-06-03T09:45:36+00:00","dateModified":"2024-06-03T10:02:54+00:00","breadcrumb":{"@id":"https:\/\/americannutrition.es\/carrito-2#breadcrumb"},"inLanguage":"fr-FR","potentialAction":[{"@type":"ReadAction","target":["https:\/\/americannutrition.es\/carrito-2"]}]},{"@type":"ImageObject","inLanguage":"fr-FR","@id":"https:\/\/americannutrition.es\/carrito-2#primaryimage","url":"https:\/\/americannutrition.es\/wp-content\/uploads\/2024\/04\/Shaker_aMERICAN-300x300.webp","contentUrl":"https:\/\/americannutrition.es\/wp-content\/uploads\/2024\/04\/Shaker_aMERICAN-300x300.webp"},{"@type":"BreadcrumbList","@id":"https:\/\/americannutrition.es\/carrito-2#breadcrumb","itemListElement":[{"@type":"ListItem","position":1,"name":"Portada","item":"https:\/\/americannutrition.es\/"},{"@type":"ListItem","position":2,"name":"Carrito"}]},{"@type":"WebSite","@id":"https:\/\/americannutrition.es\/#website","url":"https:\/\/americannutrition.es\/","name":"Nutrition Am\u00e9ricaine\u00ae","description":"Compl\u00e9ments sportifs de haute qualit\u00e9 pour les athl\u00e8tes","publisher":{"@id":"https:\/\/americannutrition.es\/#organization"},"potentialAction":[{"@type":"SearchAction","target":{"@type":"EntryPoint","urlTemplate":"https:\/\/americannutrition.es\/?s={search_term_string}"},"query-input":{"@type":"PropertyValueSpecification","valueRequired":true,"valueName":"search_term_string"}}],"inLanguage":"fr-FR"},{"@type":"Organization","@id":"https:\/\/americannutrition.es\/#organization","name":"American Nutrition\u00ae| L\u00edderes en Suplementaci\u00f3n Deportiva","url":"https:\/\/americannutrition.es\/","logo":{"@type":"ImageObject","inLanguage":"fr-FR","@id":"https:\/\/americannutrition.es\/#\/schema\/logo\/image\/","url":"https:\/\/americannutrition.es\/wp-content\/uploads\/2024\/03\/cropped-logo-de-redes-sociales-13.png","contentUrl":"https:\/\/americannutrition.es\/wp-content\/uploads\/2024\/03\/cropped-logo-de-redes-sociales-13.png","width":512,"height":512,"caption":"American Nutrition\u00ae| L\u00edderes en Suplementaci\u00f3n Deportiva"},"image":{"@id":"https:\/\/americannutrition.es\/#\/schema\/logo\/image\/"},"sameAs":["https:\/\/www.facebook.com\/American.Nutrition\/","https:\/\/x.com\/americanutri","https:\/\/www.instagram.com\/an_americannutrition","https:\/\/www.youtube.com\/channel\/UCOAZZ7ab3mzYRmq5yQ-SlGw"]}]}},"jetpack_sharing_enabled":true,"_links":{"self":[{"href":"https:\/\/americannutrition.es\/fr\/wp-json\/wp\/v2\/pages\/4872","targetHints":{"allow":["GET"]}}],"collection":[{"href":"https:\/\/americannutrition.es\/fr\/wp-json\/wp\/v2\/pages"}],"about":[{"href":"https:\/\/americannutrition.es\/fr\/wp-json\/wp\/v2\/types\/page"}],"author":[{"embeddable":true,"href":"https:\/\/americannutrition.es\/fr\/wp-json\/wp\/v2\/users\/1"}],"replies":[{"embeddable":true,"href":"https:\/\/americannutrition.es\/fr\/wp-json\/wp\/v2\/comments?post=4872"}],"version-history":[{"count":8,"href":"https:\/\/americannutrition.es\/fr\/wp-json\/wp\/v2\/pages\/4872\/revisions"}],"predecessor-version":[{"id":4884,"href":"https:\/\/americannutrition.es\/fr\/wp-json\/wp\/v2\/pages\/4872\/revisions\/4884"}],"wp:attachment":[{"href":"https:\/\/americannutrition.es\/fr\/wp-json\/wp\/v2\/media?parent=4872"}],"curies":[{"name":"wp","href":"https:\/\/api.w.org\/{rel}","templated":true}]}}