{"id":4658,"date":"2024-04-26T10:23:51","date_gmt":"2024-04-26T10:23:51","guid":{"rendered":"https:\/\/americannutrition.es\/?page_id=4658"},"modified":"2025-01-17T11:58:54","modified_gmt":"2025-01-17T11:58:54","slug":"politica-de-privacidad","status":"publish","type":"page","link":"https:\/\/americannutrition.es\/fr\/politica-de-privacidad","title":{"rendered":"Pol\u00edtica de privacidad"},"content":{"rendered":"<div data-elementor-type=\"wp-page\" data-elementor-id=\"4658\" class=\"elementor elementor-4658\" data-elementor-post-type=\"page\">\n\t\t\t\t<div class=\"elementor-element elementor-element-4d31ff0 e-flex e-con-boxed e-con e-parent\" data-id=\"4d31ff0\" data-element_type=\"container\" data-e-type=\"container\">\n\t\t\t\t\t<div class=\"e-con-inner\">\n\t\t\t\t<div class=\"elementor-element elementor-element-ba40a35 elementor-widget elementor-widget-heading\" data-id=\"ba40a35\" data-element_type=\"widget\" data-e-type=\"widget\" data-widget_type=\"heading.default\">\n\t\t\t\t\t<h2 class=\"elementor-heading-title elementor-size-default\">Politiques de confidentialit\u00e9<\/h2>\t\t\t\t<\/div>\n\t\t\t\t<div class=\"elementor-element elementor-element-9b82a2a elementor-widget elementor-widget-text-editor\" data-id=\"9b82a2a\" data-element_type=\"widget\" data-e-type=\"widget\" data-widget_type=\"text-editor.default\">\n\t\t\t\t\t\t\t\t\t<div class=\"et_pb_section et_pb_section_1 et_section_regular\"><div class=\"et_pb_row et_pb_row_1\"><div class=\"et_pb_column et_pb_column_4_4 et_pb_column_1 et_pb_css_mix_blend_mode_passthrough et-last-child\"><div class=\"et_pb_module et_pb_text et_pb_text_1 et_pb_text_align_left et_pb_bg_layout_light\"><div class=\"et_pb_text_inner\"><div class=\"et_pb_section et_pb_section_1 et_section_regular\"><div class=\"et_pb_row et_pb_row_1\"><div class=\"et_pb_column et_pb_column_4_4 et_pb_column_1 et_pb_css_mix_blend_mode_passthrough et-last-child\"><div class=\"et_pb_module et_pb_text et_pb_text_1 et_pb_text_align_left et_pb_bg_layout_light\"><div class=\"et_pb_text_inner\"><p>Dans \u00ab Body Nutrition SL \u00bb, . Nous croyons et d\u00e9fendons que votre vie priv\u00e9e est tr\u00e8s importante et que vous seul devez pouvoir d\u00e9cider de la mani\u00e8re dont vos informations sont utilis\u00e9es. Pour cette raison, nous nous sommes adapt\u00e9s \u00e0 la r\u00e9glementation europ\u00e9enne sur la protection des donn\u00e9es personnelles et nous vous fournissons tout ce dont vous avez besoin pour la comprendre.<\/p><p>Conform\u00e9ment au R\u00e8glement (UE) 2016\/679 du Parlement europ\u00e9en et du Conseil du 27 avril 2016 relatif \u00e0 la protection des personnes physiques \u00e0 l&#039;\u00e9gard du traitement des donn\u00e9es \u00e0 caract\u00e8re personnel et \u00e0 la libre circulation de ces donn\u00e9es (RGPD), ainsi qu&#039;\u00e0 la loi organique 3\/2018 du 5 d\u00e9cembre sur la protection des donn\u00e9es et la garantie des droits num\u00e9riques, nous vous informons de ce qui suit :<\/p><\/div><\/div><\/div><\/div><\/div><div class=\"et_pb_section et_pb_section_2 et_section_regular\"><div class=\"et_pb_row et_pb_row_2\"><div class=\"et_pb_column et_pb_column_4_4 et_pb_column_2 et_pb_css_mix_blend_mode_passthrough et-last-child\"><div class=\"et_pb_module et_pb_text et_pb_text_2 et_pb_text_align_left et_pb_bg_layout_light\"><div class=\"et_pb_text_inner\"><h3><b>Qui est responsable de vos donn\u00e9es ?<\/b><\/h3><p><b><br \/><\/b>Nutrition corporelle, SL, CIF: B98778814<\/p><p>Si\u00e8ge social :\u00a0<b>Course de commandement Fadrell, n3, basse, 12005 Castell\u00f3n de la Plana, Castell\u00f3n<\/b><\/p><p>Num\u00e9ro de t\u00e9l\u00e9phone : 964785639<\/p><p>Courriel : contacto@americannutrition.es<\/p><p>Adresse du site Web : https:\/\/americannutrition.es\/<\/p><p><b>\u00c0 quoi vont servir vos donn\u00e9es ?<\/b><\/p><p>De plus, si nous avons votre consentement, nous pouvons vous envoyer des communications commerciales susceptibles de vous int\u00e9resser concernant nos services, offres et actualit\u00e9s.<\/p><p>Si vous nous contactez via le site Internet ou les r\u00e9seaux sociaux : pour r\u00e9pondre \u00e0 la demande d&#039;informations. Vos donn\u00e9es seront trait\u00e9es afin de g\u00e9rer ledit contact, r\u00e9pondre \u00e0 toutes les consultations, questions ou commentaires que vous nous envoyez via les canaux habilit\u00e9s \u00e0 cet effet sur notre site Web ou sur les r\u00e9seaux sociaux.<\/p><p>Si vous nous envoyez votre CV : les donn\u00e9es fournies seront trait\u00e9es dans le but de g\u00e9rer la r\u00e9ception des CV, ainsi que dans le but d&#039;analyser le profil professionnel du candidat et, le cas \u00e9ch\u00e9ant, de permettre la participation aux processus de s\u00e9lection.<\/p><p>Nous vous informons \u00e9galement que Body Nutrition, SL ne prendra pas de d\u00e9cisions automatis\u00e9es en fonction de votre profil.<\/p><h3><b>\u00c0 qui communiquerons-nous vos donn\u00e9es ?<\/b><\/h3><p>Nous avons un certain nombre d\u2019obligations l\u00e9gales que nous devons respecter concernant vos donn\u00e9es. Parmi elles, nous devons fournir ces donn\u00e9es lorsque demand\u00e9es par les autorit\u00e9s fiscales.<\/p><p>De plus, et toujours avec votre consentement, vos donn\u00e9es seront transf\u00e9r\u00e9es aux entit\u00e9s publiques ou priv\u00e9es que vous nous indiquerez pour l&#039;ex\u00e9cution de tout type de proc\u00e9dure que vous nous demandez de g\u00e9rer en votre nom.<\/p><p>Veuillez noter que si vous contactez notre \u00e9quipe via l&#039;un des profils de m\u00e9dias sociaux d&#039;American Nutrition . met \u00e0 disposition des utilisateurs, en plus de nous fournir les donn\u00e9es que vous nous fournissez, il les transf\u00e9rera \u00e9galement aux entit\u00e9s responsables de ce r\u00e9seau social lui-m\u00eame. Pour comprendre comment ces entit\u00e9s utilisent et traitent vos donn\u00e9es, nous vous conseillons de lire attentivement les politiques de confidentialit\u00e9 des r\u00e9seaux sociaux qu&#039;elles ont actifs.<\/p><p>De m\u00eame, si vous \u00eates int\u00e9ress\u00e9 \u00e0 nous contacter pour participer \u00e0 un processus de s\u00e9lection de personnel que nous avons actif, et que votre fa\u00e7on de nous contacter est via l&#039;un des portails de recherche d&#039;emploi que cette entit\u00e9 peut g\u00e9rer, vous devez savoir qu&#039;en plus de fournir vos donn\u00e9es \u00e0 American Nutrition. Vous les aurez \u00e9galement pr\u00e9alablement fournis (au moment de votre inscription) aux portails d&#039;emploi dans lesquels vous avez inclus votre profil professionnel. Vous pouvez vous informer sur l&#039;utilisation, le traitement et les \u00e9ventuels transferts de ces portails en consultant leurs politiques de confidentialit\u00e9.<\/p><h3><b>D&#039;o\u00f9 proviennent vos donn\u00e9es ?<\/b><\/h3><p>Nous obtenons vos donn\u00e9es lorsque vous nous les fournissez lorsque vous vous inscrivez en tant que Client ou que vous nous contactez via le site Web ou les r\u00e9seaux sociaux.<\/p><p>\u00c9galement lorsque vous nous faites parvenir votre CV pour d&#039;\u00e9ventuels processus de s\u00e9lection de personnel.<\/p><h3><b>Quels sont vos droits et comment pouvez-vous les exercer ?<\/b><\/h3><p>Nous vous informons que vous avez le droit d&#039;obtenir la confirmation que nous traitons ou non des donn\u00e9es personnelles vous concernant.\u00a0<\/p><p>Vous disposez d\u2019un droit d\u2019acc\u00e8s, de rectification, de suppression et d\u2019opposition \u00e0 certains traitements, ainsi qu\u2019un droit \u00e0 la limitation du traitement, \u00e0 la portabilit\u00e9 et \u00e0 ne pas faire l\u2019objet d\u2019une d\u00e9cision individuelle fond\u00e9e uniquement sur un traitement automatis\u00e9.<\/p><ul><li aria-level=\"1\">Acc\u00e9der \u00e0 vos donn\u00e9es : Vous avez le droit d\u2019acc\u00e9der \u00e0 vos donn\u00e9es pour savoir quelles donn\u00e9es personnelles nous traitons vous concernant.<\/li><li aria-level=\"1\">Demander la rectification ou la suppression de vos donn\u00e9es : Dans certaines circonstances, vous avez le droit de rectifier toute donn\u00e9e personnelle que vous consid\u00e9rez comme inexacte et qui est trait\u00e9e par nous, ainsi que le droit de demander la suppression de vos donn\u00e9es lorsque, entre autres raisons, les donn\u00e9es ne sont plus n\u00e9cessaires aux fins pour lesquelles elles ont \u00e9t\u00e9 collect\u00e9es.<\/li><li aria-level=\"1\">Demander la limitation du traitement de vos donn\u00e9es : Dans certaines circonstances, vous aurez le droit de nous demander de limiter le traitement de vos donn\u00e9es, auquel cas nous vous informons que nous ne conserverons que les donn\u00e9es pour lesquelles vous avez demand\u00e9 la limitation du traitement pour l&#039;exercice ou la d\u00e9fense de r\u00e9clamations.<\/li><li aria-level=\"1\">\u00c0 la portabilit\u00e9 de vos donn\u00e9es : Dans certaines circonstances, vous aurez le droit de recevoir les donn\u00e9es personnelles vous concernant, et que vous nous avez fournies, dans un format structur\u00e9 pour une utilisation courante et une lecture automatique, ainsi que de les faire transmettre par nos soins \u00e0 un autre responsable du traitement.\u00a0<\/li><li aria-level=\"1\">Opposition au traitement de vos donn\u00e9es : Dans certaines circonstances et pour des raisons tenant \u00e0 votre situation particuli\u00e8re, vous aurez le droit de vous opposer au traitement de vos donn\u00e9es. Dans ce cas, nous cesserions de les traiter, sauf si nous devons continuer \u00e0 le faire pour des raisons l\u00e9gitimes imp\u00e9rieuses ou pour l\u2019exercice ou la d\u00e9fense d\u2019\u00e9ventuelles r\u00e9clamations.<\/li><\/ul><p>En outre, vous pouvez retirer votre consentement \u00e0 recevoir des communications commerciales \u00e0 tout moment.<\/p><p>Toute personne int\u00e9ress\u00e9e peut d\u00e9poser une plainte aupr\u00e8s de l\u2019Agence espagnole de protection des donn\u00e9es, notamment lorsqu\u2019elle n\u2019est pas satisfaite de l\u2019exercice de ses droits. Pour plus de d\u00e9tails, consultez le site Web\u00a0<a href=\"http:\/\/www.agpd.es\/\">www.agpd.es<\/a>.<\/p><h3><b>Combien de temps conservons-nous vos donn\u00e9es ?<\/b><\/h3><p>American Nutrition conservera vos informations aussi longtemps que vous serez client, bloquant les donn\u00e9es lorsque vous cessez d&#039;\u00eatre client et les supprimant une fois que toutes les actions l\u00e9gales ou extrajudiciaires pouvant survenir auront expir\u00e9.<\/p><p>Si vous \u00eates candidat \u00e0 un emploi : Jusqu&#039;\u00e0 la fin du processus de s\u00e9lection et, le cas \u00e9ch\u00e9ant, jusqu&#039;\u00e0 3 ans suppl\u00e9mentaires.<\/p><p>Si vous nous avez contact\u00e9 via le site web ou les r\u00e9seaux sociaux : Jusqu&#039;\u00e0 ce que le traitement soit termin\u00e9 ou que vous demandiez la suppression de vos donn\u00e9es.<\/p><p>\u00ab Body Nutrition SL \u00bb doit \u00e9galement conserver certaines informations en raison d\u2019exigences l\u00e9gales.<\/p><p>\u00ab Body Nutrition SL \u00bb se conforme aux directives du R\u00e8glement (UE) 2016\/679 du Parlement europ\u00e9en et du Conseil du 27 avril 2016 relatif \u00e0 la protection des personnes physiques \u00e0 l&#039;\u00e9gard du traitement des donn\u00e9es \u00e0 caract\u00e8re personnel et \u00e0 la libre circulation de ces donn\u00e9es (RGPD), ainsi qu&#039;\u00e0 la loi organique sur la protection des donn\u00e9es et aux autres r\u00e9glementations en vigueur \u00e0 tout moment, et garantit l&#039;utilisation et le traitement corrects des donn\u00e9es personnelles de l&#039;utilisateur. \u00c0 cette fin, avec chaque formulaire de collecte de donn\u00e9es personnelles, dans les services que l&#039;utilisateur peut demander \u00e0 hola@andaluzia.es, l&#039;utilisateur sera inform\u00e9, conform\u00e9ment aux dispositions de l&#039;article 15.1 du RGPD, des \u00e9l\u00e9ments suivants : (i) les finalit\u00e9s du traitement ; (ii) les cat\u00e9gories de donn\u00e9es \u00e0 caract\u00e8re personnel concern\u00e9es ; (iii) les destinataires ou cat\u00e9gories de destinataires auxquels les donn\u00e9es \u00e0 caract\u00e8re personnel ont \u00e9t\u00e9 ou seront communiqu\u00e9es, notamment les destinataires qui sont \u00e9tablis dans des pays tiers ou les organisations internationales ; (iv) la dur\u00e9e pendant laquelle les donn\u00e9es \u00e0 caract\u00e8re personnel seront conserv\u00e9es ou, si cela n\u2019est pas possible, les crit\u00e8res utilis\u00e9s pour d\u00e9terminer cette dur\u00e9e ; (v) l&#039;existence du droit de demander au responsable du traitement la rectification ou l&#039;effacement de donn\u00e9es \u00e0 caract\u00e8re personnel ou une limitation du traitement de donn\u00e9es \u00e0 caract\u00e8re personnel concernant la personne concern\u00e9e, ou du droit de s&#039;opposer \u00e0 un tel traitement ; (vi) le droit de d\u00e9poser une plainte aupr\u00e8s d\u2019une autorit\u00e9 de contr\u00f4le ; (vii) lorsque les donn\u00e9es \u00e0 caract\u00e8re personnel n\u2019ont pas \u00e9t\u00e9 obtenues aupr\u00e8s de la personne concern\u00e9e, toute information disponible quant \u00e0 leur source ; (viii) l\u2019existence d\u2019une prise de d\u00e9cision automatis\u00e9e, y compris un profilage, vis\u00e9e \u00e0 l\u2019article 22.1 et 4 du RGPD et, au moins dans de tels cas, des informations utiles sur la logique sous-jacente, ainsi que sur l\u2019importance et les cons\u00e9quences envisag\u00e9es d\u2019un tel traitement pour la personne concern\u00e9e.<\/p><p>\u00c9galement \u00ab Nutrition am\u00e9ricaine \u00bb. informe qu&#039;il se conforme \u00e0 la loi 34\/2002 du 11 juillet, sur les services de la soci\u00e9t\u00e9 de l&#039;information et du commerce \u00e9lectronique et demandera \u00e0 tout moment votre consentement au traitement de votre courrier \u00e9lectronique \u00e0 des fins commerciales.<\/p><\/div><\/div><\/div><\/div><\/div><\/div><\/div><\/div><\/div><\/div>\t\t\t\t\t\t\t\t<\/div>\n\t\t\t\t\t<\/div>\n\t\t\t\t<\/div>\n\t\t\t\t<\/div>","protected":false},"excerpt":{"rendered":"<p>Pol\u00edticas de privacidad En \u201cBody Nutrition S.L.\u201d , . creemos y defendemos que tu privacidad es algo muy importante y que s\u00f3lo t\u00fa debes poder decidir qu\u00e9 uso se hace de tu informaci\u00f3n.Por eso, nos hemos adecuado a la normativa europea de Protecci\u00f3n de Datos personales y ponemos a tu disposici\u00f3n todo lo que necesitas [&hellip;]<\/p>\n","protected":false},"author":1,"featured_media":0,"parent":0,"menu_order":0,"comment_status":"closed","ping_status":"closed","template":"elementor_header_footer","meta":{"footnotes":""},"class_list":["post-4658","page","type-page","status-publish","hentry"],"yoast_head":"<!-- This site is optimized with the Yoast SEO plugin v27.0 - https:\/\/yoast.com\/product\/yoast-seo-wordpress\/ -->\n<title>Pol\u00edtica de privacidad - American Nutrition\u00ae Store<\/title>\n<meta name=\"description\" content=\"Consulta nuestra Pol\u00edtica de privacidad para conocer c\u00f3mo protegemos tus datos personales. Descubre nuestra seguridad de la informaci\u00f3n.\" \/>\n<meta name=\"robots\" content=\"index, follow, max-snippet:-1, max-image-preview:large, max-video-preview:-1\" \/>\n<link rel=\"canonical\" href=\"https:\/\/americannutrition.es\/fr\/politica-de-privacidad\/\" \/>\n<meta property=\"og:locale\" content=\"fr_FR\" \/>\n<meta property=\"og:type\" content=\"article\" \/>\n<meta property=\"og:title\" content=\"Pol\u00edtica de privacidad - American Nutrition\u00ae Store\" \/>\n<meta property=\"og:description\" content=\"Consulta nuestra Pol\u00edtica de privacidad para conocer c\u00f3mo protegemos tus datos personales. Descubre nuestra seguridad de la informaci\u00f3n.\" \/>\n<meta property=\"og:url\" content=\"https:\/\/americannutrition.es\/fr\/politica-de-privacidad\/\" \/>\n<meta property=\"og:site_name\" content=\"American Nutrition\u00ae Store\" \/>\n<meta property=\"article:publisher\" content=\"https:\/\/www.facebook.com\/American.Nutrition\/\" \/>\n<meta property=\"article:modified_time\" content=\"2025-01-17T11:58:54+00:00\" \/>\n<meta name=\"twitter:card\" content=\"summary_large_image\" \/>\n<meta name=\"twitter:site\" content=\"@americanutri\" \/>\n<meta name=\"twitter:label1\" content=\"Dur\u00e9e de lecture estim\u00e9e\" \/>\n\t<meta name=\"twitter:data1\" content=\"7 minutes\" \/>\n<script type=\"application\/ld+json\" class=\"yoast-schema-graph\">{\"@context\":\"https:\/\/schema.org\",\"@graph\":[{\"@type\":\"WebPage\",\"@id\":\"https:\/\/americannutrition.es\/politica-de-privacidad\",\"url\":\"https:\/\/americannutrition.es\/politica-de-privacidad\",\"name\":\"Pol\u00edtica de privacidad - American Nutrition\u00ae Store\",\"isPartOf\":{\"@id\":\"https:\/\/americannutrition.es\/#website\"},\"datePublished\":\"2024-04-26T10:23:51+00:00\",\"dateModified\":\"2025-01-17T11:58:54+00:00\",\"description\":\"Consulta nuestra Pol\u00edtica de privacidad para conocer c\u00f3mo protegemos tus datos personales. Descubre nuestra seguridad de la informaci\u00f3n.\",\"breadcrumb\":{\"@id\":\"https:\/\/americannutrition.es\/politica-de-privacidad#breadcrumb\"},\"inLanguage\":\"fr-FR\",\"potentialAction\":[{\"@type\":\"ReadAction\",\"target\":[\"https:\/\/americannutrition.es\/politica-de-privacidad\"]}]},{\"@type\":\"BreadcrumbList\",\"@id\":\"https:\/\/americannutrition.es\/politica-de-privacidad#breadcrumb\",\"itemListElement\":[{\"@type\":\"ListItem\",\"position\":1,\"name\":\"Portada\",\"item\":\"https:\/\/americannutrition.es\/\"},{\"@type\":\"ListItem\",\"position\":2,\"name\":\"Pol\u00edtica de privacidad\"}]},{\"@type\":\"WebSite\",\"@id\":\"https:\/\/americannutrition.es\/#website\",\"url\":\"https:\/\/americannutrition.es\/\",\"name\":\"American Nutrition\u00ae\",\"description\":\"Suplementos deportivos de alta calidad para el deportista\",\"publisher\":{\"@id\":\"https:\/\/americannutrition.es\/#organization\"},\"potentialAction\":[{\"@type\":\"SearchAction\",\"target\":{\"@type\":\"EntryPoint\",\"urlTemplate\":\"https:\/\/americannutrition.es\/?s={search_term_string}\"},\"query-input\":{\"@type\":\"PropertyValueSpecification\",\"valueRequired\":true,\"valueName\":\"search_term_string\"}}],\"inLanguage\":\"fr-FR\"},{\"@type\":\"Organization\",\"@id\":\"https:\/\/americannutrition.es\/#organization\",\"name\":\"American Nutrition\u00ae| L\u00edderes en Suplementaci\u00f3n Deportiva\",\"url\":\"https:\/\/americannutrition.es\/\",\"logo\":{\"@type\":\"ImageObject\",\"inLanguage\":\"fr-FR\",\"@id\":\"https:\/\/americannutrition.es\/#\/schema\/logo\/image\/\",\"url\":\"https:\/\/americannutrition.es\/wp-content\/uploads\/2024\/03\/cropped-logo-de-redes-sociales-13.png\",\"contentUrl\":\"https:\/\/americannutrition.es\/wp-content\/uploads\/2024\/03\/cropped-logo-de-redes-sociales-13.png\",\"width\":512,\"height\":512,\"caption\":\"American Nutrition\u00ae| L\u00edderes en Suplementaci\u00f3n Deportiva\"},\"image\":{\"@id\":\"https:\/\/americannutrition.es\/#\/schema\/logo\/image\/\"},\"sameAs\":[\"https:\/\/www.facebook.com\/American.Nutrition\/\",\"https:\/\/x.com\/americanutri\",\"https:\/\/www.instagram.com\/an_americannutrition\",\"https:\/\/www.youtube.com\/channel\/UCOAZZ7ab3mzYRmq5yQ-SlGw\"]}]}<\/script>\n<!-- \/ Yoast SEO plugin. -->","yoast_head_json":{"title":"Pol\u00edtica de privacidad - American Nutrition\u00ae Store","description":"Consulta nuestra Pol\u00edtica de privacidad para conocer c\u00f3mo protegemos tus datos personales. Descubre nuestra seguridad de la informaci\u00f3n.","robots":{"index":"index","follow":"follow","max-snippet":"max-snippet:-1","max-image-preview":"max-image-preview:large","max-video-preview":"max-video-preview:-1"},"canonical":"https:\/\/americannutrition.es\/fr\/politica-de-privacidad\/","og_locale":"fr_FR","og_type":"article","og_title":"Pol\u00edtica de privacidad - American Nutrition\u00ae Store","og_description":"Consulta nuestra Pol\u00edtica de privacidad para conocer c\u00f3mo protegemos tus datos personales. Descubre nuestra seguridad de la informaci\u00f3n.","og_url":"https:\/\/americannutrition.es\/fr\/politica-de-privacidad\/","og_site_name":"American Nutrition\u00ae Store","article_publisher":"https:\/\/www.facebook.com\/American.Nutrition\/","article_modified_time":"2025-01-17T11:58:54+00:00","twitter_card":"summary_large_image","twitter_site":"@americanutri","twitter_misc":{"Dur\u00e9e de lecture estim\u00e9e":"7 minutes"},"schema":{"@context":"https:\/\/schema.org","@graph":[{"@type":"WebPage","@id":"https:\/\/americannutrition.es\/politica-de-privacidad","url":"https:\/\/americannutrition.es\/politica-de-privacidad","name":"Pol\u00edtica de privacidad - American Nutrition\u00ae Store","isPartOf":{"@id":"https:\/\/americannutrition.es\/#website"},"datePublished":"2024-04-26T10:23:51+00:00","dateModified":"2025-01-17T11:58:54+00:00","description":"Consulta nuestra Pol\u00edtica de privacidad para conocer c\u00f3mo protegemos tus datos personales. Descubre nuestra seguridad de la informaci\u00f3n.","breadcrumb":{"@id":"https:\/\/americannutrition.es\/politica-de-privacidad#breadcrumb"},"inLanguage":"fr-FR","potentialAction":[{"@type":"ReadAction","target":["https:\/\/americannutrition.es\/politica-de-privacidad"]}]},{"@type":"BreadcrumbList","@id":"https:\/\/americannutrition.es\/politica-de-privacidad#breadcrumb","itemListElement":[{"@type":"ListItem","position":1,"name":"Portada","item":"https:\/\/americannutrition.es\/"},{"@type":"ListItem","position":2,"name":"Pol\u00edtica de privacidad"}]},{"@type":"WebSite","@id":"https:\/\/americannutrition.es\/#website","url":"https:\/\/americannutrition.es\/","name":"Nutrition Am\u00e9ricaine\u00ae","description":"Compl\u00e9ments sportifs de haute qualit\u00e9 pour les athl\u00e8tes","publisher":{"@id":"https:\/\/americannutrition.es\/#organization"},"potentialAction":[{"@type":"SearchAction","target":{"@type":"EntryPoint","urlTemplate":"https:\/\/americannutrition.es\/?s={search_term_string}"},"query-input":{"@type":"PropertyValueSpecification","valueRequired":true,"valueName":"search_term_string"}}],"inLanguage":"fr-FR"},{"@type":"Organization","@id":"https:\/\/americannutrition.es\/#organization","name":"American Nutrition\u00ae| L\u00edderes en Suplementaci\u00f3n Deportiva","url":"https:\/\/americannutrition.es\/","logo":{"@type":"ImageObject","inLanguage":"fr-FR","@id":"https:\/\/americannutrition.es\/#\/schema\/logo\/image\/","url":"https:\/\/americannutrition.es\/wp-content\/uploads\/2024\/03\/cropped-logo-de-redes-sociales-13.png","contentUrl":"https:\/\/americannutrition.es\/wp-content\/uploads\/2024\/03\/cropped-logo-de-redes-sociales-13.png","width":512,"height":512,"caption":"American Nutrition\u00ae| L\u00edderes en Suplementaci\u00f3n Deportiva"},"image":{"@id":"https:\/\/americannutrition.es\/#\/schema\/logo\/image\/"},"sameAs":["https:\/\/www.facebook.com\/American.Nutrition\/","https:\/\/x.com\/americanutri","https:\/\/www.instagram.com\/an_americannutrition","https:\/\/www.youtube.com\/channel\/UCOAZZ7ab3mzYRmq5yQ-SlGw"]}]}},"jetpack_sharing_enabled":true,"_links":{"self":[{"href":"https:\/\/americannutrition.es\/fr\/wp-json\/wp\/v2\/pages\/4658","targetHints":{"allow":["GET"]}}],"collection":[{"href":"https:\/\/americannutrition.es\/fr\/wp-json\/wp\/v2\/pages"}],"about":[{"href":"https:\/\/americannutrition.es\/fr\/wp-json\/wp\/v2\/types\/page"}],"author":[{"embeddable":true,"href":"https:\/\/americannutrition.es\/fr\/wp-json\/wp\/v2\/users\/1"}],"replies":[{"embeddable":true,"href":"https:\/\/americannutrition.es\/fr\/wp-json\/wp\/v2\/comments?post=4658"}],"version-history":[{"count":31,"href":"https:\/\/americannutrition.es\/fr\/wp-json\/wp\/v2\/pages\/4658\/revisions"}],"predecessor-version":[{"id":6532,"href":"https:\/\/americannutrition.es\/fr\/wp-json\/wp\/v2\/pages\/4658\/revisions\/6532"}],"wp:attachment":[{"href":"https:\/\/americannutrition.es\/fr\/wp-json\/wp\/v2\/media?parent=4658"}],"curies":[{"name":"wp","href":"https:\/\/api.w.org\/{rel}","templated":true}]}}